{"id":78549,"date":"2024-04-09T15:05:16","date_gmt":"2024-04-09T15:05:16","guid":{"rendered":"https:\/\/skinstudio.ee\/?post_type=product&#038;p=78549"},"modified":"2026-02-13T15:28:16","modified_gmt":"2026-02-13T15:28:16","slug":"hyalogy-ac-clear-cream","status":"publish","type":"product","link":"https:\/\/skinstudio.ee\/lt\/catalog\/forlled\/hyalogy-ac-clear-cream\/","title":{"rendered":"Hyalogy AC Clear Cream"},"content":{"rendered":"<p data-start=\"6061\" data-end=\"6331\"><strong data-start=\"6061\" data-end=\"6099\">Hyalogy AC Clear Cream nuo Forlled<\/strong> \u2013 tai kremas, skirtas kasdienei riebios ir mi\u0161rios odos prie\u017ei\u016brai, \u012fskaitant jautri\u0105 ir \u012f u\u017edegimus linkusi\u0105 od\u0105. Jis mink\u0161tina od\u0105, palaiko optimal\u0173 dr\u0117gm\u0117s lyg\u012f ir padeda i\u0161laikyti sveik\u0105, pri\u017ei\u016br\u0117t\u0105 i\u0161vaizd\u0105 be sunkumo poj\u016b\u010dio.<\/p>\n<p data-start=\"6333\" data-end=\"6544\">Priemon\u0117 padeda palaikyti odos balans\u0105, kontroliuoja perteklin\u012f riebal\u0173 i\u0161siskyrim\u0105 ir u\u017etikrina gaiv\u0173, komforti\u0161k\u0105 poj\u016bt\u012f vis\u0105 dien\u0105. Kremas lengvai pasiskirsto, gerai susigeria ir tinka reguliariam naudojimui.<\/p>\n<p data-start=\"6546\" data-end=\"6751\">Nuolat naudojant oda atrodo lygesn\u0117, elastingesn\u0117 ir stangresn\u0117, tampa ma\u017eiau linkusi \u012f blizges\u012f ir diskomfort\u0105. Kremas puikiai \u012fsilieja \u012f kasdien\u0119 prie\u017ei\u016bros rutin\u0105 ir yra tinkamas ilgalaikiam naudojimui.<\/p>\n<p data-start=\"6753\" data-end=\"6901\"><strong data-start=\"6753\" data-end=\"6790\">Kam tinka Hyalogy AC Clear Cream:<\/strong> riebiai ir mi\u0161riai odai, \u012fskaitant jautri\u0105 od\u0105 ir od\u0105, linkusi\u0105 \u012f u\u017edegimus bei padid\u0117jusi\u0105 riebal\u0173 sekrecij\u0105.<\/p>\n<p data-start=\"6903\" data-end=\"6918\"><strong data-start=\"6903\" data-end=\"6913\">T\u016bris:<\/strong> 50 g<\/p>\n","protected":false},"excerpt":{"rendered":"<p data-start=\"7072\" data-end=\"7119\">Balansuojantis kremas riebiai ir mi\u0161riai odai<\/p>\n<h2 data-start=\"7121\" data-end=\"7165\"><strong data-start=\"7121\" data-end=\"7165\">Forlled &#8211; Hyalogy AC Clear Cream Savyb\u0117s<\/strong><\/h2>\n<p data-start=\"7167\" data-end=\"7386\">\u2714\ufe0f Padeda normalizuoti odos b\u016bkl\u0119 ir riebal\u0173 i\u0161siskyrim\u0105<br data-start=\"7223\" data-end=\"7226\" \/>\u2714\ufe0f Palaiko nat\u016brali\u0105 odos apsaug\u0105<br data-start=\"7259\" data-end=\"7262\" \/>\u2714\ufe0f Atkuria pusiausvyr\u0105 ir komfort\u0105<br data-start=\"7296\" data-end=\"7299\" \/>\u2714\ufe0f Gerina odos elastingum\u0105 ir stangrum\u0105<br data-start=\"7338\" data-end=\"7341\" \/>\u2714\ufe0f Suteikia odai gaiv\u0173 ir pri\u017ei\u016br\u0117t\u0105 vaizd\u0105<\/p>\n","protected":false},"featured_media":78550,"template":"","meta":[],"pwb-brand":[777],"product_brand":[],"product_cat":[738,746,748],"product_tag":[],"giftcard-category":[],"class_list":{"0":"post-78549","1":"product","2":"type-product","3":"status-publish","4":"has-post-thumbnail","6":"pwb-brand-forlled","7":"product_cat-drekinimas","8":"product_cat-jautriai-odai","9":"product_cat-taukainai-adai-lt","11":"first","12":"instock","13":"taxable","14":"shipping-taxable","15":"purchasable","16":"product-type-simple"},"acf":[],"brands":[{"id":777,"name":"Forlled","slug":"forlled"}],"_links":{"self":[{"href":"https:\/\/skinstudio.ee\/lt\/wp-json\/wp\/v2\/product\/78549","targetHints":{"allow":["GET"]}}],"collection":[{"href":"https:\/\/skinstudio.ee\/lt\/wp-json\/wp\/v2\/product"}],"about":[{"href":"https:\/\/skinstudio.ee\/lt\/wp-json\/wp\/v2\/types\/product"}],"version-history":[{"count":1,"href":"https:\/\/skinstudio.ee\/lt\/wp-json\/wp\/v2\/product\/78549\/revisions"}],"predecessor-version":[{"id":78551,"href":"https:\/\/skinstudio.ee\/lt\/wp-json\/wp\/v2\/product\/78549\/revisions\/78551"}],"wp:featuredmedia":[{"embeddable":true,"href":"https:\/\/skinstudio.ee\/lt\/wp-json\/wp\/v2\/media\/78550"}],"wp:attachment":[{"href":"https:\/\/skinstudio.ee\/lt\/wp-json\/wp\/v2\/media?parent=78549"}],"wp:term":[{"taxonomy":"pwb-brand","embeddable":true,"href":"https:\/\/skinstudio.ee\/lt\/wp-json\/wp\/v2\/pwb-brand?post=78549"},{"taxonomy":"product_brand","embeddable":true,"href":"https:\/\/skinstudio.ee\/lt\/wp-json\/wp\/v2\/product_brand?post=78549"},{"taxonomy":"product_cat","embeddable":true,"href":"https:\/\/skinstudio.ee\/lt\/wp-json\/wp\/v2\/product_cat?post=78549"},{"taxonomy":"product_tag","embeddable":true,"href":"https:\/\/skinstudio.ee\/lt\/wp-json\/wp\/v2\/product_tag?post=78549"},{"taxonomy":"giftcard-category","embeddable":true,"href":"https:\/\/skinstudio.ee\/lt\/wp-json\/wp\/v2\/giftcard-category?post=78549"}],"curies":[{"name":"wp","href":"https:\/\/api.w.org\/{rel}","templated":true}]}}