{"id":78559,"date":"2024-04-09T14:25:40","date_gmt":"2024-04-09T14:25:40","guid":{"rendered":"https:\/\/skinstudio.ee\/?post_type=product&#038;p=78559"},"modified":"2026-02-13T15:28:18","modified_gmt":"2026-02-13T15:28:18","slug":"hyalogy-bw-concentrate","status":"publish","type":"product","link":"https:\/\/skinstudio.ee\/lt\/catalog\/forlled\/hyalogy-bw-concentrate\/","title":{"rendered":"Hyalogy BW Concentrate"},"content":{"rendered":"<p data-start=\"4765\" data-end=\"5011\"><strong data-start=\"4765\" data-end=\"4803\">Hyalogy BW Concentrate nuo Forlled<\/strong> \u2013 tai od\u0105 \u0161viesinantis serumas, skirtas netolygaus tono ir pigmentacijos po\u017eymi\u0173 turin\u010dios odos prie\u017ei\u016brai. Priemon\u0117 padeda pagerinti odos skaistum\u0105, suteikdama jai \u0161viesesn\u0119, lygesn\u0119 ir pri\u017ei\u016br\u0117t\u0105 i\u0161vaizd\u0105.<\/p>\n<p data-start=\"5013\" data-end=\"5233\">Serumas padeda vizualiai suma\u017einti pigmentuot\u0173 viet\u0173 matomum\u0105 ir palaikyti tolygesn\u012f odos ton\u0105. Reguliariai naudojant oda atrodo gaivesn\u0117, \u0161varesn\u0117 ir labiau subalansuota, o pigmentacijos po\u017eymiai tampa ma\u017eiau pastebimi.<\/p>\n<p data-start=\"5235\" data-end=\"5521\">Lengva tekst\u016bra tolygiai pasiskirsto ir greitai susigeria, tod\u0117l serumas tinka kasdieniam naudojimui. Naudojant \u0161viesinan\u010dias priemones, svarbu jas derinti su nuolatiniu dr\u0117kinimu ir privaloma dienine UV apsauga, kad b\u016bt\u0173 palaikoma stabili odos b\u016bkl\u0117 ir sustiprintas matomas rezultatas.<\/p>\n<p data-start=\"5523\" data-end=\"5653\"><strong data-start=\"5523\" data-end=\"5560\">Kam tinka Hyalogy BW Concentrate:<\/strong> visiems odos tipams, \u012fskaitant od\u0105 su pigmentacija, netolygiu tonu ir papilk\u0117jusia i\u0161vaizda.<\/p>\n<p data-start=\"5655\" data-end=\"5671\"><strong data-start=\"5655\" data-end=\"5665\">T\u016bris:<\/strong> 15 ml<\/p>\n","protected":false},"excerpt":{"rendered":"<p data-start=\"5896\" data-end=\"5918\">\u0160viesinantis serumas<\/p>\n<h2 data-start=\"5920\" data-end=\"5964\"><strong data-start=\"5920\" data-end=\"5964\">Forlled &#8211; Hyalogy BW Concentrate Savyb\u0117s<\/strong><\/h2>\n<p data-start=\"5966\" data-end=\"6193\">\u2714\ufe0f Vizualiai \u0161viesina pigmentuotas vietas<br data-start=\"6007\" data-end=\"6010\" \/>\u2714\ufe0f Padeda u\u017ekirsti keli\u0105 naujos pigmentacijos atsiradimui<br data-start=\"6067\" data-end=\"6070\" \/>\u2714\ufe0f Pagerina odos ton\u0105 ir skaistum\u0105<br data-start=\"6104\" data-end=\"6107\" \/>\u2714\ufe0f Palaiko optimal\u0173 odos dr\u0117gm\u0117s balans\u0105<br data-start=\"6147\" data-end=\"6150\" \/>\u2714\ufe0f Suteikia odai gaiv\u0173 ir \u0161vytint\u012f vaizd\u0105<\/p>\n","protected":false},"featured_media":64532,"template":"","meta":[],"pwb-brand":[777],"product_brand":[],"product_cat":[752,724],"product_tag":[],"giftcard-category":[],"class_list":{"0":"post-78559","1":"product","2":"type-product","3":"status-publish","4":"has-post-thumbnail","6":"pwb-brand-forlled","7":"product_cat-pigmentacija-lt","8":"product_cat-serumai","10":"first","11":"instock","12":"taxable","13":"shipping-taxable","14":"purchasable","15":"product-type-simple"},"acf":[],"brands":[{"id":777,"name":"Forlled","slug":"forlled"}],"_links":{"self":[{"href":"https:\/\/skinstudio.ee\/lt\/wp-json\/wp\/v2\/product\/78559","targetHints":{"allow":["GET"]}}],"collection":[{"href":"https:\/\/skinstudio.ee\/lt\/wp-json\/wp\/v2\/product"}],"about":[{"href":"https:\/\/skinstudio.ee\/lt\/wp-json\/wp\/v2\/types\/product"}],"version-history":[{"count":1,"href":"https:\/\/skinstudio.ee\/lt\/wp-json\/wp\/v2\/product\/78559\/revisions"}],"predecessor-version":[{"id":78561,"href":"https:\/\/skinstudio.ee\/lt\/wp-json\/wp\/v2\/product\/78559\/revisions\/78561"}],"wp:featuredmedia":[{"embeddable":true,"href":"https:\/\/skinstudio.ee\/lt\/wp-json\/wp\/v2\/media\/64532"}],"wp:attachment":[{"href":"https:\/\/skinstudio.ee\/lt\/wp-json\/wp\/v2\/media?parent=78559"}],"wp:term":[{"taxonomy":"pwb-brand","embeddable":true,"href":"https:\/\/skinstudio.ee\/lt\/wp-json\/wp\/v2\/pwb-brand?post=78559"},{"taxonomy":"product_brand","embeddable":true,"href":"https:\/\/skinstudio.ee\/lt\/wp-json\/wp\/v2\/product_brand?post=78559"},{"taxonomy":"product_cat","embeddable":true,"href":"https:\/\/skinstudio.ee\/lt\/wp-json\/wp\/v2\/product_cat?post=78559"},{"taxonomy":"product_tag","embeddable":true,"href":"https:\/\/skinstudio.ee\/lt\/wp-json\/wp\/v2\/product_tag?post=78559"},{"taxonomy":"giftcard-category","embeddable":true,"href":"https:\/\/skinstudio.ee\/lt\/wp-json\/wp\/v2\/giftcard-category?post=78559"}],"curies":[{"name":"wp","href":"https:\/\/api.w.org\/{rel}","templated":true}]}}