{"id":78569,"date":"2024-04-09T13:38:06","date_gmt":"2024-04-09T13:38:06","guid":{"rendered":"https:\/\/skinstudio.ee\/?post_type=product&#038;p=78569"},"modified":"2026-02-13T15:28:36","modified_gmt":"2026-02-13T15:28:36","slug":"hyalogy-retimoist-essence","status":"publish","type":"product","link":"https:\/\/skinstudio.ee\/lt\/catalog\/forlled\/hyalogy-retimoist-essence\/","title":{"rendered":"Hyalogy RetiMoist Essence"},"content":{"rendered":"<p data-start=\"6600\" data-end=\"6850\"><strong data-start=\"6600\" data-end=\"6641\">Hyalogy RetiMoist Essence nuo Forlled<\/strong> \u2013 tai naktinis serumas, skirtas intensyviai brand\u017eios odos prie\u017ei\u016brai ir atsinaujinimui. Priemon\u0117 padeda pagerinti odos tekst\u016br\u0105, suma\u017einti rauk\u0161li\u0173 matomum\u0105 ir palaikyti stangresn\u0119, pri\u017ei\u016br\u0117t\u0105 odos i\u0161vaizd\u0105.<\/p>\n<p data-start=\"6852\" data-end=\"7021\">Serumas padeda i\u0161lyginti odos pavir\u0161i\u0173, palaiko elastingum\u0105 ir suteikia pastebim\u0105 stangrinam\u0105j\u012f efekt\u0105. Reguliariai naudojant oda atrodo gaivesn\u0117, \u0161velnesn\u0117 ir jaunesn\u0117.<\/p>\n<p data-start=\"7023\" data-end=\"7258\">Lengva tekst\u016bra greitai susigeria ir yra patogi naudoti vakarin\u0117je rutinoje. Serumas rekomenduojamas vyresnei nei 45 met\u0173 odai, ta\u010diau prireikus gali b\u016bti trumpalaikiai naudojamas ir jaunesnei odai intensyviam atnaujinan\u010diam poveikiui.<\/p>\n<p data-start=\"7260\" data-end=\"7357\">Produktas skirtas naudoti kursu, kurio minimali trukm\u0117 &#8211; du m\u0117nesiai, atsi\u017evelgiant \u012f odos b\u016bkl\u0119.<\/p>\n<p data-start=\"7359\" data-end=\"7495\"><strong data-start=\"7359\" data-end=\"7399\">Kam tinka Hyalogy RetiMoist Essence:<\/strong> brand\u017eiai odai su ry\u0161kiais sen\u0117jimo po\u017eymiais, suma\u017e\u0117jusiu elastingumu ir netolygiu pavir\u0161iumi.<\/p>\n<p data-start=\"7497\" data-end=\"7513\"><strong data-start=\"7497\" data-end=\"7507\">T\u016bris:<\/strong> 30 ml<\/p>\n","protected":false},"excerpt":{"rendered":"<p data-start=\"7765\" data-end=\"7796\">Naktinis serumas su retinoliu<\/p>\n<h2 data-start=\"7798\" data-end=\"7845\"><strong data-start=\"7798\" data-end=\"7845\">Forlled &#8211; Hyalogy RetiMoist Essence Savyb\u0117s<\/strong><\/h2>\n<p data-start=\"7847\" data-end=\"8064\">\u2714\ufe0f Pastebimai ma\u017eina rauk\u0161li\u0173 matomum\u0105<br data-start=\"7885\" data-end=\"7888\" \/>\u2714\ufe0f Gerina odos elastingum\u0105 ir stangrum\u0105<br data-start=\"7927\" data-end=\"7930\" \/>\u2714\ufe0f Pagerina odos tekst\u016br\u0105 ir i\u0161vaizd\u0105<br data-start=\"7967\" data-end=\"7970\" \/>\u2714\ufe0f Skatina odos atsinaujinim\u0105 nakties metu<br data-start=\"8012\" data-end=\"8015\" \/>\u2714\ufe0f Suteikia odai glotnesn\u012f ir pri\u017ei\u016br\u0117t\u0105 vaizd\u0105<\/p>\n","protected":false},"featured_media":64537,"template":"","meta":[],"pwb-brand":[777],"product_brand":[],"product_cat":[724,728],"product_tag":[],"giftcard-category":[],"class_list":{"0":"post-78569","1":"product","2":"type-product","3":"status-publish","4":"has-post-thumbnail","6":"pwb-brand-forlled","7":"product_cat-serumai","8":"product_cat-vitaminas-a-retinolis","10":"first","11":"instock","12":"sale","13":"taxable","14":"shipping-taxable","15":"purchasable","16":"product-type-simple"},"acf":[],"brands":[{"id":777,"name":"Forlled","slug":"forlled"}],"_links":{"self":[{"href":"https:\/\/skinstudio.ee\/lt\/wp-json\/wp\/v2\/product\/78569","targetHints":{"allow":["GET"]}}],"collection":[{"href":"https:\/\/skinstudio.ee\/lt\/wp-json\/wp\/v2\/product"}],"about":[{"href":"https:\/\/skinstudio.ee\/lt\/wp-json\/wp\/v2\/types\/product"}],"version-history":[{"count":1,"href":"https:\/\/skinstudio.ee\/lt\/wp-json\/wp\/v2\/product\/78569\/revisions"}],"predecessor-version":[{"id":78571,"href":"https:\/\/skinstudio.ee\/lt\/wp-json\/wp\/v2\/product\/78569\/revisions\/78571"}],"wp:featuredmedia":[{"embeddable":true,"href":"https:\/\/skinstudio.ee\/lt\/wp-json\/wp\/v2\/media\/64537"}],"wp:attachment":[{"href":"https:\/\/skinstudio.ee\/lt\/wp-json\/wp\/v2\/media?parent=78569"}],"wp:term":[{"taxonomy":"pwb-brand","embeddable":true,"href":"https:\/\/skinstudio.ee\/lt\/wp-json\/wp\/v2\/pwb-brand?post=78569"},{"taxonomy":"product_brand","embeddable":true,"href":"https:\/\/skinstudio.ee\/lt\/wp-json\/wp\/v2\/product_brand?post=78569"},{"taxonomy":"product_cat","embeddable":true,"href":"https:\/\/skinstudio.ee\/lt\/wp-json\/wp\/v2\/product_cat?post=78569"},{"taxonomy":"product_tag","embeddable":true,"href":"https:\/\/skinstudio.ee\/lt\/wp-json\/wp\/v2\/product_tag?post=78569"},{"taxonomy":"giftcard-category","embeddable":true,"href":"https:\/\/skinstudio.ee\/lt\/wp-json\/wp\/v2\/giftcard-category?post=78569"}],"curies":[{"name":"wp","href":"https:\/\/api.w.org\/{rel}","templated":true}]}}