{"id":78580,"date":"2024-04-06T11:40:41","date_gmt":"2024-04-06T11:40:41","guid":{"rendered":"https:\/\/skinstudio.ee\/?post_type=product&#038;p=78580"},"modified":"2026-02-13T15:28:22","modified_gmt":"2026-02-13T15:28:22","slug":"hyalogy-eye-moistlift","status":"publish","type":"product","link":"https:\/\/skinstudio.ee\/lt\/catalog\/forlled\/hyalogy-eye-moistlift\/","title":{"rendered":"Hyalogy Eye Moistlift"},"content":{"rendered":"<p data-start=\"2027\" data-end=\"2330\"><strong data-start=\"2027\" data-end=\"2064\">Hyalogy Eye Moistlift nuo Forlled<\/strong> \u2013 tai lengvas, \u0161velnus ir greitai susigeriantis serumas aki\u0173 zonos odai, pasi\u017eymintis ry\u0161kiu stangrinamuoju ir dr\u0117kinamuoju poveikiu. Priemon\u0117 skirta aktyviai koreguoti su am\u017eiumi susijusius poky\u010dius periorbitin\u0117je srityje ir gerinti bendr\u0105 odos aplink akis kokyb\u0119.<\/p>\n<p data-start=\"2332\" data-end=\"2616\">Serumas padeda suma\u017einti rauk\u0161li\u0173 gyl\u012f ir matomum\u0105, \u012fskaitant mimikos rauk\u0161les ir \u201e\u017e\u0105s\u0173 p\u0117dutes\u201c. Reguliariai naudojant oda aplink akis tampa lygesn\u0117, tankesn\u0117 ir stangresn\u0117, pastebimai ger\u0117ja jos tonas ir tekst\u016bra. D\u0117l stangrinamojo poveikio \u017evilgsnis atrodo atviresnis ir gaivesnis.<\/p>\n<p data-start=\"2618\" data-end=\"2859\">Serumas padeda suvienodinti vok\u0173 odos ton\u0105, suteikdamas jai \u0161viesesn\u0119 ir tolygesn\u0119 i\u0161vaizd\u0105. Formul\u0117 u\u017etikrina antioksidacin\u0119 apsaug\u0105 ir palaiko odos apsaugines funkcijas, pad\u0117dama apsaugoti jautri\u0105 aki\u0173 zon\u0105 nuo agresyvi\u0173 i\u0161orini\u0173 veiksni\u0173.<\/p>\n<p data-start=\"2861\" data-end=\"3051\">Priemon\u0119 galima naudoti tiek kasdien\u0117je nam\u0173 prie\u017ei\u016broje, tiek atsistatymo laikotarpiu po blefaroplastikos, \u012fskaitant chirurgines ir nechirurgines proced\u016bras (pvz., atliktas plazmos metodu).<\/p>\n<p data-start=\"3053\" data-end=\"3238\"><strong data-start=\"3053\" data-end=\"3089\">Kam tinka Hyalogy Eye Moistlift:<\/strong> aki\u0173 zonos odai su matomais sen\u0117jimo po\u017eymiais, suma\u017e\u0117jusiu elastingumu, rauk\u0161l\u0117mis ir netolygiu tonu, taip pat odai proced\u016br\u0173 atk\u016brimo laikotarpiu.<\/p>\n<p data-start=\"3240\" data-end=\"3256\"><strong data-start=\"3240\" data-end=\"3250\">T\u016bris:<\/strong> 10 ml<\/p>\n","protected":false},"excerpt":{"rendered":"<p data-start=\"3593\" data-end=\"3628\">Stangrinamasis serumas aki\u0173 zonai<\/p>\n<h2 data-start=\"3630\" data-end=\"3673\"><strong data-start=\"3630\" data-end=\"3673\">Forlled &#8211; Hyalogy Eye Moistlift Savyb\u0117s<\/strong><\/h2>\n<p data-start=\"3675\" data-end=\"3866\">\u2714\ufe0f Ma\u017eina mimikos rauk\u0161li\u0173 gyl\u012f<br data-start=\"3706\" data-end=\"3709\" \/>\u2714\ufe0f Suma\u017eina \u201e\u017e\u0105s\u0173 p\u0117du\u010di\u0173\u201c matomum\u0105<br data-start=\"3744\" data-end=\"3747\" \/>\u2714\ufe0f Gerina vok\u0173 odos elastingum\u0105<br data-start=\"3778\" data-end=\"3781\" \/>\u2714\ufe0f Suteikia pastebim\u0105 stangrinam\u0105j\u012f efekt\u0105<br data-start=\"3823\" data-end=\"3826\" \/>\u2714\ufe0f Intensyviai dr\u0117kina od\u0105 aplink akis<\/p>\n","protected":false},"featured_media":64661,"template":"","meta":[],"pwb-brand":[777],"product_brand":[],"product_cat":[734],"product_tag":[],"giftcard-category":[],"class_list":{"0":"post-78580","1":"product","2":"type-product","3":"status-publish","4":"has-post-thumbnail","6":"pwb-brand-forlled","7":"product_cat-oda-aplink-akis","9":"first","10":"instock","11":"taxable","12":"shipping-taxable","13":"purchasable","14":"product-type-simple"},"acf":[],"brands":[{"id":777,"name":"Forlled","slug":"forlled"}],"_links":{"self":[{"href":"https:\/\/skinstudio.ee\/lt\/wp-json\/wp\/v2\/product\/78580","targetHints":{"allow":["GET"]}}],"collection":[{"href":"https:\/\/skinstudio.ee\/lt\/wp-json\/wp\/v2\/product"}],"about":[{"href":"https:\/\/skinstudio.ee\/lt\/wp-json\/wp\/v2\/types\/product"}],"version-history":[{"count":1,"href":"https:\/\/skinstudio.ee\/lt\/wp-json\/wp\/v2\/product\/78580\/revisions"}],"predecessor-version":[{"id":78583,"href":"https:\/\/skinstudio.ee\/lt\/wp-json\/wp\/v2\/product\/78580\/revisions\/78583"}],"wp:featuredmedia":[{"embeddable":true,"href":"https:\/\/skinstudio.ee\/lt\/wp-json\/wp\/v2\/media\/64661"}],"wp:attachment":[{"href":"https:\/\/skinstudio.ee\/lt\/wp-json\/wp\/v2\/media?parent=78580"}],"wp:term":[{"taxonomy":"pwb-brand","embeddable":true,"href":"https:\/\/skinstudio.ee\/lt\/wp-json\/wp\/v2\/pwb-brand?post=78580"},{"taxonomy":"product_brand","embeddable":true,"href":"https:\/\/skinstudio.ee\/lt\/wp-json\/wp\/v2\/product_brand?post=78580"},{"taxonomy":"product_cat","embeddable":true,"href":"https:\/\/skinstudio.ee\/lt\/wp-json\/wp\/v2\/product_cat?post=78580"},{"taxonomy":"product_tag","embeddable":true,"href":"https:\/\/skinstudio.ee\/lt\/wp-json\/wp\/v2\/product_tag?post=78580"},{"taxonomy":"giftcard-category","embeddable":true,"href":"https:\/\/skinstudio.ee\/lt\/wp-json\/wp\/v2\/giftcard-category?post=78580"}],"curies":[{"name":"wp","href":"https:\/\/api.w.org\/{rel}","templated":true}]}}