{"id":78627,"date":"2024-04-06T10:32:58","date_gmt":"2024-04-06T10:32:58","guid":{"rendered":"https:\/\/skinstudio.ee\/?post_type=product&#038;p=78627"},"modified":"2026-02-13T15:28:16","modified_gmt":"2026-02-13T15:28:16","slug":"hyalogy-ac-clear-essence","status":"publish","type":"product","link":"https:\/\/skinstudio.ee\/lt\/catalog\/forlled\/hyalogy-ac-clear-essence\/","title":{"rendered":"Hyalogy AC Clear Essence"},"content":{"rendered":"<p data-start=\"4436\" data-end=\"4732\"><strong data-start=\"4436\" data-end=\"4476\">Hyalogy AC Clear Essence nuo Forlled<\/strong> \u2013 tai serumas, pasi\u017eymintis ry\u0161kiu prie\u0161u\u017edegiminiu ir raminamuoju poveikiu, skirtas u\u017edegimams ir padid\u0117jusiai riebal\u0173 sekrecijai linkusios odos prie\u017ei\u016brai. Priemon\u0117 padeda suma\u017einti odos reaktyvum\u0105 ir palaikyti stabilesn\u0119, labiau subalansuot\u0105 jos b\u016bkl\u0119.<\/p>\n<p data-start=\"4734\" data-end=\"4940\">Serumas padeda suma\u017einti perteklin\u012f riebal\u0173 i\u0161siskyrim\u0105, dr\u0117kina od\u0105 epidermio ir dermos lygiu bei spartina audini\u0173 regeneracijos procesus. Reguliariai naudojant oda tampa ramesn\u0117, lygesn\u0117 ir pri\u017ei\u016br\u0117tesn\u0117.<\/p>\n<p data-start=\"4942\" data-end=\"5222\">Formul\u0117 skirta u\u017ekirsti keli\u0105 u\u017edegimini\u0173 element\u0173 atsiradimui ir slopinti patogenin\u0117s mikrofloros vystym\u0105si odos pavir\u0161iuje. Serumas lengvai integruojamas \u012f kasdien\u0119 odos prie\u017ei\u016bros rutin\u0105 ir gali b\u016bti naudojamas kaip palaikomasis etapas akn\u0117s ir postakn\u0117s korekcijos programose.<\/p>\n<p data-start=\"5224\" data-end=\"5368\"><strong data-start=\"5224\" data-end=\"5263\">Kam tinka Hyalogy AC Clear Essence:<\/strong> riebiai ir mi\u0161riai odai, linkusiai \u012f u\u017edegimus, padid\u0117jusi\u0105 riebal\u0173 sekrecij\u0105 ir mikrobiomos disbalans\u0105.<\/p>\n<p data-start=\"5370\" data-end=\"5386\"><strong data-start=\"5370\" data-end=\"5380\">T\u016bris:<\/strong> 30 ml<\/p>\n","protected":false},"excerpt":{"rendered":"<p data-start=\"5452\" data-end=\"5478\">Prie\u0161u\u017edegiminis serumas<\/p>\n<h2 data-start=\"5480\" data-end=\"5526\"><strong data-start=\"5480\" data-end=\"5526\">Forlled &#8211; Hyalogy AC Clear Essence Savyb\u0117s<\/strong><\/h2>\n<p data-start=\"5528\" data-end=\"5767\">\u2714\ufe0f Slopina u\u017edegimini\u0173 element\u0173 vystym\u0105si<br data-start=\"5569\" data-end=\"5572\" \/>\u2714\ufe0f U\u017etikrina ilgalaik\u0119 antibakterin\u0119 apsaug\u0105<br data-start=\"5616\" data-end=\"5619\" \/>\u2714\ufe0f Normalizuoja riebal\u0173 i\u0161siskyrim\u0105 ir j\u0173 kokyb\u0119<br data-start=\"5667\" data-end=\"5670\" \/>\u2714\ufe0f Kontroliuoja nat\u016brali\u0105 odos mikroflor\u0105<br data-start=\"5711\" data-end=\"5714\" \/>\u2714\ufe0f Skatina odos regeneracij\u0105 ir ma\u017eina rand\u0173 rizik\u0105<\/p>\n","protected":false},"featured_media":78628,"template":"","meta":[],"pwb-brand":[777],"product_brand":[],"product_cat":[742,724,748],"product_tag":[],"giftcard-category":[],"class_list":{"0":"post-78627","1":"product","2":"type-product","3":"status-publish","4":"has-post-thumbnail","6":"pwb-brand-forlled","7":"product_cat-berimai","8":"product_cat-serumai","9":"product_cat-taukainai-adai-lt","11":"first","12":"instock","13":"taxable","14":"shipping-taxable","15":"purchasable","16":"product-type-simple"},"acf":[],"brands":[{"id":777,"name":"Forlled","slug":"forlled"}],"_links":{"self":[{"href":"https:\/\/skinstudio.ee\/lt\/wp-json\/wp\/v2\/product\/78627","targetHints":{"allow":["GET"]}}],"collection":[{"href":"https:\/\/skinstudio.ee\/lt\/wp-json\/wp\/v2\/product"}],"about":[{"href":"https:\/\/skinstudio.ee\/lt\/wp-json\/wp\/v2\/types\/product"}],"version-history":[{"count":1,"href":"https:\/\/skinstudio.ee\/lt\/wp-json\/wp\/v2\/product\/78627\/revisions"}],"predecessor-version":[{"id":78629,"href":"https:\/\/skinstudio.ee\/lt\/wp-json\/wp\/v2\/product\/78627\/revisions\/78629"}],"wp:featuredmedia":[{"embeddable":true,"href":"https:\/\/skinstudio.ee\/lt\/wp-json\/wp\/v2\/media\/78628"}],"wp:attachment":[{"href":"https:\/\/skinstudio.ee\/lt\/wp-json\/wp\/v2\/media?parent=78627"}],"wp:term":[{"taxonomy":"pwb-brand","embeddable":true,"href":"https:\/\/skinstudio.ee\/lt\/wp-json\/wp\/v2\/pwb-brand?post=78627"},{"taxonomy":"product_brand","embeddable":true,"href":"https:\/\/skinstudio.ee\/lt\/wp-json\/wp\/v2\/product_brand?post=78627"},{"taxonomy":"product_cat","embeddable":true,"href":"https:\/\/skinstudio.ee\/lt\/wp-json\/wp\/v2\/product_cat?post=78627"},{"taxonomy":"product_tag","embeddable":true,"href":"https:\/\/skinstudio.ee\/lt\/wp-json\/wp\/v2\/product_tag?post=78627"},{"taxonomy":"giftcard-category","embeddable":true,"href":"https:\/\/skinstudio.ee\/lt\/wp-json\/wp\/v2\/giftcard-category?post=78627"}],"curies":[{"name":"wp","href":"https:\/\/api.w.org\/{rel}","templated":true}]}}