{"id":78636,"date":"2024-04-06T09:44:14","date_gmt":"2024-04-06T09:44:14","guid":{"rendered":"https:\/\/skinstudio.ee\/?post_type=product&#038;p=78636"},"modified":"2026-02-13T15:28:23","modified_gmt":"2026-02-13T15:28:23","slug":"hyalogy-female-hormone-essence","status":"publish","type":"product","link":"https:\/\/skinstudio.ee\/lt\/catalog\/forlled\/hyalogy-female-hormone-essence\/","title":{"rendered":"Hyalogy Female Hormone Essence"},"content":{"rendered":"<p data-start=\"6274\" data-end=\"6575\"><strong data-start=\"6274\" data-end=\"6320\">Hyalogy Female Hormone Essence nuo Forlled<\/strong> \u2013 tai brand\u017eiai odai skirtas sen\u0117jim\u0105 koreguojantis serumas, skirtas su am\u017eiumi susijusi\u0173 poky\u010di\u0173 korekcijai ir chronologinio sen\u0117jimo prevencijai l\u0105steli\u0173 lygiu. Priemon\u0117 sukurta atsi\u017evelgiant \u012f specifinius odos poreikius hormonini\u0173 poky\u010di\u0173 laikotarpiu.<\/p>\n<p data-start=\"6577\" data-end=\"6826\">Serumas padeda suma\u017einti rauk\u0161li\u0173 ry\u0161kum\u0105, gerina odos tank\u012f ir stangrum\u0105, aktyvina med\u017eiag\u0173 apykaitos procesus ir mikrocirkuliacij\u0105. Reguliariai naudojant ger\u0117ja epidermio strukt\u016bra, oda tampa stangresn\u0117, lygesn\u0117 ir atsparesn\u0117 oksidaciniam stresui.<\/p>\n<p data-start=\"6828\" data-end=\"7090\">Priemon\u0117 visi\u0161kai atitinka brand\u017eios odos poreikius, susijusius su suma\u017e\u0117jusiu regeneraciniu potencialu ir odos kokyb\u0117s poky\u010diais. Serumas gali b\u016bti naudojamas kaip savaranki\u0161ka sen\u0117jim\u0105 koreguojanti priemon\u0117, taip pat programose prie\u0161 ir po estetini\u0173 proced\u016br\u0173.<\/p>\n<p data-start=\"7092\" data-end=\"7257\">Produktas rekomenduojamas reguliariai sausos, normalios ir mi\u0161rios odos prie\u017ei\u016brai nuo 40 met\u0173. Nerekomenduojamas labai riebiai odai ir odai su aktyviais u\u017edegimais.<\/p>\n<p data-start=\"7259\" data-end=\"7499\"><strong data-start=\"7259\" data-end=\"7304\">Kam tinka Hyalogy Female Hormone Essence:<\/strong> brand\u017eiai odai su ry\u0161kiais sen\u0117jimo po\u017eymiais, suma\u017e\u0117jusiu elastingumu ir stangrumu, gil\u0117jan\u010diomis am\u017eiaus rauk\u0161l\u0117mis, kuperoze ir paraudimu, taip pat naudojimui prie\u0161 ir po estetini\u0173 proced\u016br\u0173.<\/p>\n<p data-start=\"7501\" data-end=\"7517\"><strong data-start=\"7501\" data-end=\"7511\">T\u016bris:<\/strong> 30 ml<\/p>\n","protected":false},"excerpt":{"rendered":"<p data-start=\"7815\" data-end=\"7862\">Sen\u0117jim\u0105 koreguojantis serumas brand\u017eiai odai<\/p>\n<h2 data-start=\"7864\" data-end=\"7916\"><strong data-start=\"7864\" data-end=\"7916\">Forlled &#8211; Hyalogy Female Hormone Essence Savyb\u0117s<\/strong><\/h2>\n<p data-start=\"7918\" data-end=\"8133\">\u2714\ufe0f U\u017etikrina ry\u0161k\u0173 sen\u0117jim\u0105 koreguojant\u012f poveik\u012f<br data-start=\"7966\" data-end=\"7969\" \/>\u2714\ufe0f Ma\u017eina rauk\u0161li\u0173 gyl\u012f ir matomum\u0105<br data-start=\"8004\" data-end=\"8007\" \/>\u2714\ufe0f Skatina l\u0105steli\u0173 regeneracij\u0105<br data-start=\"8039\" data-end=\"8042\" \/>\u2714\ufe0f Stiprina antioksidacin\u0119 apsaug\u0105<br data-start=\"8076\" data-end=\"8079\" \/>\u2714\ufe0f Stiprina kraujagysli\u0173 sieneles ir ma\u017eina kuperoz\u0119<\/p>\n","protected":false},"featured_media":78637,"template":"","meta":[],"pwb-brand":[777],"product_brand":[],"product_cat":[750,724],"product_tag":[],"giftcard-category":[],"class_list":{"0":"post-78636","1":"product","2":"type-product","3":"status-publish","4":"has-post-thumbnail","6":"pwb-brand-forlled","7":"product_cat-senstanti-oda","8":"product_cat-serumai","10":"first","11":"instock","12":"taxable","13":"shipping-taxable","14":"purchasable","15":"product-type-simple"},"acf":[],"brands":[{"id":777,"name":"Forlled","slug":"forlled"}],"_links":{"self":[{"href":"https:\/\/skinstudio.ee\/lt\/wp-json\/wp\/v2\/product\/78636","targetHints":{"allow":["GET"]}}],"collection":[{"href":"https:\/\/skinstudio.ee\/lt\/wp-json\/wp\/v2\/product"}],"about":[{"href":"https:\/\/skinstudio.ee\/lt\/wp-json\/wp\/v2\/types\/product"}],"version-history":[{"count":1,"href":"https:\/\/skinstudio.ee\/lt\/wp-json\/wp\/v2\/product\/78636\/revisions"}],"predecessor-version":[{"id":78638,"href":"https:\/\/skinstudio.ee\/lt\/wp-json\/wp\/v2\/product\/78636\/revisions\/78638"}],"wp:featuredmedia":[{"embeddable":true,"href":"https:\/\/skinstudio.ee\/lt\/wp-json\/wp\/v2\/media\/78637"}],"wp:attachment":[{"href":"https:\/\/skinstudio.ee\/lt\/wp-json\/wp\/v2\/media?parent=78636"}],"wp:term":[{"taxonomy":"pwb-brand","embeddable":true,"href":"https:\/\/skinstudio.ee\/lt\/wp-json\/wp\/v2\/pwb-brand?post=78636"},{"taxonomy":"product_brand","embeddable":true,"href":"https:\/\/skinstudio.ee\/lt\/wp-json\/wp\/v2\/product_brand?post=78636"},{"taxonomy":"product_cat","embeddable":true,"href":"https:\/\/skinstudio.ee\/lt\/wp-json\/wp\/v2\/product_cat?post=78636"},{"taxonomy":"product_tag","embeddable":true,"href":"https:\/\/skinstudio.ee\/lt\/wp-json\/wp\/v2\/product_tag?post=78636"},{"taxonomy":"giftcard-category","embeddable":true,"href":"https:\/\/skinstudio.ee\/lt\/wp-json\/wp\/v2\/giftcard-category?post=78636"}],"curies":[{"name":"wp","href":"https:\/\/api.w.org\/{rel}","templated":true}]}}