{"id":78645,"date":"2024-04-04T11:26:52","date_gmt":"2024-04-04T11:26:52","guid":{"rendered":"https:\/\/skinstudio.ee\/?post_type=product&#038;p=78645"},"modified":"2026-02-13T15:28:32","modified_gmt":"2026-02-13T15:28:32","slug":"hyalogy-platinum-face-cream","status":"publish","type":"product","link":"https:\/\/skinstudio.ee\/lt\/catalog\/forlled\/hyalogy-platinum-face-cream\/","title":{"rendered":"Hyalogy Platinum Face Cream"},"content":{"rendered":"<p data-start=\"6167\" data-end=\"6470\"><strong data-start=\"6167\" data-end=\"6202\">Platinum Face Cream nuo Forlled<\/strong> \u2013 tai antioksidacinis veido kremas su ma\u017eos molekulin\u0117s mas\u0117s jonizuota platina, sukurtas naudojant nanotechnologijas, siekiant veikti pagrindinius odos sen\u0117jimo mechanizmus. D\u0117l itin ma\u017eo aktyvi\u0173j\u0173 daleli\u0173 dyd\u017eio priemon\u0117 efektyviai veikia gilesnius odos sluoksnius.<\/p>\n<p data-start=\"6472\" data-end=\"6777\">Hyalogy Platinum komplekse naudojamos platinos daleli\u0173 dydis siekia apie 0,2 nanometro, tod\u0117l jos gali reaguoti su vandeniu ir sudaryti ne koloidin\u012f, o tikr\u0105 vandenin\u012f tirpal\u0105. Tokia forma yra fiziologi\u0161kai artimesn\u0117 odos l\u0105stel\u0117ms ir \u017eenkliai padidina platinos prasiskverbim\u0105 bei antioksidacin\u012f aktyvum\u0105.<\/p>\n<p data-start=\"6779\" data-end=\"7056\">Kremas padeda sul\u0117tinti chronologinio sen\u0117jimo procesus, apsaugo od\u0105 nuo \u017ealingo laisv\u0173j\u0173 radikal\u0173 poveikio, gerina odos strukt\u016br\u0105 ir i\u0161vaizd\u0105, didina jos stangrum\u0105, tonus\u0105 ir dr\u0117gm\u0117s lyg\u012f i\u0161 vidaus. Reguliariai naudojant oda tampa elastingesn\u0117, lygesn\u0117 ir vizualiai sveikesn\u0117.<\/p>\n<p data-start=\"7058\" data-end=\"7307\">Formul\u0117 papildyta karnosinu \u2013 universaliu geroprotektoriumi, pasi\u017eymin\u010diu antioksidaciniu, antiglikaciniu ir apsauginiu poveikiu. Karnosinas padeda pa\u0161alinti pa\u017eeistus baltymus, palaiko audini\u0173 regeneracin\u012f potencial\u0105 ir l\u0117tina fibroblast\u0173 sen\u0117jim\u0105.<\/p>\n<p data-start=\"7309\" data-end=\"7495\"><strong data-start=\"7309\" data-end=\"7351\">Kam tinka Hyalogy Platinum Face Cream:<\/strong> odai su ry\u0161kiais sen\u0117jimo po\u017eymiais, suma\u017e\u0117jusiu stangrumu ir elastingumu, strukt\u016bros pakitimais, fotosen\u0117jimo ir oksidacinio streso po\u017eymiais.<\/p>\n<p data-start=\"7497\" data-end=\"7512\"><strong data-start=\"7497\" data-end=\"7507\">T\u016bris:<\/strong> 50 g<\/p>\n","protected":false},"excerpt":{"rendered":"<p data-start=\"7731\" data-end=\"7761\">Antioksidacinis veido kremas<\/p>\n<h2 data-start=\"7763\" data-end=\"7812\"><strong data-start=\"7763\" data-end=\"7812\">Forlled &#8211; Hyalogy Platinum Face Cream Savyb\u0117s<\/strong><\/h2>\n<p data-start=\"7814\" data-end=\"8030\">\u2714\ufe0f U\u017etikrina stipri\u0105 antioksidacin\u0119 apsaug\u0105<br data-start=\"7857\" data-end=\"7860\" \/>\u2714\ufe0f Padeda ma\u017einti pigmentacij\u0105 ir \u0161viesinti od\u0105<br data-start=\"7907\" data-end=\"7910\" \/>\u2714\ufe0f Apsaugo od\u0105 nuo dr\u0117gm\u0117s praradimo<br data-start=\"7946\" data-end=\"7949\" \/>\u2714\ufe0f Mink\u0161tina od\u0105 ir gerina jos tekst\u016br\u0105<br data-start=\"7988\" data-end=\"7991\" \/>\u2714\ufe0f Apsaugo nuo prie\u0161laikinio sen\u0117jimo<\/p>\n","protected":false},"featured_media":78646,"template":"","meta":[],"pwb-brand":[777],"product_brand":[],"product_cat":[738,746,740,750,748],"product_tag":[],"giftcard-category":[],"class_list":{"0":"post-78645","1":"product","2":"type-product","3":"status-publish","4":"has-post-thumbnail","6":"pwb-brand-forlled","7":"product_cat-drekinimas","8":"product_cat-jautriai-odai","9":"product_cat-sausai-odai","10":"product_cat-senstanti-oda","11":"product_cat-taukainai-adai-lt","13":"first","14":"instock","15":"taxable","16":"shipping-taxable","17":"purchasable","18":"product-type-simple"},"acf":[],"brands":[{"id":777,"name":"Forlled","slug":"forlled"}],"_links":{"self":[{"href":"https:\/\/skinstudio.ee\/lt\/wp-json\/wp\/v2\/product\/78645","targetHints":{"allow":["GET"]}}],"collection":[{"href":"https:\/\/skinstudio.ee\/lt\/wp-json\/wp\/v2\/product"}],"about":[{"href":"https:\/\/skinstudio.ee\/lt\/wp-json\/wp\/v2\/types\/product"}],"version-history":[{"count":1,"href":"https:\/\/skinstudio.ee\/lt\/wp-json\/wp\/v2\/product\/78645\/revisions"}],"predecessor-version":[{"id":78647,"href":"https:\/\/skinstudio.ee\/lt\/wp-json\/wp\/v2\/product\/78645\/revisions\/78647"}],"wp:featuredmedia":[{"embeddable":true,"href":"https:\/\/skinstudio.ee\/lt\/wp-json\/wp\/v2\/media\/78646"}],"wp:attachment":[{"href":"https:\/\/skinstudio.ee\/lt\/wp-json\/wp\/v2\/media?parent=78645"}],"wp:term":[{"taxonomy":"pwb-brand","embeddable":true,"href":"https:\/\/skinstudio.ee\/lt\/wp-json\/wp\/v2\/pwb-brand?post=78645"},{"taxonomy":"product_brand","embeddable":true,"href":"https:\/\/skinstudio.ee\/lt\/wp-json\/wp\/v2\/product_brand?post=78645"},{"taxonomy":"product_cat","embeddable":true,"href":"https:\/\/skinstudio.ee\/lt\/wp-json\/wp\/v2\/product_cat?post=78645"},{"taxonomy":"product_tag","embeddable":true,"href":"https:\/\/skinstudio.ee\/lt\/wp-json\/wp\/v2\/product_tag?post=78645"},{"taxonomy":"giftcard-category","embeddable":true,"href":"https:\/\/skinstudio.ee\/lt\/wp-json\/wp\/v2\/giftcard-category?post=78645"}],"curies":[{"name":"wp","href":"https:\/\/api.w.org\/{rel}","templated":true}]}}