{"id":78655,"date":"2024-04-04T10:41:30","date_gmt":"2024-04-04T10:41:30","guid":{"rendered":"https:\/\/skinstudio.ee\/?post_type=product&#038;p=78655"},"modified":"2026-02-13T15:28:41","modified_gmt":"2026-02-13T15:28:41","slug":"hyalogy-vk-essence","status":"publish","type":"product","link":"https:\/\/skinstudio.ee\/lt\/catalog\/forlled\/hyalogy-vk-essence\/","title":{"rendered":"Hyalogy VK Essence"},"content":{"rendered":"<p data-start=\"4551\" data-end=\"4769\"><strong data-start=\"4551\" data-end=\"4585\">Hyalogy VK Essence nuo Forlled<\/strong> \u2013 tai serumas, skirtas veido odos paraudimo prevencijai ir ma\u017einimui bei trapi\u0173 kraujagysli\u0173 stiprinimui. Priemon\u0117 padeda gerinti kraujagysli\u0173 stabilum\u0105 ir ma\u017einti kuperoz\u0117s po\u017eymius.<\/p>\n<p data-start=\"4771\" data-end=\"5007\">Serumas padeda stiprinti kraujagysli\u0173 sieneles, u\u017ekirsti keli\u0105 matom\u0173 kapiliar\u0173 plitimui, spartina u\u017edegimini\u0173 element\u0173 gijim\u0105 ir ma\u017eina odos reaktyvum\u0105. Reguliariai naudojant oda tampa ramesn\u0117, lygesn\u0117 ir vizualiai labiau subalansuota.<\/p>\n<p data-start=\"5009\" data-end=\"5205\">Formul\u0117 pasi\u017eymi raminamuoju ir maitinan\u010diu poveikiu, padeda suma\u017einti diskomfort\u0105, tempimo poj\u016bt\u012f ir sudirgim\u0105, palaiko optimal\u0173 dr\u0117gm\u0117s lyg\u012f bei prisideda prie odos apsaugini\u0173 funkcij\u0173 atk\u016brimo.<\/p>\n<p data-start=\"5207\" data-end=\"5341\">Serumas tinka vis\u0173 tip\u0173 ir fototip\u0173 odai bet kuriame am\u017eiuje, ypa\u010d rekomenduojamas jautriai, sudirgusiai ir paraudimui linkusiai odai.<\/p>\n<p data-start=\"5343\" data-end=\"5455\"><strong data-start=\"5343\" data-end=\"5376\">Kam tinka Hyalogy VK Essence:<\/strong> odai su paraudimu, kuperoze, padid\u0117jusiu jautrumu ir trapiomis kraujagysl\u0117mis.<\/p>\n<p data-start=\"5457\" data-end=\"5473\"><strong data-start=\"5457\" data-end=\"5467\">T\u016bris:<\/strong> 30 ml<\/p>\n","protected":false},"excerpt":{"rendered":"<p data-start=\"5627\" data-end=\"5653\">Serumas paraudusiai odai<\/p>\n<h2 data-start=\"5655\" data-end=\"5695\"><strong data-start=\"5655\" data-end=\"5695\">Forlled &#8211; Hyalogy VK Essence Savyb\u0117s<\/strong><\/h2>\n<p data-start=\"5697\" data-end=\"5878\">\u2714\ufe0f Ramina sudirgusi\u0105 od\u0105<br data-start=\"5721\" data-end=\"5724\" \/>\u2714\ufe0f Stiprina kraujagysli\u0173 sieneles<br data-start=\"5757\" data-end=\"5760\" \/>\u2714\ufe0f Ma\u017eina paraudimo matomum\u0105<br data-start=\"5788\" data-end=\"5791\" \/>\u2714\ufe0f Padeda u\u017ekirsti keli\u0105 kuperoz\u0117s vystymuisi<br data-start=\"5836\" data-end=\"5839\" \/>\u2714\ufe0f Palaiko optimal\u0173 odos dr\u0117gm\u0117s lyg\u012f<\/p>\n","protected":false},"featured_media":64559,"template":"","meta":[],"pwb-brand":[777],"product_brand":[],"product_cat":[746,724],"product_tag":[],"giftcard-category":[],"class_list":{"0":"post-78655","1":"product","2":"type-product","3":"status-publish","4":"has-post-thumbnail","6":"pwb-brand-forlled","7":"product_cat-jautriai-odai","8":"product_cat-serumai","10":"first","11":"instock","12":"sale","13":"taxable","14":"shipping-taxable","15":"purchasable","16":"product-type-simple"},"acf":[],"brands":[{"id":777,"name":"Forlled","slug":"forlled"}],"_links":{"self":[{"href":"https:\/\/skinstudio.ee\/lt\/wp-json\/wp\/v2\/product\/78655","targetHints":{"allow":["GET"]}}],"collection":[{"href":"https:\/\/skinstudio.ee\/lt\/wp-json\/wp\/v2\/product"}],"about":[{"href":"https:\/\/skinstudio.ee\/lt\/wp-json\/wp\/v2\/types\/product"}],"version-history":[{"count":1,"href":"https:\/\/skinstudio.ee\/lt\/wp-json\/wp\/v2\/product\/78655\/revisions"}],"predecessor-version":[{"id":78657,"href":"https:\/\/skinstudio.ee\/lt\/wp-json\/wp\/v2\/product\/78655\/revisions\/78657"}],"wp:featuredmedia":[{"embeddable":true,"href":"https:\/\/skinstudio.ee\/lt\/wp-json\/wp\/v2\/media\/64559"}],"wp:attachment":[{"href":"https:\/\/skinstudio.ee\/lt\/wp-json\/wp\/v2\/media?parent=78655"}],"wp:term":[{"taxonomy":"pwb-brand","embeddable":true,"href":"https:\/\/skinstudio.ee\/lt\/wp-json\/wp\/v2\/pwb-brand?post=78655"},{"taxonomy":"product_brand","embeddable":true,"href":"https:\/\/skinstudio.ee\/lt\/wp-json\/wp\/v2\/product_brand?post=78655"},{"taxonomy":"product_cat","embeddable":true,"href":"https:\/\/skinstudio.ee\/lt\/wp-json\/wp\/v2\/product_cat?post=78655"},{"taxonomy":"product_tag","embeddable":true,"href":"https:\/\/skinstudio.ee\/lt\/wp-json\/wp\/v2\/product_tag?post=78655"},{"taxonomy":"giftcard-category","embeddable":true,"href":"https:\/\/skinstudio.ee\/lt\/wp-json\/wp\/v2\/giftcard-category?post=78655"}],"curies":[{"name":"wp","href":"https:\/\/api.w.org\/{rel}","templated":true}]}}