{"id":78673,"date":"2024-04-03T15:10:21","date_gmt":"2024-04-03T15:10:21","guid":{"rendered":"https:\/\/skinstudio.ee\/?post_type=product&#038;p=78673"},"modified":"2026-02-13T15:28:20","modified_gmt":"2026-02-13T15:28:20","slug":"hyalogy-daily-and-nightly-eye-cream","status":"publish","type":"product","link":"https:\/\/skinstudio.ee\/lt\/catalog\/forlled\/hyalogy-daily-and-nightly-eye-cream\/","title":{"rendered":"Hyalogy Daily And Nightly Eye Cream"},"content":{"rendered":"<div class=\"page\" title=\"Page 55\">\n<div class=\"layoutArea\">\n<div class=\"column\">\n<p data-start=\"5016\" data-end=\"5260\"><strong data-start=\"5016\" data-end=\"5067\">Hyalogy Daily And Nightly Eye Cream nuo Forlled<\/strong> \u2013 tai universalus aki\u0173 kremas, skirtas atkurti \u0161velnios ir labiausiai sen\u0117jimui jautrios odos aplink akis strukt\u016br\u0105. Priemon\u0117 aktyviai maitina ir mink\u0161tina od\u0105, palaikydama jos funkcin\u0119 b\u016bkl\u0119.<\/p>\n<p data-start=\"5262\" data-end=\"5510\">Kremas padeda gerinti mikrocirkuliacij\u0105 ir ma\u017einti nuovargio po\u017eymius. Reguliariai naudojant pastebimai suma\u017e\u0117ja \u201e\u017e\u0105s\u0173 p\u0117du\u010di\u0173\u201c ir nepageidaujamos pigmentacijos matomumas, did\u0117ja odos stangrumas ir tankis, o aki\u0173 sritis tampa lygesn\u0117 ir pri\u017ei\u016br\u0117ta.<\/p>\n<p data-start=\"5512\" data-end=\"5735\">Formul\u0117 papildyta japoni\u0161kos svertijos ekstraktu, kuris padeda stiprinti blakstienas ir skatinti j\u0173 augim\u0105. Krem\u0105 galima naudoti tiek dienos, tiek nakties prie\u017ei\u016broje, u\u017etikrinant visapusi\u0161k\u0105 aki\u0173 zonos prie\u017ei\u016br\u0105 vis\u0105 par\u0105.<\/p>\n<p data-start=\"5737\" data-end=\"5909\">Produktas tinka vis\u0173 tip\u0173 ir fototip\u0173 odai bet kuriame am\u017eiuje, ypa\u010d rekomenduojamas brand\u017eiai, itin sausai ir trapiai vok\u0173 odai kaip maitinamoji ir mink\u0161tinamoji priemon\u0117.<\/p>\n<p data-start=\"5911\" data-end=\"6069\"><strong data-start=\"5911\" data-end=\"5961\">Kam tinka Hyalogy Daily And Nightly Eye Cream:<\/strong> aki\u0173 zonos odai su sausumu, suma\u017e\u0117jusiu stangrumu, rauk\u0161l\u0117mis, pigmentacija ir nusilpusiomis blakstienomis.<\/p>\n<p data-start=\"6071\" data-end=\"6086\"><strong data-start=\"6071\" data-end=\"6081\">T\u016bris:<\/strong> 20 g<\/p>\n<\/div>\n<\/div>\n<\/div>\n","protected":false},"excerpt":{"rendered":"<div class=\"page\" title=\"Page 55\">\n<div class=\"layoutArea\">\n<p data-start=\"6180\" data-end=\"6205\">Universalus aki\u0173 kremas<\/p>\n<h2 data-start=\"6207\" data-end=\"6264\"><strong data-start=\"6207\" data-end=\"6264\">Forlled &#8211; Hyalogy Daily And Nightly Eye Cream Savyb\u0117s<\/strong><\/h2>\n<p data-start=\"6266\" data-end=\"6469\">\u2714\ufe0f Maitina ir mink\u0161tina aki\u0173 zonos od\u0105<br data-start=\"6304\" data-end=\"6307\" \/>\u2714\ufe0f Dr\u0117kina ir palaiko odos elastingum\u0105<br data-start=\"6345\" data-end=\"6348\" \/>\u2714\ufe0f Ma\u017eina \u201e\u017e\u0105s\u0173 p\u0117du\u010di\u0173\u201c matomum\u0105<br data-start=\"6381\" data-end=\"6384\" \/>\u2714\ufe0f Suvienodina odos ton\u0105 aplink akis<br data-start=\"6420\" data-end=\"6423\" \/>\u2714\ufe0f Stiprina blakstienas ir skatina j\u0173 augim\u0105<\/p>\n<\/div>\n<\/div>\n","protected":false},"featured_media":78674,"template":"","meta":[],"pwb-brand":[777],"product_brand":[],"product_cat":[734],"product_tag":[],"giftcard-category":[],"class_list":{"0":"post-78673","1":"product","2":"type-product","3":"status-publish","4":"has-post-thumbnail","6":"pwb-brand-forlled","7":"product_cat-oda-aplink-akis","9":"first","10":"instock","11":"taxable","12":"shipping-taxable","13":"purchasable","14":"product-type-simple"},"acf":[],"brands":[{"id":777,"name":"Forlled","slug":"forlled"}],"_links":{"self":[{"href":"https:\/\/skinstudio.ee\/lt\/wp-json\/wp\/v2\/product\/78673","targetHints":{"allow":["GET"]}}],"collection":[{"href":"https:\/\/skinstudio.ee\/lt\/wp-json\/wp\/v2\/product"}],"about":[{"href":"https:\/\/skinstudio.ee\/lt\/wp-json\/wp\/v2\/types\/product"}],"version-history":[{"count":4,"href":"https:\/\/skinstudio.ee\/lt\/wp-json\/wp\/v2\/product\/78673\/revisions"}],"predecessor-version":[{"id":80528,"href":"https:\/\/skinstudio.ee\/lt\/wp-json\/wp\/v2\/product\/78673\/revisions\/80528"}],"wp:featuredmedia":[{"embeddable":true,"href":"https:\/\/skinstudio.ee\/lt\/wp-json\/wp\/v2\/media\/78674"}],"wp:attachment":[{"href":"https:\/\/skinstudio.ee\/lt\/wp-json\/wp\/v2\/media?parent=78673"}],"wp:term":[{"taxonomy":"pwb-brand","embeddable":true,"href":"https:\/\/skinstudio.ee\/lt\/wp-json\/wp\/v2\/pwb-brand?post=78673"},{"taxonomy":"product_brand","embeddable":true,"href":"https:\/\/skinstudio.ee\/lt\/wp-json\/wp\/v2\/product_brand?post=78673"},{"taxonomy":"product_cat","embeddable":true,"href":"https:\/\/skinstudio.ee\/lt\/wp-json\/wp\/v2\/product_cat?post=78673"},{"taxonomy":"product_tag","embeddable":true,"href":"https:\/\/skinstudio.ee\/lt\/wp-json\/wp\/v2\/product_tag?post=78673"},{"taxonomy":"giftcard-category","embeddable":true,"href":"https:\/\/skinstudio.ee\/lt\/wp-json\/wp\/v2\/giftcard-category?post=78673"}],"curies":[{"name":"wp","href":"https:\/\/api.w.org\/{rel}","templated":true}]}}