{"id":78684,"date":"2024-04-03T14:37:55","date_gmt":"2024-04-03T14:37:55","guid":{"rendered":"https:\/\/skinstudio.ee\/?post_type=product&#038;p=78684"},"modified":"2026-02-13T15:28:26","modified_gmt":"2026-02-13T15:28:26","slug":"hyalogy-p-effect-basing-emulsion","status":"publish","type":"product","link":"https:\/\/skinstudio.ee\/lt\/catalog\/forlled\/hyalogy-p-effect-basing-emulsion\/","title":{"rendered":"Hyalogy P-Effect Basing Emulsion"},"content":{"rendered":"<p data-start=\"4386\" data-end=\"4624\"><strong data-start=\"4386\" data-end=\"4434\">Hyalogy P-Effect Basing Emulsion nuo Forlled<\/strong> \u2013 tai itin lengva ir \u0161velni emulsija, skirta palaikyti optimal\u0173 odos dr\u0117gm\u0117s ir maitinimo balans\u0105. Priemon\u0117 lengvai pasiskirsto, greitai prisitaiko prie odos ir tinka kasdieniam naudojimui.<\/p>\n<p data-start=\"4626\" data-end=\"4877\">Emulsija sudaro orui pralaid\u017ei\u0105 apsaugin\u0119 pl\u0117vel\u0119, kuri padeda i\u0161vengti odos dehidratacijos ir palaiko stabili\u0105 odos b\u016bkl\u0119. Ji veiksmingai veikia padidintos aplinkos apkrovos s\u0105lygomis, \u012fskaitant kondicionuot\u0105 or\u0105, v\u0117j\u0105 bei \u017eem\u0105 ar auk\u0161t\u0105 temperat\u016br\u0105.<\/p>\n<p data-start=\"4879\" data-end=\"5101\">Priemon\u0117 padeda i\u0161laikyti optimal\u0173 dr\u0117gm\u0117s lyg\u012f net sud\u0117tingomis klimato s\u0105lygomis, gerina odos mink\u0161tum\u0105 ir elastingum\u0105 bei bendr\u0105 odos kokyb\u0119. Emulsija tinka kaip bazinis odos prie\u017ei\u016bros etapas ir kaip makia\u017eo pagrindas.<\/p>\n<p data-start=\"5103\" data-end=\"5245\"><strong data-start=\"5103\" data-end=\"5150\">Kam tinka Hyalogy P-Effect Basing Emulsion:<\/strong> vis\u0173 tip\u0173 odai, \u012fskaitant jautri\u0105 ir dehidratuot\u0105, ypa\u010d veikiamai agresyvi\u0173 aplinkos veiksni\u0173.<\/p>\n<p data-start=\"5247\" data-end=\"5264\"><strong data-start=\"5247\" data-end=\"5257\">T\u016bris:<\/strong> 100 ml<\/p>\n","protected":false},"excerpt":{"rendered":"<div class=\"page\" title=\"Page 39\">\n<div class=\"layoutArea\">\n<p data-start=\"5361\" data-end=\"5378\">Lengva emulsija<\/p>\n<h2 data-start=\"5380\" data-end=\"5434\"><strong data-start=\"5380\" data-end=\"5434\">Forlled &#8211; Hyalogy P-Effect Basing Emulsion Savyb\u0117s<\/strong><\/h2>\n<p data-start=\"5436\" data-end=\"5633\">\u2714\ufe0f Palaiko odos dr\u0117gm\u0117s ir maitinimo balans\u0105<br data-start=\"5480\" data-end=\"5483\" \/>\u2714\ufe0f Apsaugo od\u0105 nuo dehidratacijos<br data-start=\"5516\" data-end=\"5519\" \/>\u2714\ufe0f Didina odos mink\u0161tum\u0105 ir elastingum\u0105<br data-start=\"5558\" data-end=\"5561\" \/>\u2714\ufe0f Tinka kaip makia\u017eo pagrindas<br data-start=\"5592\" data-end=\"5595\" \/>\u2714\ufe0f Palaiko odos apsaugines funkcijas<\/p>\n<\/div>\n<\/div>\n","protected":false},"featured_media":64569,"template":"","meta":[],"pwb-brand":[777],"product_brand":[],"product_cat":[738,746,740,750,748],"product_tag":[],"giftcard-category":[],"class_list":{"0":"post-78684","1":"product","2":"type-product","3":"status-publish","4":"has-post-thumbnail","6":"pwb-brand-forlled","7":"product_cat-drekinimas","8":"product_cat-jautriai-odai","9":"product_cat-sausai-odai","10":"product_cat-senstanti-oda","11":"product_cat-taukainai-adai-lt","13":"first","14":"instock","15":"taxable","16":"shipping-taxable","17":"purchasable","18":"product-type-simple"},"acf":[],"brands":[{"id":777,"name":"Forlled","slug":"forlled"}],"_links":{"self":[{"href":"https:\/\/skinstudio.ee\/lt\/wp-json\/wp\/v2\/product\/78684","targetHints":{"allow":["GET"]}}],"collection":[{"href":"https:\/\/skinstudio.ee\/lt\/wp-json\/wp\/v2\/product"}],"about":[{"href":"https:\/\/skinstudio.ee\/lt\/wp-json\/wp\/v2\/types\/product"}],"version-history":[{"count":3,"href":"https:\/\/skinstudio.ee\/lt\/wp-json\/wp\/v2\/product\/78684\/revisions"}],"predecessor-version":[{"id":80542,"href":"https:\/\/skinstudio.ee\/lt\/wp-json\/wp\/v2\/product\/78684\/revisions\/80542"}],"wp:featuredmedia":[{"embeddable":true,"href":"https:\/\/skinstudio.ee\/lt\/wp-json\/wp\/v2\/media\/64569"}],"wp:attachment":[{"href":"https:\/\/skinstudio.ee\/lt\/wp-json\/wp\/v2\/media?parent=78684"}],"wp:term":[{"taxonomy":"pwb-brand","embeddable":true,"href":"https:\/\/skinstudio.ee\/lt\/wp-json\/wp\/v2\/pwb-brand?post=78684"},{"taxonomy":"product_brand","embeddable":true,"href":"https:\/\/skinstudio.ee\/lt\/wp-json\/wp\/v2\/product_brand?post=78684"},{"taxonomy":"product_cat","embeddable":true,"href":"https:\/\/skinstudio.ee\/lt\/wp-json\/wp\/v2\/product_cat?post=78684"},{"taxonomy":"product_tag","embeddable":true,"href":"https:\/\/skinstudio.ee\/lt\/wp-json\/wp\/v2\/product_tag?post=78684"},{"taxonomy":"giftcard-category","embeddable":true,"href":"https:\/\/skinstudio.ee\/lt\/wp-json\/wp\/v2\/giftcard-category?post=78684"}],"curies":[{"name":"wp","href":"https:\/\/api.w.org\/{rel}","templated":true}]}}