{"id":78693,"date":"2024-04-03T14:25:40","date_gmt":"2024-04-03T14:25:40","guid":{"rendered":"https:\/\/skinstudio.ee\/?post_type=product&#038;p=78693"},"modified":"2026-02-13T15:28:41","modified_gmt":"2026-02-13T15:28:41","slug":"hyalogy-vcip-cream","status":"publish","type":"product","link":"https:\/\/skinstudio.ee\/lt\/catalog\/forlled\/hyalogy-vcip-cream\/","title":{"rendered":"Hyalogy VCIP Cream"},"content":{"rendered":"<div class=\"page\" title=\"Page 41\">\n<div class=\"layoutArea\">\n<div class=\"column\">\n<p data-start=\"4324\" data-end=\"4541\"><strong data-start=\"4324\" data-end=\"4358\">Hyalogy VCIP Cream nuo Forlled<\/strong> \u2013 tai lengvos tekst\u016bros kremas, pasi\u017eymintis ry\u0161kiu antioksidaciniu poveikiu, skirtas stiprinti kraujagysles ir suvienodinti odos ton\u0105, suteikiant odai sveik\u0105 ir pri\u017ei\u016br\u0117t\u0105 i\u0161vaizd\u0105.<\/p>\n<p data-start=\"4543\" data-end=\"4858\">Formul\u0117je naudojama itin stabili riebaluose tirpi vitamino C forma didel\u0117s koncentracijos, kuri aktyviai stimuliuoja l\u0105steli\u0173 veikl\u0105 ir kolageno sintez\u0119. Kremas padeda susilpninti neigiam\u0105 UV spinduliuot\u0117s poveik\u012f, neutralizuoja reaktyvi\u0105sias deguonies formas, apsaugo nuo lipid\u0173 oksidacijos ir melanino susidarymo.<\/p>\n<p data-start=\"4860\" data-end=\"5100\">Kremas pasi\u017eymi itin lengva tekst\u016bra, lengvai pasiskirsto ir greitai prisitaiko prie odos. Tinka kasdienei vis\u0173 tip\u0173 ir fototip\u0173 odos prie\u017ei\u016brai bet kuriame am\u017eiuje, ypa\u010d rekomenduojamas blankiai, pavargusiai odai su fotosen\u0117jimo po\u017eymiais.<\/p>\n<p data-start=\"5102\" data-end=\"5215\"><strong data-start=\"5102\" data-end=\"5135\">Kam tinka Hyalogy VCIP Cream:<\/strong> odai su netolygiu tonu, blankumu, oksidacinio streso ir fotosen\u0117jimo po\u017eymiais.<\/p>\n<p data-start=\"5217\" data-end=\"5232\"><strong data-start=\"5217\" data-end=\"5227\">T\u016bris:<\/strong> 50 g<\/p>\n<\/div>\n<\/div>\n<\/div>\n","protected":false},"excerpt":{"rendered":"<div class=\"page\" title=\"Page 41\">\n<div class=\"layoutArea\">\n<p data-start=\"5337\" data-end=\"5384\">Odos \u0161vyt\u0117jim\u0105 suteikiantis vitamino C kremas<\/p>\n<h2 data-start=\"5386\" data-end=\"5426\"><strong data-start=\"5386\" data-end=\"5426\">Forlled &#8211; Hyalogy VCIP Cream Savyb\u0117s<\/strong><\/h2>\n<p data-start=\"5428\" data-end=\"5637\">\u2714\ufe0f \u0160viesina ir suvienodina odos ton\u0105<br data-start=\"5464\" data-end=\"5467\" \/>\u2714\ufe0f U\u017etikrina stipri\u0105 antioksidacin\u0119 apsaug\u0105<br data-start=\"5510\" data-end=\"5513\" \/>\u2714\ufe0f Skatina kolageno sintez\u0119<br data-start=\"5540\" data-end=\"5543\" \/>\u2714\ufe0f Stiprina kraujagysles ir gerina mikrocirkuliacij\u0105<br data-start=\"5595\" data-end=\"5598\" \/>\u2714\ufe0f Didina odos dr\u0117gm\u0117s lyg\u012f ir kokyb\u0119<\/p>\n<\/div>\n<\/div>\n","protected":false},"featured_media":78694,"template":"","meta":[],"pwb-brand":[777],"product_brand":[],"product_cat":[738,746,740,750,748],"product_tag":[],"giftcard-category":[],"class_list":{"0":"post-78693","1":"product","2":"type-product","3":"status-publish","4":"has-post-thumbnail","6":"pwb-brand-forlled","7":"product_cat-drekinimas","8":"product_cat-jautriai-odai","9":"product_cat-sausai-odai","10":"product_cat-senstanti-oda","11":"product_cat-taukainai-adai-lt","13":"first","14":"instock","15":"sale","16":"taxable","17":"shipping-taxable","18":"purchasable","19":"product-type-simple"},"acf":[],"brands":[{"id":777,"name":"Forlled","slug":"forlled"}],"_links":{"self":[{"href":"https:\/\/skinstudio.ee\/lt\/wp-json\/wp\/v2\/product\/78693","targetHints":{"allow":["GET"]}}],"collection":[{"href":"https:\/\/skinstudio.ee\/lt\/wp-json\/wp\/v2\/product"}],"about":[{"href":"https:\/\/skinstudio.ee\/lt\/wp-json\/wp\/v2\/types\/product"}],"version-history":[{"count":1,"href":"https:\/\/skinstudio.ee\/lt\/wp-json\/wp\/v2\/product\/78693\/revisions"}],"predecessor-version":[{"id":78695,"href":"https:\/\/skinstudio.ee\/lt\/wp-json\/wp\/v2\/product\/78693\/revisions\/78695"}],"wp:featuredmedia":[{"embeddable":true,"href":"https:\/\/skinstudio.ee\/lt\/wp-json\/wp\/v2\/media\/78694"}],"wp:attachment":[{"href":"https:\/\/skinstudio.ee\/lt\/wp-json\/wp\/v2\/media?parent=78693"}],"wp:term":[{"taxonomy":"pwb-brand","embeddable":true,"href":"https:\/\/skinstudio.ee\/lt\/wp-json\/wp\/v2\/pwb-brand?post=78693"},{"taxonomy":"product_brand","embeddable":true,"href":"https:\/\/skinstudio.ee\/lt\/wp-json\/wp\/v2\/product_brand?post=78693"},{"taxonomy":"product_cat","embeddable":true,"href":"https:\/\/skinstudio.ee\/lt\/wp-json\/wp\/v2\/product_cat?post=78693"},{"taxonomy":"product_tag","embeddable":true,"href":"https:\/\/skinstudio.ee\/lt\/wp-json\/wp\/v2\/product_tag?post=78693"},{"taxonomy":"giftcard-category","embeddable":true,"href":"https:\/\/skinstudio.ee\/lt\/wp-json\/wp\/v2\/giftcard-category?post=78693"}],"curies":[{"name":"wp","href":"https:\/\/api.w.org\/{rel}","templated":true}]}}