{"id":78702,"date":"2024-04-03T14:09:34","date_gmt":"2024-04-03T14:09:34","guid":{"rendered":"https:\/\/skinstudio.ee\/?post_type=product&#038;p=78702"},"modified":"2026-02-13T15:28:17","modified_gmt":"2026-02-13T15:28:17","slug":"hyalogy-body-treatment-cream","status":"publish","type":"product","link":"https:\/\/skinstudio.ee\/lt\/catalog\/forlled\/hyalogy-body-treatment-cream\/","title":{"rendered":"Hyalogy Body Treatment Cream"},"content":{"rendered":"<div class=\"page\" title=\"Page 62\">\n<div class=\"layoutArea\">\n<div class=\"column\">\n<p data-start=\"4116\" data-end=\"4338\"><strong data-start=\"4116\" data-end=\"4160\">Hyalogy Body Treatment Cream nuo Forlled<\/strong> \u2013 tai lengvos tekst\u016bros k\u016bno kremas, pasi\u017eymintis atjauninan\u010diu, biostimuliuojan\u010diu ir dr\u0117kinan\u010diu poveikiu. Priemon\u0117 skirta pagerinti bendr\u0105 odos b\u016bkl\u0119 ir palaikyti jos tonus\u0105.<\/p>\n<p data-start=\"4340\" data-end=\"4566\">Ma\u017eos molekulin\u0117s mas\u0117s ingredient\u0173 derinys u\u017etikrina greit\u0105 ir ilgalaik\u012f gilesni\u0173 odos sluoksni\u0173 dr\u0117kinim\u0105, padeda suvienodinti odos ton\u0105, gerina mikrocirkuliacij\u0105, skatina kolageno sintez\u0119 ir palaiko detoksikacijos procesus.<\/p>\n<p data-start=\"4568\" data-end=\"4749\">Kremas tinka vis\u0173 tip\u0173 ir fototip\u0173 odai bet kuriame am\u017eiuje. Jis greitai \u012fsigeria, nepalieka lipnumo poj\u016b\u010dio ir ypa\u010d patogus naudoti dienos metu, pavyzd\u017eiui, po du\u0161o ar treniruot\u0117s.<\/p>\n<p data-start=\"4751\" data-end=\"4887\"><strong data-start=\"4751\" data-end=\"4794\">Kam tinka Hyalogy Body Treatment Cream:<\/strong> k\u016bno odai su sausumo po\u017eymiais, suma\u017e\u0117jusiu tonusu, netolygiu tonu ir elastingumo praradimu.<\/p>\n<p data-start=\"4889\" data-end=\"4905\"><strong data-start=\"4889\" data-end=\"4899\">T\u016bris:<\/strong> 200 g<\/p>\n<\/div>\n<\/div>\n<\/div>\n","protected":false},"excerpt":{"rendered":"<div class=\"page\" title=\"Page 62\">\n<div class=\"layoutArea\">\n<div class=\"column\">\n<p data-start=\"5022\" data-end=\"5047\">Dr\u0117kinantis k\u016bno kremas<\/p>\n<h2 data-start=\"5049\" data-end=\"5099\"><strong data-start=\"5049\" data-end=\"5099\">Forlled &#8211; Hyalogy Body Treatment Cream Savyb\u0117s<\/strong><\/h2>\n<p data-start=\"5101\" data-end=\"5303\">\u2714\ufe0f U\u017etikrina greit\u0105 ir ilgalaik\u012f dr\u0117kinim\u0105<br data-start=\"5143\" data-end=\"5146\" \/>\u2714\ufe0f Suteikia biostimuliuojant\u012f poveik\u012f<br data-start=\"5183\" data-end=\"5186\" \/>\u2714\ufe0f Mink\u0161tina ir maitina od\u0105<br data-start=\"5213\" data-end=\"5216\" \/>\u2714\ufe0f Padeda pagerinti odos stangrum\u0105 ir tonus\u0105<br data-start=\"5260\" data-end=\"5263\" \/>\u2714\ufe0f Skatina odos regeneracijos procesus<\/p>\n<\/div>\n<\/div>\n<\/div>\n","protected":false},"featured_media":78703,"template":"","meta":[],"pwb-brand":[777],"product_brand":[],"product_cat":[758],"product_tag":[],"giftcard-category":[],"class_list":{"0":"post-78702","1":"product","2":"type-product","3":"status-publish","4":"has-post-thumbnail","6":"pwb-brand-forlled","7":"product_cat-kuno-prieziura","9":"first","10":"instock","11":"taxable","12":"shipping-taxable","13":"purchasable","14":"product-type-simple"},"acf":[],"brands":[{"id":777,"name":"Forlled","slug":"forlled"}],"_links":{"self":[{"href":"https:\/\/skinstudio.ee\/lt\/wp-json\/wp\/v2\/product\/78702","targetHints":{"allow":["GET"]}}],"collection":[{"href":"https:\/\/skinstudio.ee\/lt\/wp-json\/wp\/v2\/product"}],"about":[{"href":"https:\/\/skinstudio.ee\/lt\/wp-json\/wp\/v2\/types\/product"}],"version-history":[{"count":1,"href":"https:\/\/skinstudio.ee\/lt\/wp-json\/wp\/v2\/product\/78702\/revisions"}],"predecessor-version":[{"id":78704,"href":"https:\/\/skinstudio.ee\/lt\/wp-json\/wp\/v2\/product\/78702\/revisions\/78704"}],"wp:featuredmedia":[{"embeddable":true,"href":"https:\/\/skinstudio.ee\/lt\/wp-json\/wp\/v2\/media\/78703"}],"wp:attachment":[{"href":"https:\/\/skinstudio.ee\/lt\/wp-json\/wp\/v2\/media?parent=78702"}],"wp:term":[{"taxonomy":"pwb-brand","embeddable":true,"href":"https:\/\/skinstudio.ee\/lt\/wp-json\/wp\/v2\/pwb-brand?post=78702"},{"taxonomy":"product_brand","embeddable":true,"href":"https:\/\/skinstudio.ee\/lt\/wp-json\/wp\/v2\/product_brand?post=78702"},{"taxonomy":"product_cat","embeddable":true,"href":"https:\/\/skinstudio.ee\/lt\/wp-json\/wp\/v2\/product_cat?post=78702"},{"taxonomy":"product_tag","embeddable":true,"href":"https:\/\/skinstudio.ee\/lt\/wp-json\/wp\/v2\/product_tag?post=78702"},{"taxonomy":"giftcard-category","embeddable":true,"href":"https:\/\/skinstudio.ee\/lt\/wp-json\/wp\/v2\/giftcard-category?post=78702"}],"curies":[{"name":"wp","href":"https:\/\/api.w.org\/{rel}","templated":true}]}}