{"id":78713,"date":"2024-04-03T13:53:33","date_gmt":"2024-04-03T13:53:33","guid":{"rendered":"https:\/\/skinstudio.ee\/?post_type=product&#038;p=78713"},"modified":"2026-02-13T15:28:30","modified_gmt":"2026-02-13T15:28:30","slug":"hyalogy-p-effect-sheet-for-eyes","status":"publish","type":"product","link":"https:\/\/skinstudio.ee\/lt\/catalog\/forlled\/hyalogy-p-effect-sheet-for-eyes\/","title":{"rendered":"Hyalogy P-effect Sheet For Eyes"},"content":{"rendered":"<div class=\"page\" title=\"Page 57\">\n<div class=\"layoutArea\">\n<div class=\"column\">\n<p data-start=\"6313\" data-end=\"6596\"><strong data-start=\"6313\" data-end=\"6360\">Hyalogy P-Effect Sheet For Eyes nuo Forlled<\/strong> \u2013 tai greito poveikio kosmetin\u0117 kauk\u0117, skirta intensyviai paaki\u0173 srities odos prie\u017ei\u016brai ir atk\u016brimui. Geliniai kauk\u0117s pleistrai greitai pagerina periorbitin\u0117s zonos i\u0161vaizd\u0105, u\u017etikrina ry\u0161k\u0173 dr\u0117kinim\u0105 ir padeda atkurti odos stangrum\u0105.<\/p>\n<p data-start=\"6598\" data-end=\"6880\">Priemon\u0117 padeda suma\u017einti \u201e\u017e\u0105s\u0173 kojeli\u0173\u201c, tamsi\u0173 ratil\u0173 po akimis ir vok\u0173 paburkimo matomum\u0105, taip pat prisideda prie pigmentacijos, \u012fskaitant etnin\u0119, \u0161viesinimo. Reguliariai naudojant, oda aplink akis tampa lygesn\u0117, tankesn\u0117 ir gaivesn\u0117, o \u017evilgsnis atrodo atviresnis ir pails\u0117j\u0119s.<\/p>\n<p data-start=\"6882\" data-end=\"7131\">Kauk\u0117 gali b\u016bti naudojama kaip kasdien\u0117s prie\u017ei\u016bros dalis paaki\u0173 odos b\u016bklei palaikyti, taip pat kaip ekspresin\u0117 proced\u016bra greitam vizualiniam efektui prie\u0161 svarb\u0173 \u012fvyk\u012f. Priemon\u0117 puikiai dera su paaki\u0173 serumais ir kremais, sustiprindama j\u0173 poveik\u012f.<\/p>\n<p data-start=\"7133\" data-end=\"7388\"><strong data-start=\"7133\" data-end=\"7179\">Kam tinka Hyalogy P-Effect Sheet For Eyes:<\/strong> paaki\u0173 srities odai su nuovargio po\u017eymiais, dehidratacija, suma\u017e\u0117jusiu stangrumu, mimikos rauk\u0161l\u0117mis, paburkimu, tamsiais ratilais ir netolygiu atspalviu. Tinka vis\u0173 tip\u0173 ir fototip\u0173 odai bet kuriame am\u017eiuje.<\/p>\n<p data-start=\"7390\" data-end=\"7439\"><strong data-start=\"7390\" data-end=\"7400\">T\u016bris:<\/strong> 8 vnt. (2 pleistrai vienam naudojimui)<\/p>\n<\/div>\n<\/div>\n<\/div>\n","protected":false},"excerpt":{"rendered":"<div class=\"page\" title=\"Page 57\">\n<div class=\"layoutArea\">\n<div class=\"column\">\n<p data-start=\"7849\" data-end=\"7877\">Greito poveikio aki\u0173 kauk\u0117<\/p>\n<h2 data-start=\"7879\" data-end=\"7932\"><strong data-start=\"7879\" data-end=\"7932\">Forlled &#8211; Hyalogy P-Effect Sheet For Eyes Savyb\u0117s<\/strong><\/h2>\n<p data-start=\"7934\" data-end=\"8159\">\u2714\ufe0f Suteikia liftingo efekt\u0105 ir ma\u017eina paburkim\u0105<br data-start=\"7981\" data-end=\"7984\" \/>\u2714\ufe0f Padeda i\u0161lyginti rauk\u0161les ir \u201e\u017e\u0105s\u0173 kojeles\u201c<br data-start=\"8030\" data-end=\"8033\" \/>\u2714\ufe0f Palaiko detoksikacij\u0105 ir antioksidacin\u0119 apsaug\u0105<br data-start=\"8083\" data-end=\"8086\" \/>\u2714\ufe0f Sustiprina serum\u0173 ir krem\u0173 poveik\u012f<br data-start=\"8123\" data-end=\"8126\" \/>\u2714\ufe0f Padeda i\u0161laikyti odos dr\u0117gm\u0119<\/p>\n<\/div>\n<\/div>\n<\/div>\n","protected":false},"featured_media":64668,"template":"","meta":[],"pwb-brand":[777],"product_brand":[],"product_cat":[726,734],"product_tag":[],"giftcard-category":[],"class_list":{"0":"post-78713","1":"product","2":"type-product","3":"status-publish","4":"has-post-thumbnail","6":"pwb-brand-forlled","7":"product_cat-maskas","8":"product_cat-oda-aplink-akis","10":"first","11":"instock","12":"sale","13":"taxable","14":"shipping-taxable","15":"purchasable","16":"product-type-simple"},"acf":[],"brands":[{"id":777,"name":"Forlled","slug":"forlled"}],"_links":{"self":[{"href":"https:\/\/skinstudio.ee\/lt\/wp-json\/wp\/v2\/product\/78713","targetHints":{"allow":["GET"]}}],"collection":[{"href":"https:\/\/skinstudio.ee\/lt\/wp-json\/wp\/v2\/product"}],"about":[{"href":"https:\/\/skinstudio.ee\/lt\/wp-json\/wp\/v2\/types\/product"}],"version-history":[{"count":1,"href":"https:\/\/skinstudio.ee\/lt\/wp-json\/wp\/v2\/product\/78713\/revisions"}],"predecessor-version":[{"id":78715,"href":"https:\/\/skinstudio.ee\/lt\/wp-json\/wp\/v2\/product\/78713\/revisions\/78715"}],"wp:featuredmedia":[{"embeddable":true,"href":"https:\/\/skinstudio.ee\/lt\/wp-json\/wp\/v2\/media\/64668"}],"wp:attachment":[{"href":"https:\/\/skinstudio.ee\/lt\/wp-json\/wp\/v2\/media?parent=78713"}],"wp:term":[{"taxonomy":"pwb-brand","embeddable":true,"href":"https:\/\/skinstudio.ee\/lt\/wp-json\/wp\/v2\/pwb-brand?post=78713"},{"taxonomy":"product_brand","embeddable":true,"href":"https:\/\/skinstudio.ee\/lt\/wp-json\/wp\/v2\/product_brand?post=78713"},{"taxonomy":"product_cat","embeddable":true,"href":"https:\/\/skinstudio.ee\/lt\/wp-json\/wp\/v2\/product_cat?post=78713"},{"taxonomy":"product_tag","embeddable":true,"href":"https:\/\/skinstudio.ee\/lt\/wp-json\/wp\/v2\/product_tag?post=78713"},{"taxonomy":"giftcard-category","embeddable":true,"href":"https:\/\/skinstudio.ee\/lt\/wp-json\/wp\/v2\/giftcard-category?post=78713"}],"curies":[{"name":"wp","href":"https:\/\/api.w.org\/{rel}","templated":true}]}}