{"id":78729,"date":"2024-04-03T13:35:36","date_gmt":"2024-04-03T13:35:36","guid":{"rendered":"https:\/\/skinstudio.ee\/?post_type=product&#038;p=78729"},"modified":"2026-02-13T15:28:33","modified_gmt":"2026-02-13T15:28:33","slug":"hyalogy-protective-cream-for-lips","status":"publish","type":"product","link":"https:\/\/skinstudio.ee\/lt\/catalog\/forlled\/hyalogy-protective-cream-for-lips\/","title":{"rendered":"Hyalogy Protective Cream For Lips"},"content":{"rendered":"<div class=\"page\" title=\"Page 61\">\n<div class=\"layoutArea\">\n<div class=\"column\">\n<p data-start=\"4674\" data-end=\"4926\"><strong data-start=\"4674\" data-end=\"4723\">Hyalogy Protective Cream For Lips nuo Forlled<\/strong> \u2013 tai atkuriamasis l\u016bp\u0173 kremas, kuris veiksmingai apsaugo l\u016bp\u0173 od\u0105 nuo dehidratacijos, apr\u016bpina j\u0105 dr\u0117gme ir pagerina elastingum\u0105. Priemon\u0117 skirta atkurti l\u016bp\u0173 komfort\u0105, \u0161velnum\u0105 ir pri\u017ei\u016br\u0117t\u0105 i\u0161vaizd\u0105.<\/p>\n<p data-start=\"4928\" data-end=\"5200\">Ma\u017eos molekulin\u0117s mas\u0117s ingredient\u0173 ir augalini\u0173 ekstrakt\u0173 derinys padeda stiprinti l\u016bp\u0173 odos apsaugines funkcijas, ma\u017eina \u0161erpetojim\u0105 ir sausum\u0105 bei skatina smulki\u0173 \u012ftr\u016bkim\u0173 ir mikro-pa\u017eeidim\u0173 gijim\u0105. Kremas palaiko odos fiziologin\u012f balans\u0105 ir gerina bendr\u0105 jos i\u0161vaizd\u0105.<\/p>\n<p data-start=\"5202\" data-end=\"5389\">Reguliariai naudojant palaikomas nat\u016bralus l\u016bp\u0173 pigmentas ir i\u0161saugomas j\u0173 nat\u016bralus t\u016bris. Kremas taip pat padeda u\u017etikrinti tolygesn\u012f ir tvarkingesn\u012f dekoratyvin\u0117s kosmetikos padengim\u0105.<\/p>\n<p data-start=\"5391\" data-end=\"5617\"><strong data-start=\"5391\" data-end=\"5439\">Kam tinka Hyalogy Protective Cream For Lips:<\/strong> l\u016bp\u0173 odai, turin\u010diai sausumo, \u0161erpetojimo, mikro\u012ftr\u016bkim\u0173 ir diskomforto po\u017eymi\u0173, netolygi\u0105 pigmentacij\u0105 ir nery\u0161k\u0173 kont\u016br\u0105, taip pat po apimties ar kont\u016bro korekcijos proced\u016br\u0173.<\/p>\n<p data-start=\"5619\" data-end=\"5633\"><strong data-start=\"5619\" data-end=\"5629\">T\u016bris:<\/strong> 9 g<\/p>\n<\/div>\n<\/div>\n<\/div>\n","protected":false},"excerpt":{"rendered":"<div class=\"page\" title=\"Page 61\">\n<div class=\"layoutArea\">\n<div class=\"column\">\n<p data-start=\"5748\" data-end=\"5774\">Atkuriamasis l\u016bp\u0173 kremas<\/p>\n<h2 data-start=\"5776\" data-end=\"5831\"><strong data-start=\"5776\" data-end=\"5831\">Forlled &#8211; Hyalogy Protective Cream For Lips Savyb\u0117s<\/strong><\/h2>\n<p data-start=\"5833\" data-end=\"6046\">\u2714\ufe0f Intensyviai dr\u0117kina ir palaiko dr\u0117gm\u0117s balans\u0105<br data-start=\"5882\" data-end=\"5885\" \/>\u2714\ufe0f Mink\u0161tina l\u016bpas ir ma\u017eina \u0161erpetojim\u0105<br data-start=\"5925\" data-end=\"5928\" \/>\u2714\ufe0f Skatina mikro\u012ftr\u016bkim\u0173 gijim\u0105<br data-start=\"5959\" data-end=\"5962\" \/>\u2714\ufe0f Padeda i\u0161laikyti ai\u0161k\u0173 l\u016bp\u0173 kont\u016br\u0105<br data-start=\"6000\" data-end=\"6003\" \/>\u2714\ufe0f Palaiko nat\u016bralaus l\u016bp\u0173 t\u016brio atk\u016brim\u0105<\/p>\n<\/div>\n<\/div>\n<\/div>\n","protected":false},"featured_media":78730,"template":"","meta":[],"pwb-brand":[777],"product_brand":[],"product_cat":[760],"product_tag":[],"giftcard-category":[],"class_list":{"0":"post-78729","1":"product","2":"type-product","3":"status-publish","4":"has-post-thumbnail","6":"pwb-brand-forlled","7":"product_cat-lupu-prieziura","9":"first","10":"instock","11":"sale","12":"taxable","13":"shipping-taxable","14":"purchasable","15":"product-type-simple"},"acf":[],"brands":[{"id":777,"name":"Forlled","slug":"forlled"}],"_links":{"self":[{"href":"https:\/\/skinstudio.ee\/lt\/wp-json\/wp\/v2\/product\/78729","targetHints":{"allow":["GET"]}}],"collection":[{"href":"https:\/\/skinstudio.ee\/lt\/wp-json\/wp\/v2\/product"}],"about":[{"href":"https:\/\/skinstudio.ee\/lt\/wp-json\/wp\/v2\/types\/product"}],"version-history":[{"count":1,"href":"https:\/\/skinstudio.ee\/lt\/wp-json\/wp\/v2\/product\/78729\/revisions"}],"predecessor-version":[{"id":78731,"href":"https:\/\/skinstudio.ee\/lt\/wp-json\/wp\/v2\/product\/78729\/revisions\/78731"}],"wp:featuredmedia":[{"embeddable":true,"href":"https:\/\/skinstudio.ee\/lt\/wp-json\/wp\/v2\/media\/78730"}],"wp:attachment":[{"href":"https:\/\/skinstudio.ee\/lt\/wp-json\/wp\/v2\/media?parent=78729"}],"wp:term":[{"taxonomy":"pwb-brand","embeddable":true,"href":"https:\/\/skinstudio.ee\/lt\/wp-json\/wp\/v2\/pwb-brand?post=78729"},{"taxonomy":"product_brand","embeddable":true,"href":"https:\/\/skinstudio.ee\/lt\/wp-json\/wp\/v2\/product_brand?post=78729"},{"taxonomy":"product_cat","embeddable":true,"href":"https:\/\/skinstudio.ee\/lt\/wp-json\/wp\/v2\/product_cat?post=78729"},{"taxonomy":"product_tag","embeddable":true,"href":"https:\/\/skinstudio.ee\/lt\/wp-json\/wp\/v2\/product_tag?post=78729"},{"taxonomy":"giftcard-category","embeddable":true,"href":"https:\/\/skinstudio.ee\/lt\/wp-json\/wp\/v2\/giftcard-category?post=78729"}],"curies":[{"name":"wp","href":"https:\/\/api.w.org\/{rel}","templated":true}]}}