{"id":78740,"date":"2024-03-28T09:38:40","date_gmt":"2024-03-28T09:38:40","guid":{"rendered":"https:\/\/skinstudio.ee\/?post_type=product&#038;p=78740"},"modified":"2026-02-13T15:28:28","modified_gmt":"2026-02-13T15:28:28","slug":"hyalogy-p-effect-essence","status":"publish","type":"product","link":"https:\/\/skinstudio.ee\/lt\/catalog\/forlled\/hyalogy-p-effect-essence\/","title":{"rendered":"Hyalogy P-Effect Essence"},"content":{"rendered":"<div class=\"page\" title=\"Page 25\">\n<div class=\"layoutArea\">\n<div class=\"column\">\n<p data-start=\"4820\" data-end=\"5108\"><strong data-start=\"4820\" data-end=\"4860\">Hyalogy P-Effect Essence nuo Forlled<\/strong> \u2013 tai daugiafunkcis serumas, turintis didel\u0119 patentuotos ma\u017eos molekulin\u0117s mas\u0117s hialurono r\u016bg\u0161ties koncentracij\u0105, pasi\u017eymintis ry\u0161kiu dr\u0117kinamuoju ir biostimuliuojan\u010diu poveikiu. Priemon\u0117 skirta atkurti odos dr\u0117gm\u0119 ir pagerinti bendr\u0105 odos b\u016bkl\u0119.<\/p>\n<p data-start=\"5110\" data-end=\"5371\">Serumas giliai prisotina od\u0105 dr\u0117gme ir sukuria dr\u0117gm\u0117s rezerv\u0105 audiniuose, skatina kolageno ir elastino sintez\u0119, padeda normalizuoti odos pH ir palaiko nat\u016brali\u0105 odos imunin\u0119 apsaug\u0105. D\u0117l to ger\u0117ja odos kokyb\u0117, tankis ir atsparumas i\u0161oriniams streso veiksniams.<\/p>\n<p data-start=\"5373\" data-end=\"5578\">Reguliariai naudojant \u017eenkliai padid\u0117ja odos stangrumas ir elastingumas, suma\u017e\u0117ja rauk\u0161li\u0173 matomumas, i\u0161nyksta sausumo, tempimo ir pleiskanojimo poj\u016btis. Oda tampa lygesn\u0117, tvirtesn\u0117 ir vizualiai gaivesn\u0117.<\/p>\n<p data-start=\"5580\" data-end=\"5754\"><strong data-start=\"5580\" data-end=\"5619\">Kam tinka Hyalogy P-Effect Essence:<\/strong> dehidratuotai vis\u0173 tip\u0173 ir fototip\u0173 odai bet kuriame am\u017eiuje, \u012fskaitant od\u0105 su sausumo, stangrumo suma\u017e\u0117jimo ir diskomforto po\u017eymiais.<\/p>\n<p data-start=\"5756\" data-end=\"5772\"><strong data-start=\"5756\" data-end=\"5766\">T\u016bris:<\/strong> 30 ml<\/p>\n<\/div>\n<\/div>\n<\/div>\n","protected":false},"excerpt":{"rendered":"<div title=\"Page 25\">\n<p data-start=\"5893\" data-end=\"5915\">Dr\u0117kinamasis serumas<\/p>\n<h2 data-start=\"5917\" data-end=\"5963\"><strong data-start=\"5917\" data-end=\"5963\">Forlled &#8211; Hyalogy P-Effect Essence Savyb\u0117s<\/strong><\/h2>\n<p data-start=\"5965\" data-end=\"6217\">\u2714\ufe0f Intensyviai dr\u0117kina ir suteikia biostimuliuojant\u012f poveik\u012f<br data-start=\"6025\" data-end=\"6028\" \/>\u2714\ufe0f Atkuria ir palaiko odos dr\u0117gm\u0117s balans\u0105<br data-start=\"6070\" data-end=\"6073\" \/>\u2714\ufe0f Skatina l\u0105steli\u0173 regeneracijos procesus<br data-start=\"6115\" data-end=\"6118\" \/>\u2714\ufe0f Didina odos stangrum\u0105 ir ma\u017eina rauk\u0161li\u0173 matomum\u0105<br data-start=\"6170\" data-end=\"6173\" \/>\u2714\ufe0f Gerina odos med\u017eiag\u0173 apykaitos procesus<\/p>\n<\/div>\n","protected":false},"featured_media":64579,"template":"","meta":[],"pwb-brand":[777],"product_brand":[],"product_cat":[738,724],"product_tag":[],"giftcard-category":[],"class_list":{"0":"post-78740","1":"product","2":"type-product","3":"status-publish","4":"has-post-thumbnail","6":"pwb-brand-forlled","7":"product_cat-drekinimas","8":"product_cat-serumai","10":"first","11":"instock","12":"taxable","13":"shipping-taxable","14":"purchasable","15":"product-type-simple"},"acf":[],"brands":[{"id":777,"name":"Forlled","slug":"forlled"}],"_links":{"self":[{"href":"https:\/\/skinstudio.ee\/lt\/wp-json\/wp\/v2\/product\/78740","targetHints":{"allow":["GET"]}}],"collection":[{"href":"https:\/\/skinstudio.ee\/lt\/wp-json\/wp\/v2\/product"}],"about":[{"href":"https:\/\/skinstudio.ee\/lt\/wp-json\/wp\/v2\/types\/product"}],"version-history":[{"count":1,"href":"https:\/\/skinstudio.ee\/lt\/wp-json\/wp\/v2\/product\/78740\/revisions"}],"predecessor-version":[{"id":78744,"href":"https:\/\/skinstudio.ee\/lt\/wp-json\/wp\/v2\/product\/78740\/revisions\/78744"}],"wp:featuredmedia":[{"embeddable":true,"href":"https:\/\/skinstudio.ee\/lt\/wp-json\/wp\/v2\/media\/64579"}],"wp:attachment":[{"href":"https:\/\/skinstudio.ee\/lt\/wp-json\/wp\/v2\/media?parent=78740"}],"wp:term":[{"taxonomy":"pwb-brand","embeddable":true,"href":"https:\/\/skinstudio.ee\/lt\/wp-json\/wp\/v2\/pwb-brand?post=78740"},{"taxonomy":"product_brand","embeddable":true,"href":"https:\/\/skinstudio.ee\/lt\/wp-json\/wp\/v2\/product_brand?post=78740"},{"taxonomy":"product_cat","embeddable":true,"href":"https:\/\/skinstudio.ee\/lt\/wp-json\/wp\/v2\/product_cat?post=78740"},{"taxonomy":"product_tag","embeddable":true,"href":"https:\/\/skinstudio.ee\/lt\/wp-json\/wp\/v2\/product_tag?post=78740"},{"taxonomy":"giftcard-category","embeddable":true,"href":"https:\/\/skinstudio.ee\/lt\/wp-json\/wp\/v2\/giftcard-category?post=78740"}],"curies":[{"name":"wp","href":"https:\/\/api.w.org\/{rel}","templated":true}]}}