{"id":78751,"date":"2024-03-27T15:36:01","date_gmt":"2024-03-27T15:36:01","guid":{"rendered":"https:\/\/skinstudio.ee\/?post_type=product&#038;p=78751"},"modified":"2026-02-13T15:28:16","modified_gmt":"2026-02-13T15:28:16","slug":"hyalogy-ac-clear-lotion","status":"publish","type":"product","link":"https:\/\/skinstudio.ee\/lt\/catalog\/forlled\/hyalogy-ac-clear-lotion\/","title":{"rendered":"Hyalogy AC Clear Lotion"},"content":{"rendered":"<p data-start=\"4904\" data-end=\"5147\"><strong data-start=\"4904\" data-end=\"4943\">Hyalogy AC Clear Lotion nuo Forlled<\/strong> \u2013 tai skaidrus losjonas, specialiai sukurtas riebios ir mi\u0161rios, \u012f b\u0117rimus linkusios odos prie\u017ei\u016brai. Priemon\u0117 suteikia gaivinant\u012f, raminant\u012f ir dr\u0117kinant\u012f poveik\u012f bei paruo\u0161ia od\u0105 tolimesnei prie\u017ei\u016brai.<\/p>\n<p data-start=\"5149\" data-end=\"5426\">Losjonas padeda aktyviosioms serum\u0173 ir krem\u0173 sudedamosioms dalims giliau prasiskverbti \u012f od\u0105. Formul\u0117 padeda normalizuoti odos mikroflor\u0105 ir pH balans\u0105, neutralizuoja patogenin\u0119 flor\u0105 ir palaiko apsaugini\u0173 mikroorganizm\u0173 dauginim\u0105si, kas ypa\u010d svarbu \u012f u\u017edegimus linkusiai odai.<\/p>\n<p data-start=\"5428\" data-end=\"5612\">Reguliariai naudojant oda tampa labiau subalansuota, suma\u017e\u0117ja perteklinio riebumo ir diskomforto poj\u016btis, pager\u0117ja bendra odos kokyb\u0117 ir padid\u0117ja jos atsparumas i\u0161oriniams dirgikliams.<\/p>\n<p data-start=\"5614\" data-end=\"5806\"><strong data-start=\"5614\" data-end=\"5652\">Kam tinka Hyalogy AC Clear Lotion:<\/strong> riebiai ir mi\u0161riai odai, linkusiai \u012f u\u017edegimus, b\u0117rimus, pH disbalans\u0105 ir diskomfort\u0105, taip pat kaip paruo\u0161iamasis \u017eingsnis prie\u0161 aktyvi\u0105 odos prie\u017ei\u016br\u0105.<\/p>\n<p data-start=\"5808\" data-end=\"5825\"><strong data-start=\"5808\" data-end=\"5818\">T\u016bris:<\/strong> 120 ml<\/p>\n","protected":false},"excerpt":{"rendered":"<p data-start=\"6057\" data-end=\"6099\">Valantis ir balans\u0105 atkuriantis losjonas<\/p>\n<h2 data-start=\"6101\" data-end=\"6146\"><strong data-start=\"6101\" data-end=\"6146\">Forlled &#8211; Hyalogy AC Clear Lotion Savyb\u0117s<\/strong><\/h2>\n<p data-start=\"6148\" data-end=\"6340\">\u2714\ufe0f Atkuria optimal\u0173 odos dr\u0117gm\u0117s lyg\u012f<br data-start=\"6185\" data-end=\"6188\" \/>\u2714\ufe0f Normalizuoja odos bakterin\u0119 mikroflor\u0105<br data-start=\"6229\" data-end=\"6232\" \/>\u2714\ufe0f Palaiko fiziologin\u012f odos pH<br data-start=\"6262\" data-end=\"6265\" \/>\u2714\ufe0f Reguliuoja riebal\u0173 i\u0161siskyrim\u0105<br data-start=\"6298\" data-end=\"6301\" \/>\u2714\ufe0f Paruo\u0161ia od\u0105 tolimesnei prie\u017ei\u016brai<\/p>\n","protected":false},"featured_media":64584,"template":"","meta":[],"pwb-brand":[777],"product_brand":[],"product_cat":[742,748,722],"product_tag":[],"giftcard-category":[],"class_list":{"0":"post-78751","1":"product","2":"type-product","3":"status-publish","4":"has-post-thumbnail","6":"pwb-brand-forlled","7":"product_cat-berimai","8":"product_cat-taukainai-adai-lt","9":"product_cat-toneriai","11":"first","12":"instock","13":"taxable","14":"shipping-taxable","15":"purchasable","16":"product-type-simple"},"acf":[],"brands":[{"id":777,"name":"Forlled","slug":"forlled"}],"_links":{"self":[{"href":"https:\/\/skinstudio.ee\/lt\/wp-json\/wp\/v2\/product\/78751","targetHints":{"allow":["GET"]}}],"collection":[{"href":"https:\/\/skinstudio.ee\/lt\/wp-json\/wp\/v2\/product"}],"about":[{"href":"https:\/\/skinstudio.ee\/lt\/wp-json\/wp\/v2\/types\/product"}],"version-history":[{"count":1,"href":"https:\/\/skinstudio.ee\/lt\/wp-json\/wp\/v2\/product\/78751\/revisions"}],"predecessor-version":[{"id":78753,"href":"https:\/\/skinstudio.ee\/lt\/wp-json\/wp\/v2\/product\/78751\/revisions\/78753"}],"wp:featuredmedia":[{"embeddable":true,"href":"https:\/\/skinstudio.ee\/lt\/wp-json\/wp\/v2\/media\/64584"}],"wp:attachment":[{"href":"https:\/\/skinstudio.ee\/lt\/wp-json\/wp\/v2\/media?parent=78751"}],"wp:term":[{"taxonomy":"pwb-brand","embeddable":true,"href":"https:\/\/skinstudio.ee\/lt\/wp-json\/wp\/v2\/pwb-brand?post=78751"},{"taxonomy":"product_brand","embeddable":true,"href":"https:\/\/skinstudio.ee\/lt\/wp-json\/wp\/v2\/product_brand?post=78751"},{"taxonomy":"product_cat","embeddable":true,"href":"https:\/\/skinstudio.ee\/lt\/wp-json\/wp\/v2\/product_cat?post=78751"},{"taxonomy":"product_tag","embeddable":true,"href":"https:\/\/skinstudio.ee\/lt\/wp-json\/wp\/v2\/product_tag?post=78751"},{"taxonomy":"giftcard-category","embeddable":true,"href":"https:\/\/skinstudio.ee\/lt\/wp-json\/wp\/v2\/giftcard-category?post=78751"}],"curies":[{"name":"wp","href":"https:\/\/api.w.org\/{rel}","templated":true}]}}