{"id":78764,"date":"2024-03-27T15:13:55","date_gmt":"2024-03-27T15:13:55","guid":{"rendered":"https:\/\/skinstudio.ee\/?post_type=product&#038;p=78764"},"modified":"2026-02-13T15:28:35","modified_gmt":"2026-02-13T15:28:35","slug":"hyalogy-re-dify-lotion","status":"publish","type":"product","link":"https:\/\/skinstudio.ee\/lt\/catalog\/forlled\/hyalogy-re-dify-lotion\/","title":{"rendered":"Hyalogy Re-Dify Lotion"},"content":{"rendered":"<div class=\"page\" title=\"Page 1\">\n<div class=\"layoutArea\">\n<div class=\"column\">\n<p data-start=\"4476\" data-end=\"4756\"><strong data-start=\"4476\" data-end=\"4514\">Hyalogy Re-Dify Lotion nuo Forlled<\/strong> \u2013 tai sodrus, intensyvus sen\u0117jim\u0105 l\u0117tinantis losjonas, pasi\u017eymintis ry\u0161kiu dr\u0117kinamuoju, detoksikuojan\u010diu ir biostimuliuojan\u010diu poveikiu. Priemon\u0117 padeda atkurti odos balans\u0105, ramina sudirgim\u0105 ir didina odos atsparum\u0105 i\u0161oriniams stresoriams.<\/p>\n<p data-start=\"4758\" data-end=\"4970\">Losjonas ne tik paruo\u0161ia od\u0105 tolimesnei prie\u017ei\u016brai, bet ir veikia kaip aktyvus stipriklis, sustiprinantis krem\u0173, serum\u0173 ir kauki\u0173 poveik\u012f. Formul\u0117 palaiko odos atsinaujinimo procesus ir gerina bendr\u0105 odos kokyb\u0119.<\/p>\n<p data-start=\"4972\" data-end=\"5103\">Priemon\u0117 ramina od\u0105, ma\u017eina diskomfort\u0105 ir palaiko jos funkcin\u0119 b\u016bkl\u0119, ypa\u010d esant u\u017edegiminiams procesams ir padid\u0117jusiam riebumui.<\/p>\n<p data-start=\"5105\" data-end=\"5321\"><strong data-start=\"5105\" data-end=\"5142\">Kam tinka Hyalogy Re-Dify Lotion:<\/strong> riebiai ir mi\u0161riai odai, \u012f u\u017edegimus ir blizges\u012f linkusiai odai, taip pat odai, kuriai reikalingas intensyvus dr\u0117kinimas ir sustiprintas tolimesni\u0173 prie\u017ei\u016bros priemoni\u0173 poveikis.<\/p>\n<p data-start=\"5323\" data-end=\"5339\"><strong data-start=\"5323\" data-end=\"5333\">T\u016bris:<\/strong> 120 g<\/p>\n<\/div>\n<\/div>\n<\/div>\n","protected":false},"excerpt":{"rendered":"<div class=\"page\" title=\"Page 1\">\n<div class=\"layoutArea\">\n<div class=\"column\">\n<p data-start=\"5490\" data-end=\"5520\">Sen\u0117jim\u0105 l\u0117tinantis losjonas<\/p>\n<h2 data-start=\"5522\" data-end=\"5566\"><strong data-start=\"5522\" data-end=\"5566\">Forlled &#8211; Hyalogy Re-Dify Lotion Savyb\u0117s<\/strong><\/h2>\n<p data-start=\"5568\" data-end=\"5774\">\u2714\ufe0f Intensyviai dr\u0117kina od\u0105<br data-start=\"5594\" data-end=\"5597\" \/>\u2714\ufe0f Skatina kolageno ir tarpl\u0105stelin\u0117s matricos sintez\u0119<br data-start=\"5651\" data-end=\"5654\" \/>\u2714\ufe0f Palaiko detoksikacijos procesus<br data-start=\"5688\" data-end=\"5691\" \/>\u2714\ufe0f Ramina od\u0105 ir ma\u017eina sudirgim\u0105<br data-start=\"5724\" data-end=\"5727\" \/>\u2714\ufe0f Sustiprina krem\u0173, serum\u0173 ir kauki\u0173 poveik\u012f<\/p>\n<\/div>\n<\/div>\n<\/div>\n","protected":false},"featured_media":64656,"template":"","meta":[],"pwb-brand":[777],"product_brand":[],"product_cat":[750,748,722],"product_tag":[],"giftcard-category":[],"class_list":{"0":"post-78764","1":"product","2":"type-product","3":"status-publish","4":"has-post-thumbnail","6":"pwb-brand-forlled","7":"product_cat-senstanti-oda","8":"product_cat-taukainai-adai-lt","9":"product_cat-toneriai","11":"first","12":"instock","13":"taxable","14":"shipping-taxable","15":"purchasable","16":"product-type-simple"},"acf":[],"brands":[{"id":777,"name":"Forlled","slug":"forlled"}],"_links":{"self":[{"href":"https:\/\/skinstudio.ee\/lt\/wp-json\/wp\/v2\/product\/78764","targetHints":{"allow":["GET"]}}],"collection":[{"href":"https:\/\/skinstudio.ee\/lt\/wp-json\/wp\/v2\/product"}],"about":[{"href":"https:\/\/skinstudio.ee\/lt\/wp-json\/wp\/v2\/types\/product"}],"version-history":[{"count":1,"href":"https:\/\/skinstudio.ee\/lt\/wp-json\/wp\/v2\/product\/78764\/revisions"}],"predecessor-version":[{"id":78769,"href":"https:\/\/skinstudio.ee\/lt\/wp-json\/wp\/v2\/product\/78764\/revisions\/78769"}],"wp:featuredmedia":[{"embeddable":true,"href":"https:\/\/skinstudio.ee\/lt\/wp-json\/wp\/v2\/media\/64656"}],"wp:attachment":[{"href":"https:\/\/skinstudio.ee\/lt\/wp-json\/wp\/v2\/media?parent=78764"}],"wp:term":[{"taxonomy":"pwb-brand","embeddable":true,"href":"https:\/\/skinstudio.ee\/lt\/wp-json\/wp\/v2\/pwb-brand?post=78764"},{"taxonomy":"product_brand","embeddable":true,"href":"https:\/\/skinstudio.ee\/lt\/wp-json\/wp\/v2\/product_brand?post=78764"},{"taxonomy":"product_cat","embeddable":true,"href":"https:\/\/skinstudio.ee\/lt\/wp-json\/wp\/v2\/product_cat?post=78764"},{"taxonomy":"product_tag","embeddable":true,"href":"https:\/\/skinstudio.ee\/lt\/wp-json\/wp\/v2\/product_tag?post=78764"},{"taxonomy":"giftcard-category","embeddable":true,"href":"https:\/\/skinstudio.ee\/lt\/wp-json\/wp\/v2\/giftcard-category?post=78764"}],"curies":[{"name":"wp","href":"https:\/\/api.w.org\/{rel}","templated":true}]}}