{"id":78777,"date":"2024-03-27T13:06:48","date_gmt":"2024-03-27T13:06:48","guid":{"rendered":"https:\/\/skinstudio.ee\/?post_type=product&#038;p=78777"},"modified":"2026-02-13T15:28:29","modified_gmt":"2026-02-13T15:28:29","slug":"hyalogy-p-effect-refining-lotion","status":"publish","type":"product","link":"https:\/\/skinstudio.ee\/lt\/catalog\/forlled\/hyalogy-p-effect-refining-lotion\/","title":{"rendered":"Hyalogy P-effect Refining Lotion"},"content":{"rendered":"<div class=\"page\" title=\"Page 21\">\n<div class=\"layoutArea\">\n<div class=\"column\">\n<p data-start=\"5561\" data-end=\"5871\"><strong data-start=\"5561\" data-end=\"5609\">Hyalogy P-effect Refining Lotion nuo Forlled<\/strong> \u2013 dr\u0117kinamasis losjonas su didele patentuotos ma\u017eos molekulin\u0117s mas\u0117s hialurono r\u016bg\u0161ties koncentracija, u\u017etikrinantis greit\u0105 ir gil\u0173 dr\u0117kinim\u0105 net labai sausai ir dehidratuotai odai. Formul\u0117 veikia gilesniuose odos sluoksniuose, greitai suma\u017eindama diskomfort\u0105.<\/p>\n<p data-start=\"5873\" data-end=\"6086\">Be intensyvaus dr\u0117kinimo, losjonas padeda odai prie\u0161intis u\u017edegiminiams procesams, skatina l\u0105steli\u0173 regeneracij\u0105, glotnina rauk\u0161les ir gerina odos stangrum\u0105. Oda tampa tankesn\u0117, elastingesn\u0117 ir vizualiai gaivesn\u0117.<\/p>\n<p data-start=\"6088\" data-end=\"6363\">Reguliariai naudojant pager\u0117ja odos med\u017eiag\u0173 apykaitos ir atsinaujinimo procesai, sustipr\u0117ja nat\u016brali odos imunin\u0117 apsauga ir padid\u0117ja atsparumas i\u0161oriniams streso veiksniams. Tinka kasdieniam naudojimui kaip savaranki\u0161kas prie\u017ei\u016bros etapas arba profesionali\u0173 proced\u016br\u0173 metu.<\/p>\n<p data-start=\"6365\" data-end=\"6737\"><strong data-start=\"6365\" data-end=\"6412\">Kam tinka Hyalogy P-effect Refining Lotion:<\/strong> dehidratuotai odai su elastingumo suma\u017e\u0117jimu ir gravitacin\u0117s ptoz\u0117s po\u017eymiais, odai, linkusiai \u012f paraudim\u0105 ir kuperoz\u0119, odai su smulkiomis ir giliomis rauk\u0161l\u0117mis, pavargusiai ir stresuotai odai, taip pat mezoterapijos, dermalini\u0173 u\u017epild\u0173 ir poestetini\u0173 proced\u016br\u0173 efektyvumui didinti. Tinka vis\u0173 tip\u0173 odai, \u012fskaitant jautri\u0105.<\/p>\n<p data-start=\"6739\" data-end=\"6756\"><strong data-start=\"6739\" data-end=\"6749\">T\u016bris:<\/strong> 150 ml<\/p>\n<\/div>\n<\/div>\n<\/div>\n","protected":false},"excerpt":{"rendered":"<div class=\"page\" title=\"Page 21\">\n<div class=\"layoutArea\">\n<div class=\"column\">\n<p data-start=\"6915\" data-end=\"6938\">Dr\u0117kinamasis losjonas<\/p>\n<h2 data-start=\"6940\" data-end=\"6994\"><strong data-start=\"6940\" data-end=\"6994\">Forlled &#8211; Hyalogy P-effect Refining Lotion Savyb\u0117s<\/strong><\/h2>\n<p data-start=\"6996\" data-end=\"7239\">\u2714\ufe0f U\u017etikrina intensyv\u0173 gilumin\u012f dr\u0117kinim\u0105<br data-start=\"7037\" data-end=\"7040\" \/>\u2714\ufe0f Padeda apsaugoti od\u0105 nuo prie\u0161laikinio sen\u0117jimo<br data-start=\"7090\" data-end=\"7093\" \/>\u2714\ufe0f Gerina odos stangrum\u0105 ir suteikia lengv\u0105 liftingo efekt\u0105<br data-start=\"7152\" data-end=\"7155\" \/>\u2714\ufe0f Sustiprina v\u0117liau naudojam\u0173 serum\u0173 poveik\u012f<br data-start=\"7200\" data-end=\"7203\" \/>\u2714\ufe0f Suteikia antioksidacin\u0119 apsaug\u0105<\/p>\n<\/div>\n<\/div>\n<\/div>\n","protected":false},"featured_media":64675,"template":"","meta":[],"pwb-brand":[777],"product_brand":[],"product_cat":[738,746,740,748,722],"product_tag":[],"giftcard-category":[],"class_list":{"0":"post-78777","1":"product","2":"type-product","3":"status-publish","4":"has-post-thumbnail","6":"pwb-brand-forlled","7":"product_cat-drekinimas","8":"product_cat-jautriai-odai","9":"product_cat-sausai-odai","10":"product_cat-taukainai-adai-lt","11":"product_cat-toneriai","13":"first","14":"instock","15":"taxable","16":"shipping-taxable","17":"purchasable","18":"product-type-simple"},"acf":[],"brands":[{"id":777,"name":"Forlled","slug":"forlled"}],"_links":{"self":[{"href":"https:\/\/skinstudio.ee\/lt\/wp-json\/wp\/v2\/product\/78777","targetHints":{"allow":["GET"]}}],"collection":[{"href":"https:\/\/skinstudio.ee\/lt\/wp-json\/wp\/v2\/product"}],"about":[{"href":"https:\/\/skinstudio.ee\/lt\/wp-json\/wp\/v2\/types\/product"}],"version-history":[{"count":1,"href":"https:\/\/skinstudio.ee\/lt\/wp-json\/wp\/v2\/product\/78777\/revisions"}],"predecessor-version":[{"id":78780,"href":"https:\/\/skinstudio.ee\/lt\/wp-json\/wp\/v2\/product\/78777\/revisions\/78780"}],"wp:featuredmedia":[{"embeddable":true,"href":"https:\/\/skinstudio.ee\/lt\/wp-json\/wp\/v2\/media\/64675"}],"wp:attachment":[{"href":"https:\/\/skinstudio.ee\/lt\/wp-json\/wp\/v2\/media?parent=78777"}],"wp:term":[{"taxonomy":"pwb-brand","embeddable":true,"href":"https:\/\/skinstudio.ee\/lt\/wp-json\/wp\/v2\/pwb-brand?post=78777"},{"taxonomy":"product_brand","embeddable":true,"href":"https:\/\/skinstudio.ee\/lt\/wp-json\/wp\/v2\/product_brand?post=78777"},{"taxonomy":"product_cat","embeddable":true,"href":"https:\/\/skinstudio.ee\/lt\/wp-json\/wp\/v2\/product_cat?post=78777"},{"taxonomy":"product_tag","embeddable":true,"href":"https:\/\/skinstudio.ee\/lt\/wp-json\/wp\/v2\/product_tag?post=78777"},{"taxonomy":"giftcard-category","embeddable":true,"href":"https:\/\/skinstudio.ee\/lt\/wp-json\/wp\/v2\/giftcard-category?post=78777"}],"curies":[{"name":"wp","href":"https:\/\/api.w.org\/{rel}","templated":true}]}}