{"id":78790,"date":"2024-03-27T12:28:27","date_gmt":"2024-03-27T12:28:27","guid":{"rendered":"https:\/\/skinstudio.ee\/?post_type=product&#038;p=78790"},"modified":"2026-02-13T15:28:36","modified_gmt":"2026-02-13T15:28:36","slug":"hyalogy-remover-for-point-make-up","status":"publish","type":"product","link":"https:\/\/skinstudio.ee\/lt\/catalog\/forlled\/hyalogy-remover-for-point-make-up\/","title":{"rendered":"Hyalogy Remover For Point Make-Up"},"content":{"rendered":"<p data-start=\"5327\" data-end=\"5599\"><strong data-start=\"5327\" data-end=\"5376\">Hyalogy Remover For Point Make-Up nuo Forlled<\/strong> \u2013 dvifaz\u0117 priemon\u0117, skirta \u0161velniam ir efektyviam aki\u0173 ir l\u016bp\u0173 makia\u017eo pa\u0161alinimui. Augalini\u0173 ekstrakt\u0173 ir nat\u016brali\u0173 aliej\u0173 derinys \u0161velniai i\u0161tirpdo makia\u017e\u0105 ir ne\u0161varumus, nepa\u017eeisdamas nat\u016bralaus odos apsauginio barjero.<\/p>\n<p data-start=\"5601\" data-end=\"5828\">Priemon\u0117 giliai valo, padeda pa\u0161alinti toksinus, ramina sudirgim\u0105 ir palaiko odos apsaugini\u0173 funkcij\u0173 atk\u016brim\u0105. Antioksidantai gerina mikrocirkuliacij\u0105 ir padeda i\u0161lyginti odos ton\u0105, u\u017etikrindami komfort\u0105 net jautriose vietose.<\/p>\n<p data-start=\"5830\" data-end=\"5961\">Formul\u0117 yra hipoalergin\u0117, nesukelia sausumo ar tempimo poj\u016b\u010dio ir tinka reguliariam naudojimui, \u012fskaitant jautri\u0105 aki\u0173 ir l\u016bp\u0173 od\u0105.<\/p>\n<p data-start=\"5963\" data-end=\"6145\"><strong data-start=\"5963\" data-end=\"6011\">Kam tinka Hyalogy Remover For Point Make-Up:<\/strong> vis\u0173 tip\u0173 odai, \u012fskaitant jautri\u0105, bei aki\u0173 ir l\u016bp\u0173 makia\u017eui, taip pat vandeniui atspariam, pa\u0161alinti be dirginimo ir odos pa\u017eeidimo.<\/p>\n<p data-start=\"6147\" data-end=\"6164\"><strong data-start=\"6147\" data-end=\"6157\">T\u016bris:<\/strong> 150 ml<\/p>\n","protected":false},"excerpt":{"rendered":"<div class=\"page\" title=\"Page 17\">\n<div class=\"layoutArea\">\n<div class=\"column\">\n<p data-start=\"6503\" data-end=\"6521\">Makia\u017eo valiklis<\/p>\n<h2 data-start=\"6523\" data-end=\"6578\"><strong data-start=\"6523\" data-end=\"6578\">Forlled &#8211; Hyalogy Remover For Point Make-Up Savyb\u0117s<\/strong><\/h2>\n<p data-start=\"6580\" data-end=\"6859\">\u2714\ufe0f Efektyviai pa\u0161alina aki\u0173 ir l\u016bp\u0173 makia\u017e\u0105, \u012fskaitant vandeniui atspar\u0173<br data-start=\"6652\" data-end=\"6655\" \/>\u2714\ufe0f \u0160velniai valo od\u0105, nepa\u017eeisdamas apsauginio barjero<br data-start=\"6709\" data-end=\"6712\" \/>\u2714\ufe0f Ramina od\u0105 ir ma\u017eina sudirgimo rizik\u0105<br data-start=\"6752\" data-end=\"6755\" \/>\u2714\ufe0f Palaiko mikrocirkuliacij\u0105 ir tolyg\u0173 odos atspalv\u012f<br data-start=\"6807\" data-end=\"6810\" \/>\u2714\ufe0f Tinka jautriai odai ir kasdieniam naudojimui<\/p>\n<\/div>\n<\/div>\n<\/div>\n","protected":false},"featured_media":64600,"template":"","meta":[],"pwb-brand":[777],"product_brand":[],"product_cat":[718],"product_tag":[],"giftcard-category":[],"class_list":{"0":"post-78790","1":"product","2":"type-product","3":"status-publish","4":"has-post-thumbnail","6":"pwb-brand-forlled","7":"product_cat-valymas","9":"first","10":"instock","11":"taxable","12":"shipping-taxable","13":"purchasable","14":"product-type-simple"},"acf":[],"brands":[{"id":777,"name":"Forlled","slug":"forlled"}],"_links":{"self":[{"href":"https:\/\/skinstudio.ee\/lt\/wp-json\/wp\/v2\/product\/78790","targetHints":{"allow":["GET"]}}],"collection":[{"href":"https:\/\/skinstudio.ee\/lt\/wp-json\/wp\/v2\/product"}],"about":[{"href":"https:\/\/skinstudio.ee\/lt\/wp-json\/wp\/v2\/types\/product"}],"version-history":[{"count":1,"href":"https:\/\/skinstudio.ee\/lt\/wp-json\/wp\/v2\/product\/78790\/revisions"}],"predecessor-version":[{"id":78794,"href":"https:\/\/skinstudio.ee\/lt\/wp-json\/wp\/v2\/product\/78790\/revisions\/78794"}],"wp:featuredmedia":[{"embeddable":true,"href":"https:\/\/skinstudio.ee\/lt\/wp-json\/wp\/v2\/media\/64600"}],"wp:attachment":[{"href":"https:\/\/skinstudio.ee\/lt\/wp-json\/wp\/v2\/media?parent=78790"}],"wp:term":[{"taxonomy":"pwb-brand","embeddable":true,"href":"https:\/\/skinstudio.ee\/lt\/wp-json\/wp\/v2\/pwb-brand?post=78790"},{"taxonomy":"product_brand","embeddable":true,"href":"https:\/\/skinstudio.ee\/lt\/wp-json\/wp\/v2\/product_brand?post=78790"},{"taxonomy":"product_cat","embeddable":true,"href":"https:\/\/skinstudio.ee\/lt\/wp-json\/wp\/v2\/product_cat?post=78790"},{"taxonomy":"product_tag","embeddable":true,"href":"https:\/\/skinstudio.ee\/lt\/wp-json\/wp\/v2\/product_tag?post=78790"},{"taxonomy":"giftcard-category","embeddable":true,"href":"https:\/\/skinstudio.ee\/lt\/wp-json\/wp\/v2\/giftcard-category?post=78790"}],"curies":[{"name":"wp","href":"https:\/\/api.w.org\/{rel}","templated":true}]}}