{"id":78801,"date":"2024-01-17T14:17:20","date_gmt":"2024-01-17T14:17:20","guid":{"rendered":"https:\/\/skinstudio.ee\/?post_type=product&#038;p=78801"},"modified":"2026-02-13T15:28:31","modified_gmt":"2026-02-13T15:28:31","slug":"hyalogy-platinum-essence","status":"publish","type":"product","link":"https:\/\/skinstudio.ee\/lt\/catalog\/forlled\/hyalogy-platinum-essence\/","title":{"rendered":"Hyalogy Platinum Essence"},"content":{"rendered":"<div class=\"page\" title=\"Page 23\">\n<div class=\"layoutArea\">\n<div class=\"column\">\n<p data-start=\"5536\" data-end=\"5827\"><strong data-start=\"5536\" data-end=\"5576\">Hyalogy Platinum Essence nuo Forlled<\/strong> &#8211; unikalus antioksidacinis serumas, pagr\u012fstas jonizuotu ma\u017eos molekulin\u0117s mas\u0117s platinos ir hialurono r\u016bg\u0161ties vandeniniu tirpalu. Serumas suteikia ry\u0161ki\u0105 antioksidacin\u0119 apsaug\u0105, padeda suvienodinti odos ton\u0105 ir suma\u017einti hiperpigmentacijos po\u017eymius.<\/p>\n<p data-start=\"5829\" data-end=\"6063\">Formul\u0117 veiksmingai kovoja su prie\u0161laikiniu odos sen\u0117jimu, padeda i\u0161laikyti odos stangrum\u0105 ir elastingum\u0105 bei ma\u017eina rauk\u0161li\u0173 gyl\u012f ir matomum\u0105. Serumas skirtas oksidacinio streso paveiktai odai atkurti ir bendrai odos kokybei gerinti.<\/p>\n<p data-start=\"6065\" data-end=\"6305\">D\u0117l ma\u017eos molekulin\u0117s mas\u0117s platinos prie\u0161u\u017edegimini\u0173 savybi\u0173 serumas tinka ne tik brand\u017eiai, bet ir riebiai, probleminei, \u012f u\u017edegimus linkusiai odai. Jis didina odos atsparum\u0105 i\u0161oriniams streso veiksniams ir palaiko regeneracijos procesus.<\/p>\n<p data-start=\"6307\" data-end=\"6664\"><strong data-start=\"6307\" data-end=\"6346\">Kam tinka Hyalogy Platinum Essence:<\/strong> odai su fotosen\u0117jimo ir oksidacinio streso po\u017eymiais, esant hiperpigmentacijai, suma\u017e\u0117jus tonusui ir elastingumui, odos suglebimui, pavargusiai ir stresuotai odai, taip pat u\u017edegimams linkusiai odai. Rekomenduojamas mezoterapijos, dermalini\u0173 u\u017epild\u0173 ir poestetini\u0173 proced\u016br\u0173 efektyvumui didinti. Tinka vis\u0173 tip\u0173 odai.<\/p>\n<p data-start=\"6666\" data-end=\"6682\"><strong data-start=\"6666\" data-end=\"6676\">T\u016bris:<\/strong> 15 ml<\/p>\n<\/div>\n<\/div>\n<\/div>\n","protected":false},"excerpt":{"rendered":"<div class=\"page\" title=\"Page 23\">\n<div class=\"layoutArea\">\n<div class=\"column\">\n<p data-start=\"6859\" data-end=\"6884\">Antioksidacinis serumas<\/p>\n<h2 data-start=\"6886\" data-end=\"6932\"><strong data-start=\"6886\" data-end=\"6932\">Forlled &#8211; Hyalogy Platinum Essence Savyb\u0117s<\/strong><\/h2>\n<p data-start=\"6934\" data-end=\"7172\">\u2714\ufe0f Suteikia intensyvi\u0105 antioksidacin\u0119 apsaug\u0105<br data-start=\"6979\" data-end=\"6982\" \/>\u2714\ufe0f Skatina odos regeneracij\u0105 ir strukt\u016bros atstatym\u0105<br data-start=\"7034\" data-end=\"7037\" \/>\u2714\ufe0f Palaiko detoksikacijos procesus<br data-start=\"7071\" data-end=\"7074\" \/>\u2714\ufe0f Padeda skaistinti od\u0105 ir ma\u017einti pigmentacij\u0105<br data-start=\"7122\" data-end=\"7125\" \/>\u2714\ufe0f Gerina odos stangrum\u0105 ir atsparum\u0105 stresui<\/p>\n<\/div>\n<\/div>\n<\/div>\n","protected":false},"featured_media":64605,"template":"","meta":[],"pwb-brand":[777],"product_brand":[],"product_cat":[742,744,752,750,724],"product_tag":[],"giftcard-category":[],"class_list":{"0":"post-78801","1":"product","2":"type-product","3":"status-publish","4":"has-post-thumbnail","6":"pwb-brand-forlled","7":"product_cat-berimai","8":"product_cat-issipletusios-poros","9":"product_cat-pigmentacija-lt","10":"product_cat-senstanti-oda","11":"product_cat-serumai","13":"first","14":"instock","15":"taxable","16":"shipping-taxable","17":"purchasable","18":"product-type-simple"},"acf":[],"brands":[{"id":777,"name":"Forlled","slug":"forlled"}],"_links":{"self":[{"href":"https:\/\/skinstudio.ee\/lt\/wp-json\/wp\/v2\/product\/78801","targetHints":{"allow":["GET"]}}],"collection":[{"href":"https:\/\/skinstudio.ee\/lt\/wp-json\/wp\/v2\/product"}],"about":[{"href":"https:\/\/skinstudio.ee\/lt\/wp-json\/wp\/v2\/types\/product"}],"version-history":[{"count":1,"href":"https:\/\/skinstudio.ee\/lt\/wp-json\/wp\/v2\/product\/78801\/revisions"}],"predecessor-version":[{"id":78803,"href":"https:\/\/skinstudio.ee\/lt\/wp-json\/wp\/v2\/product\/78801\/revisions\/78803"}],"wp:featuredmedia":[{"embeddable":true,"href":"https:\/\/skinstudio.ee\/lt\/wp-json\/wp\/v2\/media\/64605"}],"wp:attachment":[{"href":"https:\/\/skinstudio.ee\/lt\/wp-json\/wp\/v2\/media?parent=78801"}],"wp:term":[{"taxonomy":"pwb-brand","embeddable":true,"href":"https:\/\/skinstudio.ee\/lt\/wp-json\/wp\/v2\/pwb-brand?post=78801"},{"taxonomy":"product_brand","embeddable":true,"href":"https:\/\/skinstudio.ee\/lt\/wp-json\/wp\/v2\/product_brand?post=78801"},{"taxonomy":"product_cat","embeddable":true,"href":"https:\/\/skinstudio.ee\/lt\/wp-json\/wp\/v2\/product_cat?post=78801"},{"taxonomy":"product_tag","embeddable":true,"href":"https:\/\/skinstudio.ee\/lt\/wp-json\/wp\/v2\/product_tag?post=78801"},{"taxonomy":"giftcard-category","embeddable":true,"href":"https:\/\/skinstudio.ee\/lt\/wp-json\/wp\/v2\/giftcard-category?post=78801"}],"curies":[{"name":"wp","href":"https:\/\/api.w.org\/{rel}","templated":true}]}}