{"id":78810,"date":"2024-01-17T12:42:47","date_gmt":"2024-01-17T12:42:47","guid":{"rendered":"https:\/\/skinstudio.ee\/?post_type=product&#038;p=78810"},"modified":"2026-02-13T15:28:42","modified_gmt":"2026-02-13T15:28:42","slug":"hyalogy-%ce%b2","status":"publish","type":"product","link":"https:\/\/skinstudio.ee\/lt\/catalog\/forlled\/hyalogy-%ce%b2\/","title":{"rendered":"Hyalogy \u03b2"},"content":{"rendered":"<div class=\"page\" title=\"Page 30\">\n<div class=\"layoutArea\">\n<div class=\"column\">\n<p data-start=\"4920\" data-end=\"5164\"><strong data-start=\"4920\" data-end=\"4945\">Hyalogy \u03b2 nuo Forlled<\/strong> \u2013 ma\u017eos molekulin\u0117s mas\u0117s serumas, sukurtas naudojant nanotechnologijas, veikiantis kaip neinjekcinis botulino toksino A analogas. Priemon\u0117 skirta mimikos rauk\u0161li\u0173 ir per didelio veido raumen\u0173 aktyvumo zon\u0173 korekcijai.<\/p>\n<p data-start=\"5166\" data-end=\"5389\">Serumas veiksmingai glotnina mimikos rauk\u0161les, suteikia ry\u0161k\u0173 miorelaksacin\u012f ir liftingo poveik\u012f, skatina kolageno skaidul\u0173 sintez\u0119 ir gerina dermos matricos strukt\u016br\u0105. Oda tampa lygesn\u0117, stangresn\u0117 ir vizualiai pri\u017ei\u016br\u0117ta.<\/p>\n<p data-start=\"5391\" data-end=\"5572\">Produktas skirtas ta\u0161kiniam naudojimui problemin\u0117se zonose ir gali b\u016bti naudojamas kaip savaranki\u0161ka korekcin\u0117 priemon\u0117 arba profesionali\u0173 proced\u016br\u0173 ir poestetin\u0117s prie\u017ei\u016bros dalis.<\/p>\n<p data-start=\"5574\" data-end=\"5803\"><strong data-start=\"5574\" data-end=\"5598\">Kam tinka Hyalogy \u03b2:<\/strong> odai su mimikos rauk\u0161l\u0117mis, \u201e\u017e\u0105s\u0173 kojel\u0117mis\u201c, ry\u0161kiu veido raumen\u0173 aktyvumu, taip pat botulino toksino injekcij\u0173 efektyvumui didinti ir prie\u017ei\u016brai po estetini\u0173 proced\u016br\u0173. Tinka vis\u0173 tip\u0173 ir fototip\u0173 odai.<\/p>\n<p data-start=\"5805\" data-end=\"5821\"><strong data-start=\"5805\" data-end=\"5815\">T\u016bris:<\/strong> 30 ml<\/p>\n<\/div>\n<\/div>\n<\/div>\n","protected":false},"excerpt":{"rendered":"<div class=\"page\" title=\"Page 30\">\n<div class=\"layoutArea\">\n<div class=\"column\">\n<p data-start=\"6042\" data-end=\"6079\">Serumas mimikos rauk\u0161li\u0173 korekcijai<\/p>\n<h2 data-start=\"6081\" data-end=\"6112\"><strong data-start=\"6081\" data-end=\"6112\">Forlled &#8211; Hyalogy \u03b2 Savyb\u0117s<\/strong><\/h2>\n<p data-start=\"6114\" data-end=\"6325\">\u2714\ufe0f Glotnina mimikos rauk\u0161les ir \u201e\u017e\u0105s\u0173 kojeles\u201c<br data-start=\"6160\" data-end=\"6163\" \/>\u2714\ufe0f Suteikia ry\u0161k\u0173 miorelaksacin\u012f poveik\u012f<br data-start=\"6203\" data-end=\"6206\" \/>\u2714\ufe0f U\u017etikrina lifting\u0105 ir jaunatvi\u0161kesn\u0119 i\u0161vaizd\u0105<br data-start=\"6254\" data-end=\"6257\" \/>\u2714\ufe0f Skatina odos regeneracij\u0105<br data-start=\"6285\" data-end=\"6288\" \/>\u2714\ufe0f Gerina dermos tank\u012f ir strukt\u016br\u0105<\/p>\n<\/div>\n<\/div>\n<\/div>\n","protected":false},"featured_media":78811,"template":"","meta":[],"pwb-brand":[777],"product_brand":[],"product_cat":[750,724],"product_tag":[],"giftcard-category":[],"class_list":{"0":"post-78810","1":"product","2":"type-product","3":"status-publish","4":"has-post-thumbnail","6":"pwb-brand-forlled","7":"product_cat-senstanti-oda","8":"product_cat-serumai","10":"first","11":"instock","12":"taxable","13":"shipping-taxable","14":"purchasable","15":"product-type-simple"},"acf":[],"brands":[{"id":777,"name":"Forlled","slug":"forlled"}],"_links":{"self":[{"href":"https:\/\/skinstudio.ee\/lt\/wp-json\/wp\/v2\/product\/78810","targetHints":{"allow":["GET"]}}],"collection":[{"href":"https:\/\/skinstudio.ee\/lt\/wp-json\/wp\/v2\/product"}],"about":[{"href":"https:\/\/skinstudio.ee\/lt\/wp-json\/wp\/v2\/types\/product"}],"version-history":[{"count":1,"href":"https:\/\/skinstudio.ee\/lt\/wp-json\/wp\/v2\/product\/78810\/revisions"}],"predecessor-version":[{"id":78812,"href":"https:\/\/skinstudio.ee\/lt\/wp-json\/wp\/v2\/product\/78810\/revisions\/78812"}],"wp:featuredmedia":[{"embeddable":true,"href":"https:\/\/skinstudio.ee\/lt\/wp-json\/wp\/v2\/media\/78811"}],"wp:attachment":[{"href":"https:\/\/skinstudio.ee\/lt\/wp-json\/wp\/v2\/media?parent=78810"}],"wp:term":[{"taxonomy":"pwb-brand","embeddable":true,"href":"https:\/\/skinstudio.ee\/lt\/wp-json\/wp\/v2\/pwb-brand?post=78810"},{"taxonomy":"product_brand","embeddable":true,"href":"https:\/\/skinstudio.ee\/lt\/wp-json\/wp\/v2\/product_brand?post=78810"},{"taxonomy":"product_cat","embeddable":true,"href":"https:\/\/skinstudio.ee\/lt\/wp-json\/wp\/v2\/product_cat?post=78810"},{"taxonomy":"product_tag","embeddable":true,"href":"https:\/\/skinstudio.ee\/lt\/wp-json\/wp\/v2\/product_tag?post=78810"},{"taxonomy":"giftcard-category","embeddable":true,"href":"https:\/\/skinstudio.ee\/lt\/wp-json\/wp\/v2\/giftcard-category?post=78810"}],"curies":[{"name":"wp","href":"https:\/\/api.w.org\/{rel}","templated":true}]}}