{"id":78819,"date":"2024-01-17T12:13:30","date_gmt":"2024-01-17T12:13:30","guid":{"rendered":"https:\/\/skinstudio.ee\/?post_type=product&#038;p=78819"},"modified":"2026-02-13T15:28:42","modified_gmt":"2026-02-13T15:28:42","slug":"hyalogy-%ce%b1","status":"publish","type":"product","link":"https:\/\/skinstudio.ee\/lt\/catalog\/forlled\/hyalogy-%ce%b1\/","title":{"rendered":"Hyalogy \u03b1"},"content":{"rendered":"<div class=\"page\" title=\"Page 28\">\n<div class=\"layoutArea\">\n<div class=\"column\">\n<p data-start=\"5082\" data-end=\"5383\"><strong data-start=\"5082\" data-end=\"5107\">Hyalogy \u03b1 nuo Forlled<\/strong> \u2013 ma\u017eos molekulin\u0117s mas\u0117s serumas su biomimetiniais peptidais, skirtas suglebusios, papilk\u0117jusios odos prie\u017ei\u016brai, esant chronologinio ir prie\u0161laikinio sen\u0117jimo po\u017eymiams, suma\u017e\u0117jus elastingumui ir stangrumui. Formul\u0117 orientuota \u012f odos strukt\u016bros atk\u016brim\u0105 ir tankio gerinim\u0105.<\/p>\n<p data-start=\"5385\" data-end=\"5668\">Serumas pasi\u017eymi ry\u0161kiu jauninamuoju ir biostimuliuojan\u010diu poveikiu, aktyviai stimuliuoja fibroblastus, palaiko gilumin\u0119 odos regeneracij\u0105, intensyviai dr\u0117kina ir optimizuoja sintez\u0117s procesus. Taip pat padeda normalizuoti med\u017eiag\u0173 apykait\u0105 ir palaikyti fiziologin\u0119 odos pusiausvyr\u0105.<\/p>\n<p data-start=\"5670\" data-end=\"5904\">Reguliariai naudojant oda tampa stangresn\u0117, elastingesn\u0117 ir vizualiai labiau pri\u017ei\u016br\u0117ta, pager\u0117ja jos tekst\u016bra ir bendras vaizdas. Serumas tinka vis\u0173 tip\u0173 ir fototip\u0173 odai nuo 42\u201345 met\u0173 ir ypa\u010d rekomenduojamas plonai bei sausai odai.<\/p>\n<p data-start=\"5906\" data-end=\"6177\"><strong data-start=\"5906\" data-end=\"5930\">Kam tinka Hyalogy \u03b1:<\/strong> odai su suglebimu, suma\u017e\u0117jusiu stangrumu ir elastingumu, smulkiomis ir giliomis rauk\u0161l\u0117mis, sen\u0117jimo po\u017eymiais, taip pat mezoterapijos ir dermalini\u0173 u\u017epild\u0173 efektyvumui didinti bei prie\u017ei\u016brai prie\u0161 ir po estetini\u0173 proced\u016br\u0173. Tinka vis\u0173 tip\u0173 odai.<\/p>\n<p data-start=\"6179\" data-end=\"6195\"><strong data-start=\"6179\" data-end=\"6189\">T\u016bris:<\/strong> 30 ml<\/p>\n<\/div>\n<\/div>\n<\/div>\n","protected":false},"excerpt":{"rendered":"<div class=\"page\" title=\"Page 28\">\n<div class=\"layoutArea\">\n<div class=\"column\">\n<p data-start=\"6310\" data-end=\"6349\">Atkuriamasis serumas suglebusiai odai<\/p>\n<h2 data-start=\"6351\" data-end=\"6382\"><strong data-start=\"6351\" data-end=\"6382\">Forlled &#8211; Hyalogy \u03b1 Savyb\u0117s<\/strong><\/h2>\n<p data-start=\"6384\" data-end=\"6629\">\u2714\ufe0f Skatina odos regeneracij\u0105 ir strukt\u016bros atk\u016brim\u0105<br data-start=\"6435\" data-end=\"6438\" \/>\u2714\ufe0f Suteikia ry\u0161k\u0173 jauninant\u012f ir biostimuliuojant\u012f poveik\u012f<br data-start=\"6495\" data-end=\"6498\" \/>\u2714\ufe0f Padeda ma\u017einti rauk\u0161li\u0173 matomum\u0105<br data-start=\"6533\" data-end=\"6536\" \/>\u2714\ufe0f Gerina odos tank\u012f ir elastingum\u0105<br data-start=\"6571\" data-end=\"6574\" \/>\u2714\ufe0f Suteikia liftingo efekt\u0105 ir ry\u0161kesn\u012f veido kont\u016br\u0105<\/p>\n<\/div>\n<\/div>\n<\/div>\n","protected":false},"featured_media":78820,"template":"","meta":[],"pwb-brand":[777],"product_brand":[],"product_cat":[750,724],"product_tag":[],"giftcard-category":[],"class_list":{"0":"post-78819","1":"product","2":"type-product","3":"status-publish","4":"has-post-thumbnail","6":"pwb-brand-forlled","7":"product_cat-senstanti-oda","8":"product_cat-serumai","10":"first","11":"instock","12":"taxable","13":"shipping-taxable","14":"purchasable","15":"product-type-simple"},"acf":[],"brands":[{"id":777,"name":"Forlled","slug":"forlled"}],"_links":{"self":[{"href":"https:\/\/skinstudio.ee\/lt\/wp-json\/wp\/v2\/product\/78819","targetHints":{"allow":["GET"]}}],"collection":[{"href":"https:\/\/skinstudio.ee\/lt\/wp-json\/wp\/v2\/product"}],"about":[{"href":"https:\/\/skinstudio.ee\/lt\/wp-json\/wp\/v2\/types\/product"}],"version-history":[{"count":1,"href":"https:\/\/skinstudio.ee\/lt\/wp-json\/wp\/v2\/product\/78819\/revisions"}],"predecessor-version":[{"id":78821,"href":"https:\/\/skinstudio.ee\/lt\/wp-json\/wp\/v2\/product\/78819\/revisions\/78821"}],"wp:featuredmedia":[{"embeddable":true,"href":"https:\/\/skinstudio.ee\/lt\/wp-json\/wp\/v2\/media\/78820"}],"wp:attachment":[{"href":"https:\/\/skinstudio.ee\/lt\/wp-json\/wp\/v2\/media?parent=78819"}],"wp:term":[{"taxonomy":"pwb-brand","embeddable":true,"href":"https:\/\/skinstudio.ee\/lt\/wp-json\/wp\/v2\/pwb-brand?post=78819"},{"taxonomy":"product_brand","embeddable":true,"href":"https:\/\/skinstudio.ee\/lt\/wp-json\/wp\/v2\/product_brand?post=78819"},{"taxonomy":"product_cat","embeddable":true,"href":"https:\/\/skinstudio.ee\/lt\/wp-json\/wp\/v2\/product_cat?post=78819"},{"taxonomy":"product_tag","embeddable":true,"href":"https:\/\/skinstudio.ee\/lt\/wp-json\/wp\/v2\/product_tag?post=78819"},{"taxonomy":"giftcard-category","embeddable":true,"href":"https:\/\/skinstudio.ee\/lt\/wp-json\/wp\/v2\/giftcard-category?post=78819"}],"curies":[{"name":"wp","href":"https:\/\/api.w.org\/{rel}","templated":true}]}}