{"id":78828,"date":"2024-01-15T16:27:26","date_gmt":"2024-01-15T16:27:26","guid":{"rendered":"https:\/\/skinstudio.ee\/?post_type=product&#038;p=78828"},"modified":"2026-02-13T15:28:29","modified_gmt":"2026-02-13T15:28:29","slug":"hyalogy-p-effect-peeling-lotion","status":"publish","type":"product","link":"https:\/\/skinstudio.ee\/lt\/catalog\/forlled\/hyalogy-p-effect-peeling-lotion\/","title":{"rendered":"Hyalogy P-effect Peeling Lotion"},"content":{"rendered":"<div class=\"page\" title=\"Page 67\">\n<div class=\"layoutArea\">\n<div class=\"column\">\n<p data-start=\"5728\" data-end=\"6056\"><strong data-start=\"5728\" data-end=\"5775\">Hyalogy P-effect Peeling Lotion nuo Forlled<\/strong> yra specialus losjonas, sukurtas pieno r\u016bg\u0161ties ir pieno i\u0161r\u016bg\u0173 aminor\u016bg\u0161\u010di\u0173 pagrindu, skirtas \u0161velniam odos atnaujinimui ir biostimuliacijai. Formul\u0117je taip pat yra laktobakterij\u0173 filtrato, fermentuoto naudojant vynuogi\u0173 sul\u010di\u0173 fermentus, kurie sustiprina jo atkuriam\u0105j\u012f poveik\u012f.<\/p>\n<p data-start=\"6058\" data-end=\"6430\">Losjonas pasi\u017eymi ry\u0161kiu biostimuliuojan\u010diu ir itin \u0161velniu eksfoliuojan\u010diu poveikiu, aktyvindamas med\u017eiag\u0173 apykaitos ir atsinaujinimo procesus odos l\u0105stel\u0117se. Jis \u0161velniai pa\u0161alina surag\u0117jusias epitelio l\u0105steles, padeda suma\u017einti hiperkeratoz\u0117s po\u017eymius, ma\u017eina por\u0173 matomum\u0105 ir gerina odos reljef\u0105, lygindamas smulkias rauk\u0161les bei suteikdamas odai glotnumo ir tolygumo.<\/p>\n<p data-start=\"6432\" data-end=\"6772\">Pieno r\u016bg\u0161tis dalyvauja nat\u016brali\u0173 ceramid\u0173 sintez\u0117je, tod\u0117l losjonas ypa\u010d tinka jautriai, i\u0161saus\u0117jusiai ir nusilpusiai odai. Reguliarus naudojimas padeda atkurti odos apsaugin\u012f barjer\u0105 ir pagerinti bendr\u0105 jos b\u016bkl\u0119. Losjonas gerai dera su placentos serumais, sustiprindamas j\u0173 biostimuliuojant\u012f, atjauninant\u012f ir odos ton\u0105 lyginant\u012f poveik\u012f.<\/p>\n<p data-start=\"6774\" data-end=\"7074\"><strong data-start=\"6774\" data-end=\"6820\">Kam tinka Hyalogy P-effect Peeling Lotion:<\/strong> visiems odos tipams ir fototipams, \u012fskaitant jautri\u0105, sudirgusi\u0105 ir alergi\u0161k\u0105 od\u0105, esant hiperkeratozei, netolygiam reljefui, blankiam odos tonui, i\u0161sipl\u0117tusioms poroms ir sul\u0117t\u0117jusio odos atsinaujinimo po\u017eymiams. Tinka kasdieniam naudojimui kurs\u0173 metu.<\/p>\n<p data-start=\"7076\" data-end=\"7092\"><strong data-start=\"7076\" data-end=\"7085\">T\u016bris:<\/strong> 100 ml<\/p>\n<\/div>\n<\/div>\n<\/div>\n","protected":false},"excerpt":{"rendered":"<div class=\"page\" title=\"Page 67\">\n<div class=\"layoutArea\">\n<div class=\"column\">\n<p data-start=\"7296\" data-end=\"7328\">\u0160velnus eksfoliuojantis losjonas<\/p>\n<h2 data-start=\"7330\" data-end=\"7383\"><strong data-start=\"7330\" data-end=\"7383\">Forlled &#8211; Hyalogy P-effect Peeling Lotion Savyb\u0117s<\/strong><\/h2>\n<p data-start=\"7385\" data-end=\"7592\">\u2714\ufe0f Skatina ceramid\u0173 ir kolageno sintez\u0119<br data-start=\"7424\" data-end=\"7427\" \/>\u2714\ufe0f \u0160velniai atnaujina od\u0105 kasdien naudojant<br data-start=\"7470\" data-end=\"7473\" \/>\u2714\ufe0f Padeda ma\u017einti u\u017edegim\u0105 ir bakterin\u012f aktyvum\u0105<br data-start=\"7521\" data-end=\"7524\" \/>\u2714\ufe0f Palaiko odos imunin\u0119 apsaug\u0105<br data-start=\"7555\" data-end=\"7558\" \/>\u2714\ufe0f Dr\u0117kina ir i\u0161lygina odos ton\u0105<\/p>\n<\/div>\n<\/div>\n<\/div>\n","protected":false},"featured_media":78829,"template":"","meta":[],"pwb-brand":[777],"product_brand":[],"product_cat":[744,746,740,750,748,722],"product_tag":[],"giftcard-category":[],"class_list":{"0":"post-78828","1":"product","2":"type-product","3":"status-publish","4":"has-post-thumbnail","6":"pwb-brand-forlled","7":"product_cat-issipletusios-poros","8":"product_cat-jautriai-odai","9":"product_cat-sausai-odai","10":"product_cat-senstanti-oda","11":"product_cat-taukainai-adai-lt","12":"product_cat-toneriai","14":"first","15":"instock","16":"taxable","17":"shipping-taxable","18":"purchasable","19":"product-type-simple"},"acf":[],"brands":[{"id":777,"name":"Forlled","slug":"forlled"}],"_links":{"self":[{"href":"https:\/\/skinstudio.ee\/lt\/wp-json\/wp\/v2\/product\/78828","targetHints":{"allow":["GET"]}}],"collection":[{"href":"https:\/\/skinstudio.ee\/lt\/wp-json\/wp\/v2\/product"}],"about":[{"href":"https:\/\/skinstudio.ee\/lt\/wp-json\/wp\/v2\/types\/product"}],"version-history":[{"count":1,"href":"https:\/\/skinstudio.ee\/lt\/wp-json\/wp\/v2\/product\/78828\/revisions"}],"predecessor-version":[{"id":78830,"href":"https:\/\/skinstudio.ee\/lt\/wp-json\/wp\/v2\/product\/78828\/revisions\/78830"}],"wp:featuredmedia":[{"embeddable":true,"href":"https:\/\/skinstudio.ee\/lt\/wp-json\/wp\/v2\/media\/78829"}],"wp:attachment":[{"href":"https:\/\/skinstudio.ee\/lt\/wp-json\/wp\/v2\/media?parent=78828"}],"wp:term":[{"taxonomy":"pwb-brand","embeddable":true,"href":"https:\/\/skinstudio.ee\/lt\/wp-json\/wp\/v2\/pwb-brand?post=78828"},{"taxonomy":"product_brand","embeddable":true,"href":"https:\/\/skinstudio.ee\/lt\/wp-json\/wp\/v2\/product_brand?post=78828"},{"taxonomy":"product_cat","embeddable":true,"href":"https:\/\/skinstudio.ee\/lt\/wp-json\/wp\/v2\/product_cat?post=78828"},{"taxonomy":"product_tag","embeddable":true,"href":"https:\/\/skinstudio.ee\/lt\/wp-json\/wp\/v2\/product_tag?post=78828"},{"taxonomy":"giftcard-category","embeddable":true,"href":"https:\/\/skinstudio.ee\/lt\/wp-json\/wp\/v2\/giftcard-category?post=78828"}],"curies":[{"name":"wp","href":"https:\/\/api.w.org\/{rel}","templated":true}]}}