{"id":78838,"date":"2024-01-15T15:19:09","date_gmt":"2024-01-15T15:19:09","guid":{"rendered":"https:\/\/skinstudio.ee\/?post_type=product&#038;p=78838"},"modified":"2026-02-13T15:28:20","modified_gmt":"2026-02-13T15:28:20","slug":"hyalogy-creamy-wash","status":"publish","type":"product","link":"https:\/\/skinstudio.ee\/lt\/catalog\/forlled\/hyalogy-creamy-wash\/","title":{"rendered":"Hyalogy Creamy Wash"},"content":{"rendered":"<div class=\"page\" title=\"Page 20\">\n<div class=\"layoutArea\">\n<div class=\"column\">\n<p data-start=\"7403\" data-end=\"7766\"><strong data-start=\"7403\" data-end=\"7438\">Hyalogy Creamy Wash nuo Forlled<\/strong> yra lengvos, kremin\u0117s tekst\u016bros valomosios putos, sukurtos i\u0161 \u0161velni\u0173 kokos\u0173 aliejaus darini\u0173, skirtos itin jautriai, sausai, sudirgusiai ir \u012f paraudim\u0105 linkusiai veido odai. Priemon\u0117 u\u017etikrina fiziologi\u0161kai taisykling\u0105 odos valym\u0105, nepa\u017eeisdama hidrolipidinio barjero ir nesukeldama tempimo poj\u016b\u010dio net esant ry\u0161kiam sausumui.<\/p>\n<p data-start=\"7768\" data-end=\"8148\">Put\u0173 formul\u0117 veiksmingai pa\u0161alina vandenyje tirpius ne\u0161varumus ir prie\u017ei\u016bros priemoni\u0173 liku\u010dius, kartu ma\u017eindama u\u017edegim\u0105 ir odos reaktyvum\u0105. Ji skatina odos atsinaujinimo procesus, stimuliuoja epidermio regeneracij\u0105, gerina mikrocirkuliacij\u0105, stiprina kapiliar\u0173 sieneles ir ma\u017eina eritem\u0105. Valymas pasi\u017eymi ry\u0161kiu raminamuoju poveikiu ir padeda atkurti odos apsaugines funkcijas.<\/p>\n<p data-start=\"8150\" data-end=\"8362\">Produktas gali b\u016bti naudojamas kaip vienintel\u0117 valymo priemon\u0117 labai sausos ir reaktyvios odos nam\u0173 prie\u017ei\u016broje arba kaip antrasis valymo etapas po makia\u017eo pa\u0161alinimo. Tinka reguliariam ir ilgalaikiam naudojimui.<\/p>\n<p data-start=\"8364\" data-end=\"8599\"><strong data-start=\"8364\" data-end=\"8398\">Kam tinka Hyalogy Creamy Wash:<\/strong> sausai, dehidratuotai, itin jautriai ir \u012f paraudim\u0105 linkusiai odai, \u012fskaitant od\u0105 su kuperoze ir ro\u017eine, esant pa\u017eeistam barjerui, deginimo, nie\u017e\u0117jimo ir padid\u0117jusio kraujagysli\u0173 reaktyvumo poj\u016b\u010diams.<\/p>\n<p data-start=\"8601\" data-end=\"8618\"><strong data-start=\"8601\" data-end=\"8611\">T\u016bris:<\/strong> 150 ml<\/p>\n<\/div>\n<\/div>\n<\/div>\n","protected":false},"excerpt":{"rendered":"<div class=\"page\" title=\"Page 20\">\n<div class=\"layoutArea\">\n<div class=\"column\">\n<p data-start=\"8889\" data-end=\"8914\">Kremin\u0117s valomosios putos<\/p>\n<h2 data-start=\"8916\" data-end=\"8957\"><strong data-start=\"8916\" data-end=\"8957\">Forlled &#8211; Hyalogy Creamy Wash Savyb\u0117s<\/strong><\/h2>\n<p data-start=\"8959\" data-end=\"9149\">\u2714\ufe0f Atkuria odos hidrolipidin\u012f barjer\u0105<br data-start=\"8996\" data-end=\"8999\" \/>\u2714\ufe0f Ma\u017eina paraudim\u0105 ir kraujagysli\u0173 reaktyvum\u0105<br data-start=\"9045\" data-end=\"9048\" \/>\u2714\ufe0f Slopina u\u017edegim\u0105 ir jautrum\u0105<br data-start=\"9079\" data-end=\"9082\" \/>\u2714\ufe0f Skatina epidermio regeneracij\u0105<br data-start=\"9115\" data-end=\"9118\" \/>\u2714\ufe0f Tinka kuperozei ir ro\u017einei<\/p>\n<\/div>\n<\/div>\n<\/div>\n","protected":false},"featured_media":78839,"template":"","meta":[],"pwb-brand":[777],"product_brand":[],"product_cat":[746,740,718],"product_tag":[],"giftcard-category":[],"class_list":{"0":"post-78838","1":"product","2":"type-product","3":"status-publish","4":"has-post-thumbnail","6":"pwb-brand-forlled","7":"product_cat-jautriai-odai","8":"product_cat-sausai-odai","9":"product_cat-valymas","11":"first","12":"instock","13":"taxable","14":"shipping-taxable","15":"purchasable","16":"product-type-simple"},"acf":[],"brands":[{"id":777,"name":"Forlled","slug":"forlled"}],"_links":{"self":[{"href":"https:\/\/skinstudio.ee\/lt\/wp-json\/wp\/v2\/product\/78838","targetHints":{"allow":["GET"]}}],"collection":[{"href":"https:\/\/skinstudio.ee\/lt\/wp-json\/wp\/v2\/product"}],"about":[{"href":"https:\/\/skinstudio.ee\/lt\/wp-json\/wp\/v2\/types\/product"}],"version-history":[{"count":1,"href":"https:\/\/skinstudio.ee\/lt\/wp-json\/wp\/v2\/product\/78838\/revisions"}],"predecessor-version":[{"id":78840,"href":"https:\/\/skinstudio.ee\/lt\/wp-json\/wp\/v2\/product\/78838\/revisions\/78840"}],"wp:featuredmedia":[{"embeddable":true,"href":"https:\/\/skinstudio.ee\/lt\/wp-json\/wp\/v2\/media\/78839"}],"wp:attachment":[{"href":"https:\/\/skinstudio.ee\/lt\/wp-json\/wp\/v2\/media?parent=78838"}],"wp:term":[{"taxonomy":"pwb-brand","embeddable":true,"href":"https:\/\/skinstudio.ee\/lt\/wp-json\/wp\/v2\/pwb-brand?post=78838"},{"taxonomy":"product_brand","embeddable":true,"href":"https:\/\/skinstudio.ee\/lt\/wp-json\/wp\/v2\/product_brand?post=78838"},{"taxonomy":"product_cat","embeddable":true,"href":"https:\/\/skinstudio.ee\/lt\/wp-json\/wp\/v2\/product_cat?post=78838"},{"taxonomy":"product_tag","embeddable":true,"href":"https:\/\/skinstudio.ee\/lt\/wp-json\/wp\/v2\/product_tag?post=78838"},{"taxonomy":"giftcard-category","embeddable":true,"href":"https:\/\/skinstudio.ee\/lt\/wp-json\/wp\/v2\/giftcard-category?post=78838"}],"curies":[{"name":"wp","href":"https:\/\/api.w.org\/{rel}","templated":true}]}}