{"id":78849,"date":"2024-01-15T15:05:16","date_gmt":"2024-01-15T15:05:16","guid":{"rendered":"https:\/\/skinstudio.ee\/?post_type=product&#038;p=78849"},"modified":"2026-02-13T15:28:26","modified_gmt":"2026-02-13T15:28:26","slug":"hyalogy-p-effect-clearance-cleansing","status":"publish","type":"product","link":"https:\/\/skinstudio.ee\/lt\/catalog\/forlled\/hyalogy-p-effect-clearance-cleansing\/","title":{"rendered":"Hyalogy P-effect Clearance Cleansing"},"content":{"rendered":"<div class=\"page\" title=\"Page 18\">\n<div class=\"layoutArea\">\n<div class=\"column\">\n<p data-start=\"6232\" data-end=\"6552\"><strong data-start=\"6232\" data-end=\"6284\">Hyalogy P-effect Clearance Cleansing nuo Forlled<\/strong> yra pirmojo etapo valomoji emulsija, skirta veiksmingai pa\u0161alinti visus riebaluose tirpius ne\u0161varumus, besikaupian\u010dius odoje. Priemon\u0117 pa\u0161alina sebum\u0105, odos med\u017eiag\u0173 apykaitos produktus, dekoratyvin\u0119 kosmetik\u0105, apsaugos nuo saul\u0117s filtrus ir miesto aplinkos ter\u0161alus.<\/p>\n<p data-start=\"6554\" data-end=\"6797\">Emulsija veikia principu \u201eriebalai tirpdo riebalus\u201c, giliai prasiskverbdama \u012f poras ir valydama jas i\u0161 vidaus. Tai padeda i\u0161vengti por\u0173 u\u017esikim\u0161imo ir komedon\u0173 susidarymo bei tinkamai paruo\u0161ia od\u0105 antrajam valymo etapui ir tolesnei prie\u017ei\u016brai.<\/p>\n<p data-start=\"6799\" data-end=\"7160\">Priemon\u0117 \u0161velniai pa\u0161alina surag\u0117jusias l\u0105steles, ma\u017eina pleiskanojim\u0105 ir atkuria hidrolipidin\u012f odos barjer\u0105, stiprindama jos apsaugines funkcijas. Atkurtas barjeras suma\u017eina odos pa\u017eeid\u017eiamum\u0105 aplinkos poveikiui ir bakteriniams veiksniams. Profesionaliose proced\u016brose tinka visiems odos tipams; nam\u0173 prie\u017ei\u016broje nerekomenduojama riebiai, \u012f akn\u0119 linkusiai odai.<\/p>\n<p data-start=\"7162\" data-end=\"7441\"><strong data-start=\"7162\" data-end=\"7213\">Kam tinka Hyalogy P-effect Clearance Cleansing:<\/strong> visiems odos tipams esant pleiskanojimui, hiperkeratozei ir komedonams, taip pat kasdieniam riebaluose tirpi\u0173 ne\u0161varum\u0173 \u0161alinimui. Rekomenduojama profesionaliam naudojimui ir nam\u0173 prie\u017ei\u016brai, i\u0161skyrus riebi\u0105 akn\u0117s pa\u017eeist\u0105 od\u0105.<\/p>\n<p data-start=\"7443\" data-end=\"7459\"><strong data-start=\"7443\" data-end=\"7453\">T\u016bris:<\/strong> 125 g<\/p>\n<\/div>\n<\/div>\n<\/div>\n","protected":false},"excerpt":{"rendered":"<div class=\"page\" title=\"Page 18\">\n<div class=\"layoutArea\">\n<div class=\"column\">\n<p data-start=\"7902\" data-end=\"7933\">Pirmojo etapo valomoji emulsija<\/p>\n<h2 data-start=\"7935\" data-end=\"7993\"><strong data-start=\"7935\" data-end=\"7993\">Forlled &#8211; Hyalogy P-effect Clearance Cleansing Savyb\u0117s<\/strong><\/h2>\n<p data-start=\"7995\" data-end=\"8237\">\u2714\ufe0f Tirpdo riebaluose tirpius ne\u0161varumus ir sebum\u0105<br data-start=\"8044\" data-end=\"8047\" \/>\u2714\ufe0f Giliai valo poras ir padeda i\u0161vengti komedon\u0173<br data-start=\"8095\" data-end=\"8098\" \/>\u2714\ufe0f Pa\u0161alina ilgai i\u0161liekan\u010di\u0105 kosmetik\u0105 ir SPF filtrus<br data-start=\"8152\" data-end=\"8155\" \/>\u2714\ufe0f Atkuria hidrolipidin\u012f odos barjer\u0105<br data-start=\"8192\" data-end=\"8195\" \/>\u2714\ufe0f Ma\u017eina pleiskanojim\u0105 ir hiperkeratoz\u0119<\/p>\n<\/div>\n<\/div>\n<\/div>\n","protected":false},"featured_media":78850,"template":"","meta":[],"pwb-brand":[777],"product_brand":[],"product_cat":[718],"product_tag":[],"giftcard-category":[],"class_list":{"0":"post-78849","1":"product","2":"type-product","3":"status-publish","4":"has-post-thumbnail","6":"pwb-brand-forlled","7":"product_cat-valymas","9":"first","10":"instock","11":"taxable","12":"shipping-taxable","13":"purchasable","14":"product-type-simple"},"acf":[],"brands":[{"id":777,"name":"Forlled","slug":"forlled"}],"_links":{"self":[{"href":"https:\/\/skinstudio.ee\/lt\/wp-json\/wp\/v2\/product\/78849","targetHints":{"allow":["GET"]}}],"collection":[{"href":"https:\/\/skinstudio.ee\/lt\/wp-json\/wp\/v2\/product"}],"about":[{"href":"https:\/\/skinstudio.ee\/lt\/wp-json\/wp\/v2\/types\/product"}],"version-history":[{"count":1,"href":"https:\/\/skinstudio.ee\/lt\/wp-json\/wp\/v2\/product\/78849\/revisions"}],"predecessor-version":[{"id":78853,"href":"https:\/\/skinstudio.ee\/lt\/wp-json\/wp\/v2\/product\/78849\/revisions\/78853"}],"wp:featuredmedia":[{"embeddable":true,"href":"https:\/\/skinstudio.ee\/lt\/wp-json\/wp\/v2\/media\/78850"}],"wp:attachment":[{"href":"https:\/\/skinstudio.ee\/lt\/wp-json\/wp\/v2\/media?parent=78849"}],"wp:term":[{"taxonomy":"pwb-brand","embeddable":true,"href":"https:\/\/skinstudio.ee\/lt\/wp-json\/wp\/v2\/pwb-brand?post=78849"},{"taxonomy":"product_brand","embeddable":true,"href":"https:\/\/skinstudio.ee\/lt\/wp-json\/wp\/v2\/product_brand?post=78849"},{"taxonomy":"product_cat","embeddable":true,"href":"https:\/\/skinstudio.ee\/lt\/wp-json\/wp\/v2\/product_cat?post=78849"},{"taxonomy":"product_tag","embeddable":true,"href":"https:\/\/skinstudio.ee\/lt\/wp-json\/wp\/v2\/product_tag?post=78849"},{"taxonomy":"giftcard-category","embeddable":true,"href":"https:\/\/skinstudio.ee\/lt\/wp-json\/wp\/v2\/giftcard-category?post=78849"}],"curies":[{"name":"wp","href":"https:\/\/api.w.org\/{rel}","templated":true}]}}