{"id":78863,"date":"2024-01-12T15:02:40","date_gmt":"2024-01-12T15:02:40","guid":{"rendered":"https:\/\/skinstudio.ee\/?post_type=product&#038;p=78863"},"modified":"2026-02-13T15:28:32","modified_gmt":"2026-02-13T15:28:32","slug":"hyalogy-platinum-lotion","status":"publish","type":"product","link":"https:\/\/skinstudio.ee\/lt\/catalog\/forlled\/hyalogy-platinum-lotion\/","title":{"rendered":"Hyalogy Platinum Lotion"},"content":{"rendered":"<div class=\"page\" title=\"Page 22\">\n<div class=\"layoutArea\">\n<div class=\"column\">\n<p data-start=\"5214\" data-end=\"5552\"><strong data-start=\"5214\" data-end=\"5253\">Hyalogy Platinum Lotion nuo Forlled<\/strong> yra antioksidacinis losjonas, sukurtas ma\u017eos molekulin\u0117s mas\u0117s platinos pagrindu, skirtas apsaugoti od\u0105 nuo oksidacinio streso ir laisv\u0173j\u0173 radikal\u0173 daromos \u017ealos. Formul\u0117 neutralizuoja daugum\u0105 \u017einom\u0173 reaktyvi\u0173j\u0173 deguonies form\u0173, u\u017ekertant keli\u0105 l\u0105steli\u0173 pa\u017eeidimams ir prie\u0161laikiniam fotosen\u0117jimui.<\/p>\n<p data-start=\"5554\" data-end=\"5768\">Losjonas saugo od\u0105 nuo laisv\u0173j\u0173 radikal\u0173, slopina hiperpigmentacijos ir u\u017edegimini\u0173 element\u0173 formavim\u0105si, ma\u017eina por\u0173 matomum\u0105 ir polink\u012f \u012f komedonus, kartu dr\u0117kindamas od\u0105 ir ma\u017eindamas sausumo bei tempimo poj\u016bt\u012f.<\/p>\n<p data-start=\"5770\" data-end=\"6101\">Tinka kasdieniam naudojimui vis\u0173 tip\u0173 ir fototip\u0173 odai bet kuriame am\u017eiuje. Ypa\u010d rekomenduojamas riebiai ir \u012f u\u017edegim\u0105 linkusiai odai, taip pat odai su hiperpigmentacija, pasiruo\u0161imo ir atsistatymo laikotarpiu po intensyvaus saul\u0117s poveikio. Puikiai tinka naudoti aktyvaus saul\u0117s poveikio metu, palaikant tolyg\u0173 ir ilgalaik\u012f \u012fdeg\u012f.<\/p>\n<p data-start=\"6103\" data-end=\"6433\"><strong data-start=\"6103\" data-end=\"6141\">Kam tinka Hyalogy Platinum Lotion:<\/strong> visiems odos tipams, \u012fskaitant jautri\u0105 ir trapi\u0105 od\u0105, esant hiperpigmentacijai, oksidaciniam stresui, suma\u017e\u0117jusiam elastingumui, padid\u0117jusiam riebal\u0173 i\u0161siskyrimui ir u\u017edegimams, taip pat siekiant sustiprinti mezoterapijos, dermalini\u0173 u\u017epild\u0173 ir po proced\u016br\u0173 atliekamos prie\u017ei\u016bros efektyvum\u0105.<\/p>\n<p data-start=\"6435\" data-end=\"6452\"><strong data-start=\"6435\" data-end=\"6445\">T\u016bris:<\/strong> 120 ml<\/p>\n<\/div>\n<\/div>\n<\/div>\n","protected":false},"excerpt":{"rendered":"<div class=\"page\" title=\"Page 22\">\n<div class=\"layoutArea\">\n<div class=\"column\">\n<p data-start=\"6589\" data-end=\"6613\">Antioksidacinis losjonas<\/p>\n<h2 data-start=\"6615\" data-end=\"6660\"><strong data-start=\"6615\" data-end=\"6660\">Forlled &#8211; Hyalogy Platinum Lotion Savyb\u0117s<\/strong><\/h2>\n<p data-start=\"6662\" data-end=\"6835\">\u2714\ufe0f Blokuoja oksidacin\u012f stres\u0105<br data-start=\"6691\" data-end=\"6694\" \/>\u2714\ufe0f Apsaugo nuo fotopa\u017eeidim\u0173<br data-start=\"6722\" data-end=\"6725\" \/>\u2714\ufe0f Slopina u\u017edegimines reakcijas<br data-start=\"6757\" data-end=\"6760\" \/>\u2714\ufe0f Kontroliuoja poras ir komedonus<br data-start=\"6794\" data-end=\"6797\" \/>\u2714\ufe0f Palaiko tolyg\u0173 ir ilgalaik\u012f \u012fdeg\u012f<\/p>\n<\/div>\n<\/div>\n<\/div>\n","protected":false},"featured_media":64611,"template":"","meta":[],"pwb-brand":[777],"product_brand":[],"product_cat":[746,740,750,748,722],"product_tag":[],"giftcard-category":[],"class_list":{"0":"post-78863","1":"product","2":"type-product","3":"status-publish","4":"has-post-thumbnail","6":"pwb-brand-forlled","7":"product_cat-jautriai-odai","8":"product_cat-sausai-odai","9":"product_cat-senstanti-oda","10":"product_cat-taukainai-adai-lt","11":"product_cat-toneriai","13":"first","14":"instock","15":"taxable","16":"shipping-taxable","17":"purchasable","18":"product-type-simple"},"acf":[],"brands":[{"id":777,"name":"Forlled","slug":"forlled"}],"_links":{"self":[{"href":"https:\/\/skinstudio.ee\/lt\/wp-json\/wp\/v2\/product\/78863","targetHints":{"allow":["GET"]}}],"collection":[{"href":"https:\/\/skinstudio.ee\/lt\/wp-json\/wp\/v2\/product"}],"about":[{"href":"https:\/\/skinstudio.ee\/lt\/wp-json\/wp\/v2\/types\/product"}],"version-history":[{"count":1,"href":"https:\/\/skinstudio.ee\/lt\/wp-json\/wp\/v2\/product\/78863\/revisions"}],"predecessor-version":[{"id":78867,"href":"https:\/\/skinstudio.ee\/lt\/wp-json\/wp\/v2\/product\/78863\/revisions\/78867"}],"wp:featuredmedia":[{"embeddable":true,"href":"https:\/\/skinstudio.ee\/lt\/wp-json\/wp\/v2\/media\/64611"}],"wp:attachment":[{"href":"https:\/\/skinstudio.ee\/lt\/wp-json\/wp\/v2\/media?parent=78863"}],"wp:term":[{"taxonomy":"pwb-brand","embeddable":true,"href":"https:\/\/skinstudio.ee\/lt\/wp-json\/wp\/v2\/pwb-brand?post=78863"},{"taxonomy":"product_brand","embeddable":true,"href":"https:\/\/skinstudio.ee\/lt\/wp-json\/wp\/v2\/product_brand?post=78863"},{"taxonomy":"product_cat","embeddable":true,"href":"https:\/\/skinstudio.ee\/lt\/wp-json\/wp\/v2\/product_cat?post=78863"},{"taxonomy":"product_tag","embeddable":true,"href":"https:\/\/skinstudio.ee\/lt\/wp-json\/wp\/v2\/product_tag?post=78863"},{"taxonomy":"giftcard-category","embeddable":true,"href":"https:\/\/skinstudio.ee\/lt\/wp-json\/wp\/v2\/giftcard-category?post=78863"}],"curies":[{"name":"wp","href":"https:\/\/api.w.org\/{rel}","templated":true}]}}