{"id":78876,"date":"2024-01-12T14:53:34","date_gmt":"2024-01-12T14:53:34","guid":{"rendered":"https:\/\/skinstudio.ee\/?post_type=product&#038;p=78876"},"modified":"2026-02-13T15:28:29","modified_gmt":"2026-02-13T15:28:29","slug":"hyalogy-p-effect-re-purerance-wash","status":"publish","type":"product","link":"https:\/\/skinstudio.ee\/lt\/catalog\/forlled\/hyalogy-p-effect-re-purerance-wash\/","title":{"rendered":"Hyalogy P-effect Re-purerance Wash"},"content":{"rendered":"<div class=\"page\" title=\"Page 19\">\n<div class=\"layoutArea\">\n<div class=\"column\">\n<p data-start=\"5758\" data-end=\"6142\"><strong data-start=\"5758\" data-end=\"5808\">Hyalogy P-effect Re-purerance Wash nuo Forlled<\/strong> yra antrojo etapo valymo priemon\u0117, sukurta kokos\u0173 ir palmi\u0173 aliej\u0173 darini\u0173 komplekso pagrindu, skirta \u0161velniai pa\u0161alinti vandenyje tirpius ne\u0161varumus ir u\u017ebaigti gilaus odos valymo proced\u016br\u0105. Put\u0173 formul\u0117 veiksmingai pa\u0161alina pirmojo valymo etapo liku\u010dius, prakait\u0105, dulkes ir aplinkos ter\u0161alus, nepa\u017eeisdama odos apsauginio barjero.<\/p>\n<p data-start=\"6144\" data-end=\"6417\">Valomosios putos pasi\u017eymi ry\u0161kiu prie\u0161u\u017edegiminiu ir gijim\u0105 skatinan\u010diu poveikiu, aktyvina mikrocirkuliacij\u0105 ir pagreitina odos atsistatym\u0105 po u\u017edegimini\u0173 element\u0173. Tinka kasdieniam naudojimui, \u012fskaitant aki\u0173 srit\u012f, ir paruo\u0161ia od\u0105 tolesni\u0173 prie\u017ei\u016bros priemoni\u0173 naudojimui.<\/p>\n<p data-start=\"6419\" data-end=\"6634\">Nam\u0173 prie\u017ei\u016broje priemon\u0117 gali b\u016bti naudojama kaip vienintel\u0117 valymo priemon\u0117 riebiai ir mi\u0161riai, \u012f u\u017edegim\u0105 linkusiai odai. Profesionaliose proced\u016brose ji naudojama kaip privalomas kasdienio valymo antrasis etapas.<\/p>\n<p data-start=\"6636\" data-end=\"6857\"><strong data-start=\"6636\" data-end=\"6685\">Kam tinka Hyalogy P-effect Re-purerance Wash:<\/strong> visiems odos tipams esant komedonams, hiperkeratozei, pleiskanojimui ir u\u017edegimui; ypa\u010d rekomenduojama riebiai ir mi\u0161riai odai kaip kasdien\u0117 antrojo etapo valymo priemon\u0117.<\/p>\n<p data-start=\"6859\" data-end=\"6875\"><strong data-start=\"6859\" data-end=\"6869\">T\u016bris:<\/strong> 110 g<\/p>\n<\/div>\n<\/div>\n<\/div>\n","protected":false},"excerpt":{"rendered":"<div class=\"page\" title=\"Page 19\">\n<div class=\"layoutArea\">\n<div class=\"column\">\n<p data-start=\"7304\" data-end=\"7334\">Antrojo etapo valomosios putos<\/p>\n<h2 data-start=\"7336\" data-end=\"7392\"><strong data-start=\"7336\" data-end=\"7392\">Forlled &#8211; Hyalogy P-effect Re-purerance Wash Savyb\u0117s<\/strong><\/h2>\n<p data-start=\"7394\" data-end=\"7604\">\u2714\ufe0f U\u017ebaigia valym\u0105 ir pa\u0161alina vandenyje tirpius ne\u0161varumus<br data-start=\"7453\" data-end=\"7456\" \/>\u2714\ufe0f Slopina u\u017edegim\u0105 ir skatina gijim\u0105<br data-start=\"7493\" data-end=\"7496\" \/>\u2714\ufe0f Aktyvina mikrocirkuliacij\u0105<br data-start=\"7525\" data-end=\"7528\" \/>\u2714\ufe0f Ma\u017eina komedon\u0173 susidarymo rizik\u0105<br data-start=\"7564\" data-end=\"7567\" \/>\u2714\ufe0f Paruo\u0161ia od\u0105 tolesnei prie\u017ei\u016brai<\/p>\n<\/div>\n<\/div>\n<\/div>\n","protected":false},"featured_media":78877,"template":"","meta":[],"pwb-brand":[777],"product_brand":[],"product_cat":[746,740,748,718],"product_tag":[],"giftcard-category":[],"class_list":{"0":"post-78876","1":"product","2":"type-product","3":"status-publish","4":"has-post-thumbnail","6":"pwb-brand-forlled","7":"product_cat-jautriai-odai","8":"product_cat-sausai-odai","9":"product_cat-taukainai-adai-lt","10":"product_cat-valymas","11":"pa_suurus-100g-lt","12":"pa_suurus-200g-lt","14":"first","15":"instock","16":"taxable","17":"shipping-taxable","18":"purchasable","19":"product-type-variable"},"acf":[],"brands":[{"id":777,"name":"Forlled","slug":"forlled"}],"_links":{"self":[{"href":"https:\/\/skinstudio.ee\/lt\/wp-json\/wp\/v2\/product\/78876","targetHints":{"allow":["GET"]}}],"collection":[{"href":"https:\/\/skinstudio.ee\/lt\/wp-json\/wp\/v2\/product"}],"about":[{"href":"https:\/\/skinstudio.ee\/lt\/wp-json\/wp\/v2\/types\/product"}],"version-history":[{"count":1,"href":"https:\/\/skinstudio.ee\/lt\/wp-json\/wp\/v2\/product\/78876\/revisions"}],"predecessor-version":[{"id":78880,"href":"https:\/\/skinstudio.ee\/lt\/wp-json\/wp\/v2\/product\/78876\/revisions\/78880"}],"wp:featuredmedia":[{"embeddable":true,"href":"https:\/\/skinstudio.ee\/lt\/wp-json\/wp\/v2\/media\/78877"}],"wp:attachment":[{"href":"https:\/\/skinstudio.ee\/lt\/wp-json\/wp\/v2\/media?parent=78876"}],"wp:term":[{"taxonomy":"pwb-brand","embeddable":true,"href":"https:\/\/skinstudio.ee\/lt\/wp-json\/wp\/v2\/pwb-brand?post=78876"},{"taxonomy":"product_brand","embeddable":true,"href":"https:\/\/skinstudio.ee\/lt\/wp-json\/wp\/v2\/product_brand?post=78876"},{"taxonomy":"product_cat","embeddable":true,"href":"https:\/\/skinstudio.ee\/lt\/wp-json\/wp\/v2\/product_cat?post=78876"},{"taxonomy":"product_tag","embeddable":true,"href":"https:\/\/skinstudio.ee\/lt\/wp-json\/wp\/v2\/product_tag?post=78876"},{"taxonomy":"giftcard-category","embeddable":true,"href":"https:\/\/skinstudio.ee\/lt\/wp-json\/wp\/v2\/giftcard-category?post=78876"}],"curies":[{"name":"wp","href":"https:\/\/api.w.org\/{rel}","templated":true}]}}