{"id":78957,"date":"2024-09-20T09:44:12","date_gmt":"2024-09-20T09:44:12","guid":{"rendered":"https:\/\/skinstudio.ee\/?post_type=product&#038;p=78957"},"modified":"2026-02-13T15:28:55","modified_gmt":"2026-02-13T15:28:55","slug":"microneedling-eye-patches","status":"publish","type":"product","link":"https:\/\/skinstudio.ee\/lt\/catalog\/pca-skin\/microneedling-eye-patches\/","title":{"rendered":"Microneedling Eye Patches"},"content":{"rendered":"<p data-start=\"6032\" data-end=\"6374\"><strong data-start=\"6032\" data-end=\"6074\">Microneedling Eye Patches nuo PCA SKIN<\/strong> yra profesional\u016bs mikroadat\u0173 paaki\u0173 pleistrai, skirti intensyviam dr\u0117kinimui ir matomam paaki\u0173 zonos atjauninimui. Formul\u0117je esan\u010dios savaime tirpstan\u010dios mikroadata strukt\u016bros sukuria mikrokanalus efektyvesniam veikli\u0173j\u0173 med\u017eiag\u0173 patekimui \u012f od\u0105, sustiprindamos dr\u0117kinam\u0105j\u012f ir glotninam\u0105j\u012f poveik\u012f.<\/p>\n<p data-start=\"6376\" data-end=\"6644\">Pleistrai padeda suma\u017einti rauk\u0161li\u0173 matomum\u0105, palaiko lygesn\u0119 ir gaivesn\u0119 paaki\u0173 zonos i\u0161vaizd\u0105 bei padeda ma\u017einti nuovargio po\u017eymius. Kontroliuojamas ir \u0161velnus poveikis suteikia intensyvi\u0105 prie\u017ei\u016br\u0105 be sud\u0117ting\u0173 proced\u016br\u0173, o rezultatai matomi jau po pirmo naudojimo.<\/p>\n<p data-start=\"6646\" data-end=\"6815\">Microneedling Eye Patches suteikia profesionalaus lygio prie\u017ei\u016bros poj\u016bt\u012f ir padeda greitai pagerinti paaki\u0173 zonos i\u0161vaizd\u0105, palaikant tolygesn\u012f ir gaivesn\u012f odos vaizd\u0105.<\/p>\n<p data-start=\"6817\" data-end=\"6852\"><strong data-start=\"6817\" data-end=\"6852\">Aktyvi\u0173j\u0173 ingredient\u0173 poveikis:<\/strong><\/p>\n<ul data-start=\"6854\" data-end=\"7097\">\n<li data-start=\"6854\" data-end=\"6951\">\n<p data-start=\"6856\" data-end=\"6951\"><strong data-start=\"6856\" data-end=\"6880\">4-D Hyaluronic Acid:<\/strong> u\u017etikrina daugiasluoksn\u012f intensyv\u0173 dr\u0117kinim\u0105 ir padeda glotninti od\u0105<\/p>\n<\/li>\n<li data-start=\"6952\" data-end=\"7034\">\n<p data-start=\"6954\" data-end=\"7034\"><strong data-start=\"6954\" data-end=\"6979\">Acetyl Octapeptide-3:<\/strong> padeda suma\u017einti mimikos linij\u0173 ir rauk\u0161li\u0173 matomum\u0105<\/p>\n<\/li>\n<li data-start=\"7035\" data-end=\"7097\">\n<p data-start=\"7037\" data-end=\"7097\"><strong data-start=\"7037\" data-end=\"7056\">Copper Peptide:<\/strong> palaiko odos stangrum\u0105 ir bendr\u0105 b\u016bkl\u0119<\/p>\n<\/li>\n<\/ul>\n<p data-start=\"7099\" data-end=\"7282\">Kam \u0161ie pleistrai tinka: paaki\u0173 zonai su dehidratacijos po\u017eymiais, smulkiomis linijomis, tamsiais ratilais ir nuovargio po\u017eymiais, intensyviai nam\u0173 prie\u017ei\u016brai su profesionaliu efektu.<\/p>\n<p data-start=\"7284\" data-end=\"7310\"><strong data-start=\"7284\" data-end=\"7294\">T\u016bris:<\/strong> 1 pora (2 vnt.)<\/p>\n","protected":false},"excerpt":{"rendered":"<p data-start=\"7699\" data-end=\"7752\">Mikroadatiniai paaki\u0173 pleistrai su hialurono r\u016bg\u0161timi<\/p>\n<h2 data-start=\"7754\" data-end=\"7802\"><strong data-start=\"7754\" data-end=\"7802\">PCA SKIN &#8211; Microneedling Eye Patches Savyb\u0117s<\/strong><\/h2>\n<p data-start=\"7804\" data-end=\"8033\">\u2714\ufe0f Intensyviai dr\u0117kina ir papildo od\u0105 dr\u0117gme<br data-start=\"7848\" data-end=\"7851\" \/>\u2714\ufe0f Padeda suma\u017einti smulki\u0173 linij\u0173 matomum\u0105<br data-start=\"7894\" data-end=\"7897\" \/>\u2714\ufe0f Skaistina paaki\u0173 zon\u0105 ir suteikia gaivumo<br data-start=\"7941\" data-end=\"7944\" \/>\u2714\ufe0f Palaiko lygesn\u0119 ir stangresn\u0119 od\u0105<br data-start=\"7980\" data-end=\"7983\" \/>\u2714\ufe0f Suteikia profesionalaus lygio prie\u017ei\u016br\u0105 namuose<\/p>\n","protected":false},"featured_media":78958,"template":"","meta":[],"pwb-brand":[1250],"product_brand":[],"product_cat":[726,734],"product_tag":[],"giftcard-category":[],"class_list":{"0":"post-78957","1":"product","2":"type-product","3":"status-publish","4":"has-post-thumbnail","6":"pwb-brand-pca-skin","7":"product_cat-maskas-lt","8":"product_cat-oda-aplink-akis","10":"first","11":"instock","12":"taxable","13":"shipping-taxable","14":"purchasable","15":"product-type-simple"},"acf":[],"brands":[{"id":1250,"name":"PCA Skin","slug":"pca-skin"}],"_links":{"self":[{"href":"https:\/\/skinstudio.ee\/lt\/wp-json\/wp\/v2\/product\/78957","targetHints":{"allow":["GET"]}}],"collection":[{"href":"https:\/\/skinstudio.ee\/lt\/wp-json\/wp\/v2\/product"}],"about":[{"href":"https:\/\/skinstudio.ee\/lt\/wp-json\/wp\/v2\/types\/product"}],"version-history":[{"count":1,"href":"https:\/\/skinstudio.ee\/lt\/wp-json\/wp\/v2\/product\/78957\/revisions"}],"predecessor-version":[{"id":78959,"href":"https:\/\/skinstudio.ee\/lt\/wp-json\/wp\/v2\/product\/78957\/revisions\/78959"}],"wp:featuredmedia":[{"embeddable":true,"href":"https:\/\/skinstudio.ee\/lt\/wp-json\/wp\/v2\/media\/78958"}],"wp:attachment":[{"href":"https:\/\/skinstudio.ee\/lt\/wp-json\/wp\/v2\/media?parent=78957"}],"wp:term":[{"taxonomy":"pwb-brand","embeddable":true,"href":"https:\/\/skinstudio.ee\/lt\/wp-json\/wp\/v2\/pwb-brand?post=78957"},{"taxonomy":"product_brand","embeddable":true,"href":"https:\/\/skinstudio.ee\/lt\/wp-json\/wp\/v2\/product_brand?post=78957"},{"taxonomy":"product_cat","embeddable":true,"href":"https:\/\/skinstudio.ee\/lt\/wp-json\/wp\/v2\/product_cat?post=78957"},{"taxonomy":"product_tag","embeddable":true,"href":"https:\/\/skinstudio.ee\/lt\/wp-json\/wp\/v2\/product_tag?post=78957"},{"taxonomy":"giftcard-category","embeddable":true,"href":"https:\/\/skinstudio.ee\/lt\/wp-json\/wp\/v2\/giftcard-category?post=78957"}],"curies":[{"name":"wp","href":"https:\/\/api.w.org\/{rel}","templated":true}]}}