{"id":78968,"date":"2024-05-16T09:23:45","date_gmt":"2024-05-16T09:23:45","guid":{"rendered":"https:\/\/skinstudio.ee\/?post_type=product&#038;p=78968"},"modified":"2026-02-13T15:28:52","modified_gmt":"2026-02-13T15:28:52","slug":"hydrabright","status":"publish","type":"product","link":"https:\/\/skinstudio.ee\/lt\/catalog\/pca-skin\/hydrabright\/","title":{"rendered":"HydraBright"},"content":{"rendered":"<p data-start=\"5151\" data-end=\"5456\"><strong data-start=\"5151\" data-end=\"5179\">HydraBright nuo PCA SKIN<\/strong> yra lengvas kasdienis dr\u0117kinamasis kremas, skirtas atkurti odos spindes\u012f ir pagerinti blankios, dehidratuotos odos i\u0161vaizd\u0105. Formul\u0117 nukreipta \u012f pagrindines blankumo prie\u017eastis &#8211; sausum\u0105, \u0161iurk\u0161\u010di\u0105 tekst\u016br\u0105 ir netolyg\u0173 odos ton\u0105 &#8211; padedant odai atrodyti lygesnei ir gaivesnei.<\/p>\n<p data-start=\"5458\" data-end=\"5752\">Lengva tekst\u016bra suteikia intensyv\u0173 dr\u0117kinim\u0105 be sunkumo poj\u016b\u010dio, palaiko odos komfort\u0105 ir padeda i\u0161gauti tolygesn\u0119 i\u0161vaizd\u0105. Kremas sujungia dr\u0117kinan\u010dias ir \u0161viesinan\u010dias sudedam\u0105sias dalis, kurios padeda vizualiai pagerinti odos b\u016bkl\u0119 ir sustiprinti nat\u016bral\u0173 spindes\u012f be agresyvaus \u0161viesinimo.<\/p>\n<p data-start=\"5754\" data-end=\"5879\">HydraBright padeda palaikyti dr\u0117gm\u0117s balans\u0105 ir pagerina bendr\u0105 odos i\u0161vaizd\u0105, suteikdamas jai daugiau glotnumo ir spindesio.<\/p>\n<p data-start=\"5881\" data-end=\"5916\"><strong data-start=\"5881\" data-end=\"5916\">Aktyvi\u0173j\u0173 ingredient\u0173 poveikis:<\/strong><\/p>\n<ul data-start=\"5918\" data-end=\"6175\">\n<li data-start=\"5918\" data-end=\"6020\">\n<p data-start=\"5920\" data-end=\"6020\"><strong data-start=\"5920\" data-end=\"5936\">Niacinamide:<\/strong> padeda suvienodinti odos ton\u0105, gerina tekst\u016br\u0105 ir suteikia antioksidacin\u0119 apsaug\u0105<\/p>\n<\/li>\n<li data-start=\"6021\" data-end=\"6105\">\n<p data-start=\"6023\" data-end=\"6105\"><strong data-start=\"6023\" data-end=\"6050\">Bio-stable Gallic Acid:<\/strong> padeda \u0161viesinti ir palaikyti odos apsaugin\u012f barjer\u0105<\/p>\n<\/li>\n<li data-start=\"6106\" data-end=\"6175\">\n<p data-start=\"6108\" data-end=\"6175\"><strong data-start=\"6108\" data-end=\"6121\">Squalane:<\/strong> suteikia gil\u0173 dr\u0117kinim\u0105 ir ma\u017eina dr\u0117gm\u0117s praradim\u0105<\/p>\n<\/li>\n<\/ul>\n<p data-start=\"6177\" data-end=\"6344\">Kam \u0161is kremas tinka: blankiai, dehidratuotai odai su netolygiu tonu, sausumu ir spindesio tr\u016bkumu, kasdienei prie\u017ei\u016brai siekiant lygesn\u0117s ir gaivesn\u0117s odos i\u0161vaizdos.<\/p>\n<p data-start=\"6346\" data-end=\"6362\"><strong data-start=\"6346\" data-end=\"6356\">T\u016bris:<\/strong> 50 ml<\/p>\n","protected":false},"excerpt":{"rendered":"<p data-start=\"6516\" data-end=\"6545\">Kasdienis dr\u0117kinamasis kremas<\/p>\n<h2 data-start=\"6547\" data-end=\"6581\"><strong data-start=\"6547\" data-end=\"6581\">PCA SKIN &#8211; HydraBright Savyb\u0117s<\/strong><\/h2>\n<p data-start=\"6583\" data-end=\"6806\">\u2714\ufe0f Vizualiai skaistina blanki\u0105 ir netolygi\u0105 od\u0105<br data-start=\"6630\" data-end=\"6633\" \/>\u2714\ufe0f Intensyviai dr\u0117kina be sunkumo poj\u016b\u010dio<br data-start=\"6674\" data-end=\"6677\" \/>\u2714\ufe0f Glotnina tekst\u016br\u0105 ir didina odos \u0161velnum\u0105<br data-start=\"6721\" data-end=\"6724\" \/>\u2714\ufe0f Palaiko nat\u016bral\u0173 odos spindes\u012f<br data-start=\"6757\" data-end=\"6760\" \/>\u2714\ufe0f Padeda i\u0161gauti gaivesn\u0119 ir lygesn\u0119 i\u0161vaizd\u0105<\/p>\n","protected":false},"featured_media":64170,"template":"","meta":[],"pwb-brand":[1250],"product_brand":[],"product_cat":[738,746,740,748],"product_tag":[],"giftcard-category":[],"class_list":{"0":"post-78968","1":"product","2":"type-product","3":"status-publish","4":"has-post-thumbnail","6":"pwb-brand-pca-skin","7":"product_cat-drekinimas","8":"product_cat-jautriai-odai","9":"product_cat-sausai-odai","10":"product_cat-taukainai-adai-lt","12":"first","13":"instock","14":"taxable","15":"shipping-taxable","16":"purchasable","17":"product-type-simple"},"acf":[],"brands":[{"id":1250,"name":"PCA Skin","slug":"pca-skin"}],"_links":{"self":[{"href":"https:\/\/skinstudio.ee\/lt\/wp-json\/wp\/v2\/product\/78968","targetHints":{"allow":["GET"]}}],"collection":[{"href":"https:\/\/skinstudio.ee\/lt\/wp-json\/wp\/v2\/product"}],"about":[{"href":"https:\/\/skinstudio.ee\/lt\/wp-json\/wp\/v2\/types\/product"}],"version-history":[{"count":1,"href":"https:\/\/skinstudio.ee\/lt\/wp-json\/wp\/v2\/product\/78968\/revisions"}],"predecessor-version":[{"id":78971,"href":"https:\/\/skinstudio.ee\/lt\/wp-json\/wp\/v2\/product\/78968\/revisions\/78971"}],"wp:featuredmedia":[{"embeddable":true,"href":"https:\/\/skinstudio.ee\/lt\/wp-json\/wp\/v2\/media\/64170"}],"wp:attachment":[{"href":"https:\/\/skinstudio.ee\/lt\/wp-json\/wp\/v2\/media?parent=78968"}],"wp:term":[{"taxonomy":"pwb-brand","embeddable":true,"href":"https:\/\/skinstudio.ee\/lt\/wp-json\/wp\/v2\/pwb-brand?post=78968"},{"taxonomy":"product_brand","embeddable":true,"href":"https:\/\/skinstudio.ee\/lt\/wp-json\/wp\/v2\/product_brand?post=78968"},{"taxonomy":"product_cat","embeddable":true,"href":"https:\/\/skinstudio.ee\/lt\/wp-json\/wp\/v2\/product_cat?post=78968"},{"taxonomy":"product_tag","embeddable":true,"href":"https:\/\/skinstudio.ee\/lt\/wp-json\/wp\/v2\/product_tag?post=78968"},{"taxonomy":"giftcard-category","embeddable":true,"href":"https:\/\/skinstudio.ee\/lt\/wp-json\/wp\/v2\/giftcard-category?post=78968"}],"curies":[{"name":"wp","href":"https:\/\/api.w.org\/{rel}","templated":true}]}}