{"id":78980,"date":"2024-01-02T14:17:18","date_gmt":"2024-01-02T14:17:18","guid":{"rendered":"https:\/\/skinstudio.ee\/?post_type=product&#038;p=78980"},"modified":"2026-02-13T15:28:56","modified_gmt":"2026-02-13T15:28:56","slug":"pro-max-age-renewal","status":"publish","type":"product","link":"https:\/\/skinstudio.ee\/lt\/catalog\/pca-skin\/pro-max-age-renewal\/","title":{"rendered":"Pro-Max Age Renewal"},"content":{"rendered":"<p data-start=\"5192\" data-end=\"5510\"><strong data-start=\"5192\" data-end=\"5228\">Pro-Max Age Renewal nuo PCA SKIN<\/strong> yra pa\u017eangus sen\u0117jim\u0105 stabdantis serumas su augimo faktoriais, skirtas odos stangrinimui, tankio gerinimui ir matom\u0173 sen\u0117jimo po\u017eymi\u0173 ma\u017einimui. Formul\u0117 palaiko kolageno sintez\u0119 ir odos strukt\u016bros atsinaujinim\u0105, ma\u017eindama rauk\u0161li\u0173, stangrumo praradimo ir t\u016brio suma\u017e\u0117jimo matomum\u0105.<\/p>\n<p data-start=\"5512\" data-end=\"5746\">Patentuoja Micro Growth Factor Technology leid\u017eia veikliosioms med\u017eiagoms veikti giliau, gerinant odos strukt\u016br\u0105 ir sukuriant vizualiai liftingo efekt\u0105. Serumas didina odos tank\u012f, glotnina tekst\u016br\u0105 ir suteikia jaunatvi\u0161kesn\u0119 i\u0161vaizd\u0105.<\/p>\n<p data-start=\"5748\" data-end=\"5834\">Pro-Max Age Renewal stiprina bendr\u0105 odos i\u0161vaizd\u0105 ir padeda i\u0161ry\u0161kinti veido kont\u016brus.<\/p>\n<p data-start=\"5836\" data-end=\"5871\"><strong data-start=\"5836\" data-end=\"5871\">Aktyvi\u0173j\u0173 ingredient\u0173 poveikis:<\/strong><\/p>\n<ul data-start=\"5873\" data-end=\"6142\">\n<li data-start=\"5873\" data-end=\"5963\">\n<p data-start=\"5875\" data-end=\"5963\"><strong data-start=\"5875\" data-end=\"5910\">Micro Growth Factor Technology:<\/strong> skatina kolageno gamyb\u0105 ir didina odos elastingum\u0105<\/p>\n<\/li>\n<li data-start=\"5964\" data-end=\"6058\">\n<p data-start=\"5966\" data-end=\"6058\"><strong data-start=\"5966\" data-end=\"5988\">Biopolymer Matrix:<\/strong> suteikia momentin\u012f stangrinam\u0105j\u012f efekt\u0105 ir ma\u017eina rauk\u0161li\u0173 matomum\u0105<\/p>\n<\/li>\n<li data-start=\"6059\" data-end=\"6142\">\n<p data-start=\"6061\" data-end=\"6142\"><strong data-start=\"6061\" data-end=\"6093\">Kangaroo Paw Flower Extract:<\/strong> gerina odos tank\u012f ir ma\u017eina suglebimo po\u017eymius<\/p>\n<\/li>\n<\/ul>\n<p data-start=\"6144\" data-end=\"6290\">Kam \u0161is serumas tinka: odai su ry\u0161kiais sen\u0117jimo po\u017eymiais, suma\u017e\u0117jusiu stangrumu, t\u016brio praradimu ir rauk\u0161l\u0117mis, intensyviai anti-age prie\u017ei\u016brai.<\/p>\n<p data-start=\"6292\" data-end=\"6308\"><strong data-start=\"6292\" data-end=\"6302\">T\u016bris:<\/strong> 29 ml<\/p>\n","protected":false},"excerpt":{"rendered":"<p data-start=\"6547\" data-end=\"6584\">Anti-age serumas su augimo faktoriais<\/p>\n<h2 data-start=\"6586\" data-end=\"6628\"><strong data-start=\"6586\" data-end=\"6628\">PCA SKIN &#8211; Pro-Max Age Renewal Savyb\u0117s<\/strong><\/h2>\n<p data-start=\"6630\" data-end=\"6819\">\u2714\ufe0f I\u0161lygina net ry\u0161kias rauk\u0161les<br data-start=\"6662\" data-end=\"6665\" \/>\u2714\ufe0f Atkuria odos tank\u012f ir pilnum\u0105<br data-start=\"6697\" data-end=\"6700\" \/>\u2714\ufe0f Vizualiai pakelia veido kont\u016brus<br data-start=\"6735\" data-end=\"6738\" \/>\u2714\ufe0f Didina odos elastingum\u0105<br data-start=\"6764\" data-end=\"6767\" \/>\u2714\ufe0f Suteikia atsinaujinusios jaunatvi\u0161kos odos efekt\u0105<\/p>\n","protected":false},"featured_media":64190,"template":"","meta":[],"pwb-brand":[1250],"product_brand":[],"product_cat":[746,740,750,724,748],"product_tag":[],"giftcard-category":[],"class_list":{"0":"post-78980","1":"product","2":"type-product","3":"status-publish","4":"has-post-thumbnail","6":"pwb-brand-pca-skin","7":"product_cat-jautriai-odai","8":"product_cat-sausai-odai","9":"product_cat-senstanti-oda","10":"product_cat-serumai","11":"product_cat-taukainai-adai-lt","13":"first","14":"instock","15":"taxable","16":"shipping-taxable","17":"purchasable","18":"product-type-simple"},"acf":[],"brands":[{"id":1250,"name":"PCA Skin","slug":"pca-skin"}],"_links":{"self":[{"href":"https:\/\/skinstudio.ee\/lt\/wp-json\/wp\/v2\/product\/78980","targetHints":{"allow":["GET"]}}],"collection":[{"href":"https:\/\/skinstudio.ee\/lt\/wp-json\/wp\/v2\/product"}],"about":[{"href":"https:\/\/skinstudio.ee\/lt\/wp-json\/wp\/v2\/types\/product"}],"version-history":[{"count":1,"href":"https:\/\/skinstudio.ee\/lt\/wp-json\/wp\/v2\/product\/78980\/revisions"}],"predecessor-version":[{"id":78982,"href":"https:\/\/skinstudio.ee\/lt\/wp-json\/wp\/v2\/product\/78980\/revisions\/78982"}],"wp:featuredmedia":[{"embeddable":true,"href":"https:\/\/skinstudio.ee\/lt\/wp-json\/wp\/v2\/media\/64190"}],"wp:attachment":[{"href":"https:\/\/skinstudio.ee\/lt\/wp-json\/wp\/v2\/media?parent=78980"}],"wp:term":[{"taxonomy":"pwb-brand","embeddable":true,"href":"https:\/\/skinstudio.ee\/lt\/wp-json\/wp\/v2\/pwb-brand?post=78980"},{"taxonomy":"product_brand","embeddable":true,"href":"https:\/\/skinstudio.ee\/lt\/wp-json\/wp\/v2\/product_brand?post=78980"},{"taxonomy":"product_cat","embeddable":true,"href":"https:\/\/skinstudio.ee\/lt\/wp-json\/wp\/v2\/product_cat?post=78980"},{"taxonomy":"product_tag","embeddable":true,"href":"https:\/\/skinstudio.ee\/lt\/wp-json\/wp\/v2\/product_tag?post=78980"},{"taxonomy":"giftcard-category","embeddable":true,"href":"https:\/\/skinstudio.ee\/lt\/wp-json\/wp\/v2\/giftcard-category?post=78980"}],"curies":[{"name":"wp","href":"https:\/\/api.w.org\/{rel}","templated":true}]}}