{"id":78989,"date":"2024-01-02T14:02:34","date_gmt":"2024-01-02T14:02:34","guid":{"rendered":"https:\/\/skinstudio.ee\/?post_type=product&#038;p=78989"},"modified":"2026-03-16T14:33:29","modified_gmt":"2026-03-16T14:33:29","slug":"resurfacing-serum","status":"publish","type":"product","link":"https:\/\/skinstudio.ee\/lt\/catalog\/pca-skin\/resurfacing-serum\/","title":{"rendered":"Resurfacing Serum"},"content":{"rendered":"<p data-start=\"4795\" data-end=\"5078\"><strong data-start=\"4795\" data-end=\"4829\">Resurfacing Serum nuo PCA SKIN<\/strong> yra atjauninantis antioksidacinis serumas, skirtas ma\u017einti oksidacinio streso poveik\u012f ir palaikyti jaunatvi\u0161k\u0105 odos i\u0161vaizd\u0105. Formul\u0117 padeda apsaugoti kolageno ir elastino skaidulas, gerina odos tekst\u016br\u0105 ir suteikia lygesn\u0119 bei skaistesn\u0119 i\u0161vaizd\u0105.<\/p>\n<p data-start=\"5080\" data-end=\"5288\">Serumas skatina odos atsinaujinim\u0105, stiprina atsparum\u0105 aplinkos veiksniams ir padeda suvienodinti odos ton\u0105. Tinka profilaktinei anti-age prie\u017ei\u016brai visiems odos tipams ir am\u017eiams, tiek moterims, tiek vyrams.<\/p>\n<p data-start=\"5290\" data-end=\"5390\">Resurfacing Serum stiprina nat\u016brali\u0105 odos apsaug\u0105 ir padeda i\u0161gauti gaivesn\u0119 bei tolygesn\u0119 i\u0161vaizd\u0105.<\/p>\n<p data-start=\"5392\" data-end=\"5427\"><strong data-start=\"5392\" data-end=\"5427\">Aktyvi\u0173j\u0173 ingredient\u0173 poveikis:<\/strong><\/p>\n<ul data-start=\"5429\" data-end=\"5704\">\n<li data-start=\"5429\" data-end=\"5544\">\n<p data-start=\"5431\" data-end=\"5544\"><strong data-start=\"5431\" data-end=\"5449\">Grape Extract:<\/strong> stiprus antioksidantas, ma\u017einantis laisv\u0173j\u0173 radikal\u0173 poveik\u012f ir saugantis kolageno strukt\u016br\u0105<\/p>\n<\/li>\n<li data-start=\"5545\" data-end=\"5620\">\n<p data-start=\"5547\" data-end=\"5620\"><strong data-start=\"5547\" data-end=\"5563\">Niacinamide:<\/strong> suvienodina odos ton\u0105 ir ma\u017eina pigmentacijos matomum\u0105<\/p>\n<\/li>\n<li data-start=\"5621\" data-end=\"5704\">\n<p data-start=\"5623\" data-end=\"5704\"><strong data-start=\"5623\" data-end=\"5650\">Natural Growth Factors:<\/strong> skatina kolageno sintez\u0119 ir didina odos elastingum\u0105<\/p>\n<\/li>\n<\/ul>\n<p data-start=\"5706\" data-end=\"5845\">Kam \u0161is serumas tinka: profilaktinei anti-age prie\u017ei\u016brai, blankiai odai su netolygiu tonu, fotosen\u0117jimo ir elastingumo praradimo po\u017eymiams.<\/p>\n<p data-start=\"5847\" data-end=\"5863\"><strong data-start=\"5847\" data-end=\"5857\">T\u016bris:<\/strong> 7,4 ml \/ 30 ml<\/p>\n","protected":false},"excerpt":{"rendered":"<p data-start=\"6079\" data-end=\"6100\">Atjauninantis serumas<\/p>\n<h2 data-start=\"6102\" data-end=\"6142\"><strong data-start=\"6102\" data-end=\"6142\">PCA SKIN &#8211; Resurfacing Serum Savyb\u0117s<\/strong><\/h2>\n<p data-start=\"6144\" data-end=\"6348\">\u2714\ufe0f Skatina odos atsinaujinim\u0105 be agresyvaus poveikio<br data-start=\"6196\" data-end=\"6199\" \/>\u2714\ufe0f Glotnina odos pavir\u0161i\u0173<br data-start=\"6224\" data-end=\"6227\" \/>\u2714\ufe0f Suvienodina ton\u0105 ir suteikia spindesio<br data-start=\"6268\" data-end=\"6271\" \/>\u2714\ufe0f Ma\u017eina pavargusios odos i\u0161vaizd\u0105<br data-start=\"6306\" data-end=\"6309\" \/>\u2714\ufe0f Palaiko jaunatvi\u0161kesn\u0119 odos i\u0161vaizd\u0105<\/p>\n","protected":false},"featured_media":64195,"template":"","meta":[],"pwb-brand":[1250],"product_brand":[],"product_cat":[746,740,750,724,748,754],"product_tag":[],"giftcard-category":[],"class_list":{"0":"post-78989","1":"product","2":"type-product","3":"status-publish","4":"has-post-thumbnail","6":"pwb-brand-pca-skin","7":"product_cat-jautriai-odai","8":"product_cat-sausai-odai","9":"product_cat-senstanti-oda","10":"product_cat-serumai","11":"product_cat-taukainai-adai-lt","12":"product_cat-travel-size-lt","13":"pa_suurus-30ml-lt","14":"pa_suurus-7-4ml-lt","16":"first","17":"instock","18":"taxable","19":"shipping-taxable","20":"purchasable","21":"product-type-variable"},"acf":[],"brands":[{"id":1250,"name":"PCA Skin","slug":"pca-skin"}],"_links":{"self":[{"href":"https:\/\/skinstudio.ee\/lt\/wp-json\/wp\/v2\/product\/78989","targetHints":{"allow":["GET"]}}],"collection":[{"href":"https:\/\/skinstudio.ee\/lt\/wp-json\/wp\/v2\/product"}],"about":[{"href":"https:\/\/skinstudio.ee\/lt\/wp-json\/wp\/v2\/types\/product"}],"version-history":[{"count":2,"href":"https:\/\/skinstudio.ee\/lt\/wp-json\/wp\/v2\/product\/78989\/revisions"}],"predecessor-version":[{"id":86256,"href":"https:\/\/skinstudio.ee\/lt\/wp-json\/wp\/v2\/product\/78989\/revisions\/86256"}],"wp:featuredmedia":[{"embeddable":true,"href":"https:\/\/skinstudio.ee\/lt\/wp-json\/wp\/v2\/media\/64195"}],"wp:attachment":[{"href":"https:\/\/skinstudio.ee\/lt\/wp-json\/wp\/v2\/media?parent=78989"}],"wp:term":[{"taxonomy":"pwb-brand","embeddable":true,"href":"https:\/\/skinstudio.ee\/lt\/wp-json\/wp\/v2\/pwb-brand?post=78989"},{"taxonomy":"product_brand","embeddable":true,"href":"https:\/\/skinstudio.ee\/lt\/wp-json\/wp\/v2\/product_brand?post=78989"},{"taxonomy":"product_cat","embeddable":true,"href":"https:\/\/skinstudio.ee\/lt\/wp-json\/wp\/v2\/product_cat?post=78989"},{"taxonomy":"product_tag","embeddable":true,"href":"https:\/\/skinstudio.ee\/lt\/wp-json\/wp\/v2\/product_tag?post=78989"},{"taxonomy":"giftcard-category","embeddable":true,"href":"https:\/\/skinstudio.ee\/lt\/wp-json\/wp\/v2\/giftcard-category?post=78989"}],"curies":[{"name":"wp","href":"https:\/\/api.w.org\/{rel}","templated":true}]}}