{"id":78999,"date":"2024-01-02T13:49:51","date_gmt":"2024-01-02T13:49:51","guid":{"rendered":"https:\/\/skinstudio.ee\/?post_type=product&#038;p=78999"},"modified":"2026-02-13T15:28:52","modified_gmt":"2026-02-13T15:28:52","slug":"hydramatte","status":"publish","type":"product","link":"https:\/\/skinstudio.ee\/lt\/catalog\/pca-skin\/hydramatte\/","title":{"rendered":"HydraMatte"},"content":{"rendered":"<p data-start=\"4749\" data-end=\"5023\"><strong data-start=\"4749\" data-end=\"4776\">HydraMatte nuo PCA SKIN<\/strong> yra lengvas matizuojantis gelinis dr\u0117kiklis su \u0161velniu pudriniu efektu, kuris greitai susigeria, gerina tekst\u016br\u0105 ir palieka od\u0105 gaivi\u0105 bei lygi\u0105. Formul\u0117 sujungia efektyv\u0173 dr\u0117kinim\u0105 su sebumo kontrole, pad\u0117dama i\u0161laikyti odos balans\u0105 ir komfort\u0105.<\/p>\n<p data-start=\"5025\" data-end=\"5186\">Gelis suteikia momentin\u012f komfort\u0105, ma\u017eina perteklin\u012f blizges\u012f ir palaiko reikiam\u0105 dr\u0117gm\u0117s lyg\u012f. Lengva tekst\u016bra tinkama kasdieniam naudojimui be sunkumo poj\u016b\u010dio.<\/p>\n<p data-start=\"5188\" data-end=\"5272\">HydraMatte pagerina bendr\u0105 odos i\u0161vaizd\u0105 ir suteikia gaiv\u0173 matin\u012f efekt\u0105 be sausumo.<\/p>\n<p data-start=\"5274\" data-end=\"5309\"><strong data-start=\"5274\" data-end=\"5309\">Aktyvi\u0173j\u0173 ingredient\u0173 poveikis:<\/strong><\/p>\n<ul data-start=\"5311\" data-end=\"5553\">\n<li data-start=\"5311\" data-end=\"5378\">\n<p data-start=\"5313\" data-end=\"5378\"><strong data-start=\"5313\" data-end=\"5342\">Pink Pepper Leaf Extract:<\/strong> ma\u017eina perteklin\u012f sebum\u0105 ir poras<\/p>\n<\/li>\n<li data-start=\"5379\" data-end=\"5472\">\n<p data-start=\"5381\" data-end=\"5472\"><strong data-start=\"5381\" data-end=\"5416\">Rosa Centifolia Flower Extract:<\/strong> u\u017etikrina ilgalaik\u012f dr\u0117kinim\u0105 ir palaiko odos barjer\u0105<\/p>\n<\/li>\n<li data-start=\"5473\" data-end=\"5553\">\n<p data-start=\"5475\" data-end=\"5553\"><strong data-start=\"5475\" data-end=\"5503\">Hydrolyzed Rice Extract:<\/strong> stiprina dr\u0117kinim\u0105 ir gerina barjerin\u0119 funkcij\u0105<\/p>\n<\/li>\n<\/ul>\n<p data-start=\"5555\" data-end=\"5713\">Kam \u0161is gelis tinka: mi\u0161riai ir riebiai odai, linkusiai blizg\u0117ti, su i\u0161sipl\u0117tusiomis poromis ir nelygia tekst\u016bra, lengvai matizuojan\u010diai kasdienei prie\u017ei\u016brai.<\/p>\n<p data-start=\"5715\" data-end=\"5731\"><strong data-start=\"5715\" data-end=\"5725\">T\u016bris:<\/strong> 50 ml<\/p>\n","protected":false},"excerpt":{"rendered":"<div class=\"o_not_editable\">\n<p data-start=\"5862\" data-end=\"5898\">Matizuojantis gelis probleminei odai<\/p>\n<h2 data-start=\"5900\" data-end=\"5933\"><strong data-start=\"5900\" data-end=\"5933\">PCA SKIN &#8211; HydraMatte Savyb\u0117s<\/strong><\/h2>\n<p data-start=\"5935\" data-end=\"6148\">\u2714\ufe0f Kontroliuoja sebum\u0105 neperd\u017eiovindamas<br data-start=\"5975\" data-end=\"5978\" \/>\u2714\ufe0f Ma\u017eina poras ir glotnina tekst\u016br\u0105<br data-start=\"6014\" data-end=\"6017\" \/>\u2714\ufe0f Pa\u0161alina perteklin\u012f blizges\u012f i\u0161laikant komfort\u0105<br data-start=\"6067\" data-end=\"6070\" \/>\u2714\ufe0f Intensyviai dr\u0117kina lengva gelio tekst\u016bra<br data-start=\"6114\" data-end=\"6117\" \/>\u2714\ufe0f Suteikia \u0161var\u0173 matin\u012f efekt\u0105<\/p>\n<\/div>\n","protected":false},"featured_media":64200,"template":"","meta":[],"pwb-brand":[1250],"product_brand":[],"product_cat":[742,738,744,748],"product_tag":[],"giftcard-category":[],"class_list":{"0":"post-78999","1":"product","2":"type-product","3":"status-publish","4":"has-post-thumbnail","6":"pwb-brand-pca-skin","7":"product_cat-berimai","8":"product_cat-drekinimas","9":"product_cat-issipletusios-poros","10":"product_cat-taukainai-adai-lt","11":"pa_suurus-50ml-lt","12":"pa_suurus-7-4ml-lt","14":"first","15":"instock","16":"taxable","17":"shipping-taxable","18":"purchasable","19":"product-type-simple"},"acf":[],"brands":[{"id":1250,"name":"PCA Skin","slug":"pca-skin"}],"_links":{"self":[{"href":"https:\/\/skinstudio.ee\/lt\/wp-json\/wp\/v2\/product\/78999","targetHints":{"allow":["GET"]}}],"collection":[{"href":"https:\/\/skinstudio.ee\/lt\/wp-json\/wp\/v2\/product"}],"about":[{"href":"https:\/\/skinstudio.ee\/lt\/wp-json\/wp\/v2\/types\/product"}],"version-history":[{"count":1,"href":"https:\/\/skinstudio.ee\/lt\/wp-json\/wp\/v2\/product\/78999\/revisions"}],"predecessor-version":[{"id":79002,"href":"https:\/\/skinstudio.ee\/lt\/wp-json\/wp\/v2\/product\/78999\/revisions\/79002"}],"wp:featuredmedia":[{"embeddable":true,"href":"https:\/\/skinstudio.ee\/lt\/wp-json\/wp\/v2\/media\/64200"}],"wp:attachment":[{"href":"https:\/\/skinstudio.ee\/lt\/wp-json\/wp\/v2\/media?parent=78999"}],"wp:term":[{"taxonomy":"pwb-brand","embeddable":true,"href":"https:\/\/skinstudio.ee\/lt\/wp-json\/wp\/v2\/pwb-brand?post=78999"},{"taxonomy":"product_brand","embeddable":true,"href":"https:\/\/skinstudio.ee\/lt\/wp-json\/wp\/v2\/product_brand?post=78999"},{"taxonomy":"product_cat","embeddable":true,"href":"https:\/\/skinstudio.ee\/lt\/wp-json\/wp\/v2\/product_cat?post=78999"},{"taxonomy":"product_tag","embeddable":true,"href":"https:\/\/skinstudio.ee\/lt\/wp-json\/wp\/v2\/product_tag?post=78999"},{"taxonomy":"giftcard-category","embeddable":true,"href":"https:\/\/skinstudio.ee\/lt\/wp-json\/wp\/v2\/giftcard-category?post=78999"}],"curies":[{"name":"wp","href":"https:\/\/api.w.org\/{rel}","templated":true}]}}