{"id":79152,"date":"2024-01-02T12:22:44","date_gmt":"2024-01-02T12:22:44","guid":{"rendered":"https:\/\/skinstudio.ee\/?post_type=product&#038;p=79152"},"modified":"2026-02-13T15:28:56","modified_gmt":"2026-02-13T15:28:56","slug":"pigment-gel-pro","status":"publish","type":"product","link":"https:\/\/skinstudio.ee\/lt\/catalog\/pca-skin\/pigment-gel-pro\/","title":{"rendered":"Pigment Gel Pro"},"content":{"rendered":"<p data-start=\"5030\" data-end=\"5347\"><strong data-start=\"5030\" data-end=\"5062\">Pigment Gel Pro nuo PCA SKIN<\/strong> yra pa\u017eangi korekcin\u0117 priemon\u0117, skirta ma\u017einti nuolatin\u0119 hiperpigmentacij\u0105 ir u\u017ekirsti keli\u0105 nauj\u0173 pigmentini\u0173 d\u0117mi\u0173 atsiradimui. Hidrochinono neturinti formul\u0117 su patentuotu SynerPro kompleksu veikia kelis pigmentacijos mechanizmus, pad\u0117dama pasiekti tolygesn\u012f ir \u0161varesn\u012f odos ton\u0105.<\/p>\n<p data-start=\"5349\" data-end=\"5596\">Gelis ma\u017eina diskoloracij\u0105 ir gerina bendr\u0105 odos i\u0161vaizd\u0105, suteikdamas skaistesn\u012f ir vienodesn\u012f ton\u0105. Aktyvi\u0173j\u0173 ingredient\u0173 derinys veikia skirtinguose pigmentacijos etapuose, pad\u0117damas kontroliuoti esamas d\u0117mes ir ma\u017einti nauj\u0173 atsiradimo rizik\u0105.<\/p>\n<p data-start=\"5598\" data-end=\"5705\">Pigment Gel Pro tinka \u012fvairiems odos tipams ir atspalviams kaip intensyvios pigmentacijos prie\u017ei\u016bros dalis.<\/p>\n<p data-start=\"5707\" data-end=\"5742\"><strong data-start=\"5707\" data-end=\"5742\">Aktyvi\u0173j\u0173 ingredient\u0173 poveikis:<\/strong><\/p>\n<ul data-start=\"5744\" data-end=\"6014\">\n<li data-start=\"5744\" data-end=\"5840\">\n<p data-start=\"5746\" data-end=\"5840\"><strong data-start=\"5746\" data-end=\"5767\">SynerPro Complex:<\/strong> veikia pagrindinius pigmentacijos mechanizmus ir ma\u017eina d\u0117mi\u0173 matomum\u0105<\/p>\n<\/li>\n<li data-start=\"5841\" data-end=\"5915\">\n<p data-start=\"5843\" data-end=\"5915\"><strong data-start=\"5843\" data-end=\"5863\">Tranexamic Acid:<\/strong> ma\u017eina hiperpigmentacij\u0105 ir suvienodina odos ton\u0105<\/p>\n<\/li>\n<li data-start=\"5916\" data-end=\"6014\">\n<p data-start=\"5918\" data-end=\"6014\"><strong data-start=\"5918\" data-end=\"5938\">Hexylresorcinol:<\/strong> slopina nepageidaujamo pigmento susidarym\u0105 ir stiprina \u0161viesinant\u012f efekt\u0105<\/p>\n<\/li>\n<\/ul>\n<p data-start=\"6016\" data-end=\"6154\">Kam tinka Pigment Gel Pro: odai su hiperpigmentacija, po u\u017edegimo likusiomis d\u0117m\u0117mis, netolygiu tonu ir polinkiu \u012f pigmentacijos poky\u010dius.<\/p>\n<p data-start=\"6156\" data-end=\"6172\"><strong data-start=\"6156\" data-end=\"6166\">T\u016bris:<\/strong> 29 ml<\/p>\n","protected":false},"excerpt":{"rendered":"<p data-start=\"6315\" data-end=\"6345\">Pigmentacijos korekcijos gelis<\/p>\n<h2 data-start=\"6347\" data-end=\"6385\"><strong data-start=\"6347\" data-end=\"6385\">PCA SKIN &#8211; Pigment Gel Pro Savyb\u0117s<\/strong><\/h2>\n<p data-start=\"6387\" data-end=\"6573\">\u2714\ufe0f Skaistina nuolatines pigmentines d\u0117mes<br data-start=\"6428\" data-end=\"6431\" \/>\u2714\ufe0f Suvienodina odos ton\u0105<br data-start=\"6455\" data-end=\"6458\" \/>\u2714\ufe0f Apsaugo nuo nauj\u0173 d\u0117mi\u0173 atsiradimo<br data-start=\"6495\" data-end=\"6498\" \/>\u2714\ufe0f Gerina odos skaistum\u0105<br data-start=\"6522\" data-end=\"6525\" \/>\u2714\ufe0f Sustiprina profesionali\u0173 proced\u016br\u0173 rezultatus<\/p>\n","protected":false},"featured_media":64356,"template":"","meta":[],"pwb-brand":[1250],"product_brand":[],"product_cat":[752,724],"product_tag":[],"giftcard-category":[],"class_list":{"0":"post-79152","1":"product","2":"type-product","3":"status-publish","4":"has-post-thumbnail","6":"pwb-brand-pca-skin","7":"product_cat-pigmentacija-lt","8":"product_cat-serumai","10":"first","11":"instock","12":"taxable","13":"shipping-taxable","14":"purchasable","15":"product-type-simple"},"acf":[],"brands":[{"id":1250,"name":"PCA Skin","slug":"pca-skin"}],"_links":{"self":[{"href":"https:\/\/skinstudio.ee\/lt\/wp-json\/wp\/v2\/product\/79152","targetHints":{"allow":["GET"]}}],"collection":[{"href":"https:\/\/skinstudio.ee\/lt\/wp-json\/wp\/v2\/product"}],"about":[{"href":"https:\/\/skinstudio.ee\/lt\/wp-json\/wp\/v2\/types\/product"}],"version-history":[{"count":1,"href":"https:\/\/skinstudio.ee\/lt\/wp-json\/wp\/v2\/product\/79152\/revisions"}],"predecessor-version":[{"id":79154,"href":"https:\/\/skinstudio.ee\/lt\/wp-json\/wp\/v2\/product\/79152\/revisions\/79154"}],"wp:featuredmedia":[{"embeddable":true,"href":"https:\/\/skinstudio.ee\/lt\/wp-json\/wp\/v2\/media\/64356"}],"wp:attachment":[{"href":"https:\/\/skinstudio.ee\/lt\/wp-json\/wp\/v2\/media?parent=79152"}],"wp:term":[{"taxonomy":"pwb-brand","embeddable":true,"href":"https:\/\/skinstudio.ee\/lt\/wp-json\/wp\/v2\/pwb-brand?post=79152"},{"taxonomy":"product_brand","embeddable":true,"href":"https:\/\/skinstudio.ee\/lt\/wp-json\/wp\/v2\/product_brand?post=79152"},{"taxonomy":"product_cat","embeddable":true,"href":"https:\/\/skinstudio.ee\/lt\/wp-json\/wp\/v2\/product_cat?post=79152"},{"taxonomy":"product_tag","embeddable":true,"href":"https:\/\/skinstudio.ee\/lt\/wp-json\/wp\/v2\/product_tag?post=79152"},{"taxonomy":"giftcard-category","embeddable":true,"href":"https:\/\/skinstudio.ee\/lt\/wp-json\/wp\/v2\/giftcard-category?post=79152"}],"curies":[{"name":"wp","href":"https:\/\/api.w.org\/{rel}","templated":true}]}}