{"id":79161,"date":"2023-07-29T10:19:32","date_gmt":"2023-07-29T10:19:32","guid":{"rendered":"https:\/\/skinstudio.ee\/?post_type=product&#038;p=79161"},"modified":"2026-02-13T15:28:51","modified_gmt":"2026-02-13T15:28:51","slug":"hyaluronic-acid-overnight-mask","status":"publish","type":"product","link":"https:\/\/skinstudio.ee\/lt\/catalog\/pca-skin\/hyaluronic-acid-overnight-mask\/","title":{"rendered":"Hyaluronic Acid Overnight Mask"},"content":{"rendered":"<p data-start=\"4804\" data-end=\"5116\"><strong data-start=\"4804\" data-end=\"4851\">Hyaluronic Acid Overnight Mask nuo PCA SKIN<\/strong> yra intensyviai dr\u0117kinanti naktin\u0117 kauk\u0117, skirta atkurti dr\u0117gm\u0117s balans\u0105 ir pagerinti odos i\u0161vaizd\u0105 miego metu. Formul\u0117 su hialurono r\u016bg\u0161timi ir koreguojan\u010diais ingredientais palaiko nat\u016brali\u0105 odos regeneracij\u0105 ir padeda odai tapti lygesnei bei gaivesnei iki ryto.<\/p>\n<p data-start=\"5118\" data-end=\"5301\">Produktas suteikia gil\u0173 maitinim\u0105 ir komfort\u0105, gerina odos \u0161velnum\u0105 bei tekst\u016br\u0105. Dr\u0117kinan\u010di\u0173 ir raminan\u010di\u0173 ingredient\u0173 derinys ma\u017eina nuovargio po\u017eymius ir sugr\u0105\u017eina sveik\u0105 spindes\u012f.<\/p>\n<p data-start=\"5303\" data-end=\"5387\">Formul\u0117 tinka reguliariai naktinei prie\u017ei\u016brai, stiprinant odos atsistatymo procesus.<\/p>\n<p data-start=\"5389\" data-end=\"5424\"><strong data-start=\"5389\" data-end=\"5424\">Aktyvi\u0173j\u0173 ingredient\u0173 poveikis:<\/strong><\/p>\n<ul data-start=\"5426\" data-end=\"5669\">\n<li data-start=\"5426\" data-end=\"5503\">\n<p data-start=\"5428\" data-end=\"5503\"><strong data-start=\"5428\" data-end=\"5448\">Hyaluronic Acid:<\/strong> suteikia gil\u0173 dr\u0117kinim\u0105 ir palaiko dr\u0117gm\u0117s i\u0161laikym\u0105<\/p>\n<\/li>\n<li data-start=\"5504\" data-end=\"5577\">\n<p data-start=\"5506\" data-end=\"5577\"><strong data-start=\"5506\" data-end=\"5522\">Niacinamide:<\/strong> suvienodina odos ton\u0105 ir stiprina apsaugin\u0119 funkcij\u0105<\/p>\n<\/li>\n<li data-start=\"5578\" data-end=\"5669\">\n<p data-start=\"5580\" data-end=\"5669\"><strong data-start=\"5580\" data-end=\"5617\">Albizia Julibrissin Bark Extract:<\/strong> ma\u017eina nuovargio po\u017eymius ir gerina odos i\u0161vaizd\u0105<\/p>\n<\/li>\n<\/ul>\n<p data-start=\"5671\" data-end=\"5792\">Kam tinka Hyaluronic Acid Overnight Mask: dehidratuotai, blankiai ir pavargusiai odai intensyviam naktiniam atsistatymui.<\/p>\n<p data-start=\"5794\" data-end=\"5809\"><strong data-start=\"5794\" data-end=\"5804\">T\u016bris:<\/strong> 51 g<\/p>\n","protected":false},"excerpt":{"rendered":"<p data-start=\"6020\" data-end=\"6039\">Naktin\u0117 veido kauk\u0117<\/p>\n<h2 data-start=\"6041\" data-end=\"6094\"><strong data-start=\"6041\" data-end=\"6094\">PCA SKIN &#8211; Hyaluronic Acid Overnight Mask Savyb\u0117s<\/strong><\/h2>\n<p data-start=\"6096\" data-end=\"6267\">\u2714\ufe0f Intensyviai dr\u0117kina per nakt\u012f<br data-start=\"6128\" data-end=\"6131\" \/>\u2714\ufe0f Didina odos spindes\u012f ir gaivum\u0105<br data-start=\"6165\" data-end=\"6168\" \/>\u2714\ufe0f Glotnina tekst\u016br\u0105 iki ryto<br data-start=\"6197\" data-end=\"6200\" \/>\u2714\ufe0f Ma\u017eina sausumo poj\u016bt\u012f<br data-start=\"6224\" data-end=\"6227\" \/>\u2714\ufe0f Palieka od\u0105 mink\u0161t\u0105 ir atsinaujinusi\u0105<\/p>\n","protected":false},"featured_media":64211,"template":"","meta":[],"pwb-brand":[1250],"product_brand":[],"product_cat":[738,726,740],"product_tag":[],"giftcard-category":[],"class_list":{"0":"post-79161","1":"product","2":"type-product","3":"status-publish","4":"has-post-thumbnail","6":"pwb-brand-pca-skin","7":"product_cat-drekinimas","8":"product_cat-maskas-lt","9":"product_cat-sausai-odai","11":"first","12":"instock","13":"taxable","14":"shipping-taxable","15":"purchasable","16":"product-type-simple"},"acf":[],"brands":[{"id":1250,"name":"PCA Skin","slug":"pca-skin"}],"_links":{"self":[{"href":"https:\/\/skinstudio.ee\/lt\/wp-json\/wp\/v2\/product\/79161","targetHints":{"allow":["GET"]}}],"collection":[{"href":"https:\/\/skinstudio.ee\/lt\/wp-json\/wp\/v2\/product"}],"about":[{"href":"https:\/\/skinstudio.ee\/lt\/wp-json\/wp\/v2\/types\/product"}],"version-history":[{"count":1,"href":"https:\/\/skinstudio.ee\/lt\/wp-json\/wp\/v2\/product\/79161\/revisions"}],"predecessor-version":[{"id":79163,"href":"https:\/\/skinstudio.ee\/lt\/wp-json\/wp\/v2\/product\/79161\/revisions\/79163"}],"wp:featuredmedia":[{"embeddable":true,"href":"https:\/\/skinstudio.ee\/lt\/wp-json\/wp\/v2\/media\/64211"}],"wp:attachment":[{"href":"https:\/\/skinstudio.ee\/lt\/wp-json\/wp\/v2\/media?parent=79161"}],"wp:term":[{"taxonomy":"pwb-brand","embeddable":true,"href":"https:\/\/skinstudio.ee\/lt\/wp-json\/wp\/v2\/pwb-brand?post=79161"},{"taxonomy":"product_brand","embeddable":true,"href":"https:\/\/skinstudio.ee\/lt\/wp-json\/wp\/v2\/product_brand?post=79161"},{"taxonomy":"product_cat","embeddable":true,"href":"https:\/\/skinstudio.ee\/lt\/wp-json\/wp\/v2\/product_cat?post=79161"},{"taxonomy":"product_tag","embeddable":true,"href":"https:\/\/skinstudio.ee\/lt\/wp-json\/wp\/v2\/product_tag?post=79161"},{"taxonomy":"giftcard-category","embeddable":true,"href":"https:\/\/skinstudio.ee\/lt\/wp-json\/wp\/v2\/giftcard-category?post=79161"}],"curies":[{"name":"wp","href":"https:\/\/api.w.org\/{rel}","templated":true}]}}