{"id":79202,"date":"2023-07-24T11:03:27","date_gmt":"2023-07-24T11:03:27","guid":{"rendered":"https:\/\/skinstudio.ee\/?post_type=product&#038;p=79202"},"modified":"2026-02-13T15:28:48","modified_gmt":"2026-02-13T15:28:48","slug":"detoxifying-mask","status":"publish","type":"product","link":"https:\/\/skinstudio.ee\/lt\/catalog\/pca-skin\/detoxifying-mask\/","title":{"rendered":"Detoxifying Mask"},"content":{"rendered":"<p data-start=\"4599\" data-end=\"4867\"><strong data-start=\"4599\" data-end=\"4632\">Detoxifying Mask nuo PCA SKIN<\/strong> yra valomoji kauk\u0117 su japoni\u0161ka balta anglimi, skirta sugerti perteklin\u012f sebum\u0105, pa\u0161alinti ne\u0161varumus ir atkurti odos hidrolipidin\u012f balans\u0105. Formul\u0117 giliai valo od\u0105 ir padeda i\u0161laikyti \u0161vari\u0105 bei gaivi\u0105 i\u0161vaizd\u0105 reguliariai naudojant.<\/p>\n<p data-start=\"4869\" data-end=\"5060\">Produktas padeda i\u0161valyti poras, ma\u017eina u\u017esikim\u0161im\u0105 ir palaiko odos balans\u0105 neperd\u017eiovindamas. Absorbuojan\u010di\u0173 ir balans\u0105 palaikan\u010di\u0173 ingredient\u0173 derinys u\u017etikrina efektyv\u0173 valym\u0105 ir komfort\u0105.<\/p>\n<p data-start=\"5062\" data-end=\"5143\">Formul\u0117 tinkama reguliariam naudojimui, ypa\u010d riebiai ir \u012f b\u0117rimus linkusiai odai.<\/p>\n<p data-start=\"5145\" data-end=\"5180\"><strong data-start=\"5145\" data-end=\"5180\">Aktyvi\u0173j\u0173 ingredient\u0173 poveikis:<\/strong><\/p>\n<ul data-start=\"5182\" data-end=\"5400\">\n<li data-start=\"5182\" data-end=\"5272\">\n<p data-start=\"5184\" data-end=\"5272\"><strong data-start=\"5184\" data-end=\"5230\">Charcoal Powder (Japanese White Charcoal):<\/strong> sugeria perteklin\u012f sebum\u0105 ir ne\u0161varumus<\/p>\n<\/li>\n<li data-start=\"5273\" data-end=\"5337\">\n<p data-start=\"5275\" data-end=\"5337\"><strong data-start=\"5275\" data-end=\"5291\">Kaolin Clay:<\/strong> valo poras ir reguliuoja sebumo i\u0161siskyrim\u0105<\/p>\n<\/li>\n<li data-start=\"5338\" data-end=\"5400\">\n<p data-start=\"5340\" data-end=\"5400\"><strong data-start=\"5340\" data-end=\"5353\">Glycerin:<\/strong> palaiko dr\u0117kinim\u0105 ir apsaugo nuo i\u0161saus\u0117jimo<\/p>\n<\/li>\n<\/ul>\n<p data-start=\"5402\" data-end=\"5531\">Kam tinka Detoxifying Mask: riebiai, mi\u0161riai ir \u012f b\u0117rimus linkusiai odai su i\u0161sipl\u0117tusiomis poromis ir padid\u0117jusia sebumo gamyba.<\/p>\n<p data-start=\"5533\" data-end=\"5548\"><strong data-start=\"5533\" data-end=\"5543\">T\u016bris:<\/strong> 60 g<\/p>\n","protected":false},"excerpt":{"rendered":"<p data-start=\"5855\" data-end=\"5882\">Detoksikuojanti veido kauk\u0117<\/p>\n<h2 data-start=\"5884\" data-end=\"5923\"><strong data-start=\"5884\" data-end=\"5923\">PCA SKIN &#8211; Detoxifying Mask Savyb\u0117s<\/strong><\/h2>\n<p data-start=\"5925\" data-end=\"6068\">\u2714\ufe0f Giliai valo od\u0105<br data-start=\"5943\" data-end=\"5946\" \/>\u2714\ufe0f Kontroliuoja perteklin\u012f sebum\u0105<br data-start=\"5979\" data-end=\"5982\" \/>\u2714\ufe0f Valo ir ma\u017eina poras<br data-start=\"6005\" data-end=\"6008\" \/>\u2714\ufe0f Ma\u017eina odos u\u017esikim\u0161im\u0105<br data-start=\"6034\" data-end=\"6037\" \/>\u2714\ufe0f Palieka od\u0105 gaivi\u0105 ir \u0161vari\u0105<\/p>\n","protected":false},"featured_media":64232,"template":"","meta":[],"pwb-brand":[1250],"product_brand":[],"product_cat":[742,744,726,748],"product_tag":[],"giftcard-category":[],"class_list":{"0":"post-79202","1":"product","2":"type-product","3":"status-publish","4":"has-post-thumbnail","6":"pwb-brand-pca-skin","7":"product_cat-berimai","8":"product_cat-issipletusios-poros","9":"product_cat-maskas-lt","10":"product_cat-taukainai-adai-lt","12":"first","13":"instock","14":"taxable","15":"shipping-taxable","16":"purchasable","17":"product-type-simple"},"acf":[],"brands":[{"id":1250,"name":"PCA Skin","slug":"pca-skin"}],"_links":{"self":[{"href":"https:\/\/skinstudio.ee\/lt\/wp-json\/wp\/v2\/product\/79202","targetHints":{"allow":["GET"]}}],"collection":[{"href":"https:\/\/skinstudio.ee\/lt\/wp-json\/wp\/v2\/product"}],"about":[{"href":"https:\/\/skinstudio.ee\/lt\/wp-json\/wp\/v2\/types\/product"}],"version-history":[{"count":1,"href":"https:\/\/skinstudio.ee\/lt\/wp-json\/wp\/v2\/product\/79202\/revisions"}],"predecessor-version":[{"id":79206,"href":"https:\/\/skinstudio.ee\/lt\/wp-json\/wp\/v2\/product\/79202\/revisions\/79206"}],"wp:featuredmedia":[{"embeddable":true,"href":"https:\/\/skinstudio.ee\/lt\/wp-json\/wp\/v2\/media\/64232"}],"wp:attachment":[{"href":"https:\/\/skinstudio.ee\/lt\/wp-json\/wp\/v2\/media?parent=79202"}],"wp:term":[{"taxonomy":"pwb-brand","embeddable":true,"href":"https:\/\/skinstudio.ee\/lt\/wp-json\/wp\/v2\/pwb-brand?post=79202"},{"taxonomy":"product_brand","embeddable":true,"href":"https:\/\/skinstudio.ee\/lt\/wp-json\/wp\/v2\/product_brand?post=79202"},{"taxonomy":"product_cat","embeddable":true,"href":"https:\/\/skinstudio.ee\/lt\/wp-json\/wp\/v2\/product_cat?post=79202"},{"taxonomy":"product_tag","embeddable":true,"href":"https:\/\/skinstudio.ee\/lt\/wp-json\/wp\/v2\/product_tag?post=79202"},{"taxonomy":"giftcard-category","embeddable":true,"href":"https:\/\/skinstudio.ee\/lt\/wp-json\/wp\/v2\/giftcard-category?post=79202"}],"curies":[{"name":"wp","href":"https:\/\/api.w.org\/{rel}","templated":true}]}}