{"id":79213,"date":"2023-05-24T17:57:38","date_gmt":"2023-05-24T17:57:38","guid":{"rendered":"https:\/\/skinstudio.ee\/?post_type=product&#038;p=79213"},"modified":"2026-02-13T15:29:01","modified_gmt":"2026-02-13T15:29:01","slug":"vitamin-b3-eye-brightening-cream","status":"publish","type":"product","link":"https:\/\/skinstudio.ee\/lt\/catalog\/pca-skin\/vitamin-b3-eye-brightening-cream\/","title":{"rendered":"Vitamin B3 Eye Brightening Cream"},"content":{"rendered":"<div class=\"o_not_editable\">\n<p data-start=\"4576\" data-end=\"4867\"><strong data-start=\"4576\" data-end=\"4625\">Vitamin B3 Eye Brightening Cream nuo PCA SKIN<\/strong> yra \u0161viesinantis paaki\u0173 kremas, skirtas ma\u017einti tamsius ratilus, suvienodinti odos ton\u0105 ir glotninti mimikos linijas. Formul\u0117 sujungia didel\u0119 niacinamido koncentracij\u0105 su antioksidantais, kad suteikt\u0173 \u017evilgsniui daugiau gaivumo ir \u0161vyt\u0117jimo.<\/p>\n<p data-start=\"4869\" data-end=\"5056\">Produktas ma\u017eina nuovargio po\u017eymius, gerina paaki\u0173 zonos i\u0161vaizd\u0105 ir palaiko odos glotnum\u0105. \u0160viesinan\u010di\u0173 ir maitinan\u010di\u0173 ingredient\u0173 derinys padeda suvienodinti ton\u0105 ir u\u017etikrina komfort\u0105.<\/p>\n<p data-start=\"5058\" data-end=\"5116\">Formul\u0117 tinkama reguliariam naudojimui paaki\u0173 prie\u017ei\u016broje.<\/p>\n<p data-start=\"5118\" data-end=\"5153\"><strong data-start=\"5118\" data-end=\"5153\">Aktyvi\u0173j\u0173 ingredient\u0173 poveikis:<\/strong><\/p>\n<ul data-start=\"5155\" data-end=\"5393\">\n<li data-start=\"5155\" data-end=\"5236\">\n<p data-start=\"5157\" data-end=\"5236\"><strong data-start=\"5157\" data-end=\"5186\">Niacinamide (Vitamin B3):<\/strong> suvienodina odos ton\u0105 ir ma\u017eina tamsius ratilus<\/p>\n<\/li>\n<li data-start=\"5237\" data-end=\"5307\">\n<p data-start=\"5239\" data-end=\"5307\"><strong data-start=\"5239\" data-end=\"5274\">Bellis Perennis Flower Extract:<\/strong> \u0161viesina ir suteikia \u0161vyt\u0117jimo<\/p>\n<\/li>\n<li data-start=\"5308\" data-end=\"5393\">\n<p data-start=\"5310\" data-end=\"5393\"><strong data-start=\"5310\" data-end=\"5342\">Hieracium Pilosella Extract:<\/strong> gaivina paaki\u0173 zon\u0105 ir ma\u017eina nuovargio po\u017eymius<\/p>\n<\/li>\n<\/ul>\n<p data-start=\"5395\" data-end=\"5531\">Kam tinka Vitamin B3 Eye Brightening Cream: tamsiems ratilams, netolygiam tonui, pavargusiai paaki\u0173 zonai ir smulkioms mimikos linijoms.<\/p>\n<p data-start=\"5533\" data-end=\"5548\"><strong data-start=\"5533\" data-end=\"5543\">T\u016bris:<\/strong> 13 g<\/p>\n<\/div>\n","protected":false},"excerpt":{"rendered":"<p data-start=\"5740\" data-end=\"5766\">\u0160viesinantis paaki\u0173 kremas<\/p>\n<h2 data-start=\"5768\" data-end=\"5823\"><strong data-start=\"5768\" data-end=\"5823\">PCA SKIN &#8211; Vitamin B3 Eye Brightening Cream Savyb\u0117s<\/strong><\/h2>\n<p data-start=\"5825\" data-end=\"5985\">\u2714\ufe0f \u0160viesina tamsius ratilus<br data-start=\"5852\" data-end=\"5855\" \/>\u2714\ufe0f Suteikia \u017evilgsniui gaivumo<br data-start=\"5885\" data-end=\"5888\" \/>\u2714\ufe0f Glotnina smulkias linijas<br data-start=\"5916\" data-end=\"5919\" \/>\u2714\ufe0f Ma\u017eina nuovargio po\u017eymius<br data-start=\"5947\" data-end=\"5950\" \/>\u2714\ufe0f Gerina odos glotnum\u0105 ir komfort\u0105<\/p>\n","protected":false},"featured_media":64361,"template":"","meta":[],"pwb-brand":[1250],"product_brand":[],"product_cat":[738,746,734,752,750],"product_tag":[],"giftcard-category":[],"class_list":{"0":"post-79213","1":"product","2":"type-product","3":"status-publish","4":"has-post-thumbnail","6":"pwb-brand-pca-skin","7":"product_cat-drekinimas","8":"product_cat-jautriai-odai","9":"product_cat-oda-aplink-akis","10":"product_cat-pigmentacija-lt","11":"product_cat-senstanti-oda","13":"first","14":"instock","15":"taxable","16":"shipping-taxable","17":"purchasable","18":"product-type-simple"},"acf":[],"brands":[{"id":1250,"name":"PCA Skin","slug":"pca-skin"}],"_links":{"self":[{"href":"https:\/\/skinstudio.ee\/lt\/wp-json\/wp\/v2\/product\/79213","targetHints":{"allow":["GET"]}}],"collection":[{"href":"https:\/\/skinstudio.ee\/lt\/wp-json\/wp\/v2\/product"}],"about":[{"href":"https:\/\/skinstudio.ee\/lt\/wp-json\/wp\/v2\/types\/product"}],"version-history":[{"count":1,"href":"https:\/\/skinstudio.ee\/lt\/wp-json\/wp\/v2\/product\/79213\/revisions"}],"predecessor-version":[{"id":79215,"href":"https:\/\/skinstudio.ee\/lt\/wp-json\/wp\/v2\/product\/79213\/revisions\/79215"}],"wp:featuredmedia":[{"embeddable":true,"href":"https:\/\/skinstudio.ee\/lt\/wp-json\/wp\/v2\/media\/64361"}],"wp:attachment":[{"href":"https:\/\/skinstudio.ee\/lt\/wp-json\/wp\/v2\/media?parent=79213"}],"wp:term":[{"taxonomy":"pwb-brand","embeddable":true,"href":"https:\/\/skinstudio.ee\/lt\/wp-json\/wp\/v2\/pwb-brand?post=79213"},{"taxonomy":"product_brand","embeddable":true,"href":"https:\/\/skinstudio.ee\/lt\/wp-json\/wp\/v2\/product_brand?post=79213"},{"taxonomy":"product_cat","embeddable":true,"href":"https:\/\/skinstudio.ee\/lt\/wp-json\/wp\/v2\/product_cat?post=79213"},{"taxonomy":"product_tag","embeddable":true,"href":"https:\/\/skinstudio.ee\/lt\/wp-json\/wp\/v2\/product_tag?post=79213"},{"taxonomy":"giftcard-category","embeddable":true,"href":"https:\/\/skinstudio.ee\/lt\/wp-json\/wp\/v2\/giftcard-category?post=79213"}],"curies":[{"name":"wp","href":"https:\/\/api.w.org\/{rel}","templated":true}]}}