{"id":79230,"date":"2023-05-24T17:56:20","date_gmt":"2023-05-24T17:56:20","guid":{"rendered":"https:\/\/skinstudio.ee\/?post_type=product&#038;p=79230"},"modified":"2026-02-13T15:28:45","modified_gmt":"2026-02-13T15:28:45","slug":"blemish-control-bar","status":"publish","type":"product","link":"https:\/\/skinstudio.ee\/lt\/catalog\/pca-skin\/blemish-control-bar\/","title":{"rendered":"Blemish Control Bar"},"content":{"rendered":"<p data-start=\"4459\" data-end=\"4703\"><strong data-start=\"4459\" data-end=\"4495\">Blemish Control Bar nuo PCA SKIN<\/strong> yra valomasis produktas \u012f akn\u0119 linkusiai odai, tinkamas veidui ir didesn\u0117ms k\u016bno sritims. Formul\u0117 su salicilo r\u016bg\u0161timi ir augaliniais ekstraktais padeda giliai i\u0161valyti od\u0105 i\u0161laikant balans\u0105 neperd\u017eiovinant.<\/p>\n<p data-start=\"4705\" data-end=\"4930\">Produktas efektyviai pa\u0161alina ne\u0161varumus ir perteklin\u012f sebum\u0105, pad\u0117damas ma\u017einti u\u017esikim\u0161im\u0105 ir palaikyti \u0161varesn\u0119 od\u0105. Higieni\u0161ka pakuot\u0117 suma\u017eina kry\u017emin\u0117s kontaminacijos rizik\u0105 ir yra patogi naudoti du\u0161e ar po treniruo\u010di\u0173.<\/p>\n<p data-start=\"4932\" data-end=\"4990\">Formul\u0117 tinkama reguliariam \u012f akn\u0119 linkusios odos valymui.<\/p>\n<p data-start=\"4992\" data-end=\"5027\"><strong data-start=\"4992\" data-end=\"5027\">Aktyvi\u0173j\u0173 ingredient\u0173 poveikis:<\/strong><\/p>\n<ul data-start=\"5029\" data-end=\"5197\">\n<li data-start=\"5029\" data-end=\"5094\">\n<p data-start=\"5031\" data-end=\"5094\"><strong data-start=\"5031\" data-end=\"5053\">Salicylic Acid 2%:<\/strong> valo poras ir ma\u017eina b\u0117rim\u0173 atsiradim\u0105<\/p>\n<\/li>\n<li data-start=\"5095\" data-end=\"5147\">\n<p data-start=\"5097\" data-end=\"5147\"><strong data-start=\"5097\" data-end=\"5120\">Eucalyptus Extract:<\/strong> gaivina ir padeda valyti<\/p>\n<\/li>\n<li data-start=\"5148\" data-end=\"5197\">\n<p data-start=\"5150\" data-end=\"5197\"><strong data-start=\"5150\" data-end=\"5164\">Aloe Vera:<\/strong> ramina od\u0105 ir palaiko komfort\u0105<\/p>\n<\/li>\n<\/ul>\n<p data-start=\"5199\" data-end=\"5344\">Kam tinka Blemish Control Bar: riebiai, mi\u0161riai ir \u012f akn\u0119 linkusiai veido ir k\u016bno odai, esant pertekliniam sebumui ir pasikartojantiems b\u0117rimams.<\/p>\n<p data-start=\"5346\" data-end=\"5361\"><strong data-start=\"5346\" data-end=\"5356\">T\u016bris:<\/strong> 90 g<\/p>\n","protected":false},"excerpt":{"rendered":"<p data-start=\"5601\" data-end=\"5628\">Valomasis muilas nuo b\u0117rim\u0173<\/p>\n<h2 data-start=\"5630\" data-end=\"5672\"><strong data-start=\"5630\" data-end=\"5672\">PCA SKIN &#8211; Blemish Control Bar Savyb\u0117s<\/strong><\/h2>\n<p data-start=\"5674\" data-end=\"5826\">\u2714\ufe0f Giliai valo poras<br data-start=\"5694\" data-end=\"5697\" \/>\u2714\ufe0f Ma\u017eina aktyvius b\u0117rimus<br data-start=\"5723\" data-end=\"5726\" \/>\u2714\ufe0f Padeda i\u0161vengti nauj\u0173 b\u0117rim\u0173<br data-start=\"5757\" data-end=\"5760\" \/>\u2714\ufe0f Gaivina ir balansuoja od\u0105<br data-start=\"5788\" data-end=\"5791\" \/>\u2714\ufe0f I\u0161laiko od\u0105 \u0161vari\u0105 veide ir k\u016bne<\/p>\n","protected":false},"featured_media":64247,"template":"","meta":[],"pwb-brand":[1250],"product_brand":[],"product_cat":[742,744,748,718],"product_tag":[],"giftcard-category":[],"class_list":{"0":"post-79230","1":"product","2":"type-product","3":"status-publish","4":"has-post-thumbnail","6":"pwb-brand-pca-skin","7":"product_cat-berimai","8":"product_cat-issipletusios-poros","9":"product_cat-taukainai-adai-lt","10":"product_cat-valymas","12":"first","13":"instock","14":"taxable","15":"shipping-taxable","16":"purchasable","17":"product-type-simple"},"acf":[],"brands":[{"id":1250,"name":"PCA Skin","slug":"pca-skin"}],"_links":{"self":[{"href":"https:\/\/skinstudio.ee\/lt\/wp-json\/wp\/v2\/product\/79230","targetHints":{"allow":["GET"]}}],"collection":[{"href":"https:\/\/skinstudio.ee\/lt\/wp-json\/wp\/v2\/product"}],"about":[{"href":"https:\/\/skinstudio.ee\/lt\/wp-json\/wp\/v2\/types\/product"}],"version-history":[{"count":1,"href":"https:\/\/skinstudio.ee\/lt\/wp-json\/wp\/v2\/product\/79230\/revisions"}],"predecessor-version":[{"id":79232,"href":"https:\/\/skinstudio.ee\/lt\/wp-json\/wp\/v2\/product\/79230\/revisions\/79232"}],"wp:featuredmedia":[{"embeddable":true,"href":"https:\/\/skinstudio.ee\/lt\/wp-json\/wp\/v2\/media\/64247"}],"wp:attachment":[{"href":"https:\/\/skinstudio.ee\/lt\/wp-json\/wp\/v2\/media?parent=79230"}],"wp:term":[{"taxonomy":"pwb-brand","embeddable":true,"href":"https:\/\/skinstudio.ee\/lt\/wp-json\/wp\/v2\/pwb-brand?post=79230"},{"taxonomy":"product_brand","embeddable":true,"href":"https:\/\/skinstudio.ee\/lt\/wp-json\/wp\/v2\/product_brand?post=79230"},{"taxonomy":"product_cat","embeddable":true,"href":"https:\/\/skinstudio.ee\/lt\/wp-json\/wp\/v2\/product_cat?post=79230"},{"taxonomy":"product_tag","embeddable":true,"href":"https:\/\/skinstudio.ee\/lt\/wp-json\/wp\/v2\/product_tag?post=79230"},{"taxonomy":"giftcard-category","embeddable":true,"href":"https:\/\/skinstudio.ee\/lt\/wp-json\/wp\/v2\/giftcard-category?post=79230"}],"curies":[{"name":"wp","href":"https:\/\/api.w.org\/{rel}","templated":true}]}}