{"id":79247,"date":"2023-05-24T17:56:16","date_gmt":"2023-05-24T17:56:16","guid":{"rendered":"https:\/\/skinstudio.ee\/?post_type=product&#038;p=79247"},"modified":"2026-02-13T15:28:44","modified_gmt":"2026-02-13T15:28:44","slug":"anti-redness-serum","status":"publish","type":"product","link":"https:\/\/skinstudio.ee\/lt\/catalog\/pca-skin\/anti-redness-serum\/","title":{"rendered":"Anti-Redness Serum"},"content":{"rendered":"<p data-start=\"4580\" data-end=\"4837\"><strong data-start=\"4580\" data-end=\"4615\">Anti-Redness Serum nuo PCA SKIN<\/strong> yra raminantis serumas, skirtas ma\u017einti paraudim\u0105, sudirgim\u0105 ir atkurti komfort\u0105 jautriai odai. Formul\u0117 su prie\u0161u\u017edegiminiais ir maitinan\u010diais ingredientais padeda subalansuoti reaktyvi\u0105 od\u0105 ir stiprina apsaugin\u012f barjer\u0105.<\/p>\n<p data-start=\"4839\" data-end=\"5036\">Produktas ma\u017eina jautrum\u0105 ir diskomfort\u0105, kur\u012f sukelia i\u0161oriniai veiksniai, bei didina odos atsparum\u0105. Raminan\u010di\u0173 aktyvi\u0173j\u0173 med\u017eiag\u0173 derinys padeda suvienodinti odos ton\u0105 ir stabilizuoti jos b\u016bkl\u0119.<\/p>\n<p data-start=\"5038\" data-end=\"5115\">Formul\u0117 tinkama kasdieniam naudojimui jautriai ir \u012f paraudim\u0105 linkusiai odai.<\/p>\n<p data-start=\"5117\" data-end=\"5152\"><strong data-start=\"5117\" data-end=\"5152\">Aktyvi\u0173j\u0173 ingredient\u0173 poveikis:<\/strong><\/p>\n<ul data-start=\"5154\" data-end=\"5372\">\n<li data-start=\"5154\" data-end=\"5231\">\n<p data-start=\"5156\" data-end=\"5231\"><strong data-start=\"5156\" data-end=\"5198\">Aldavine (Red &amp; Brown Algae Extracts):<\/strong> ma\u017eina paraudim\u0105 ir ramina od\u0105<\/p>\n<\/li>\n<li data-start=\"5232\" data-end=\"5295\">\n<p data-start=\"5234\" data-end=\"5295\"><strong data-start=\"5234\" data-end=\"5248\">Bisabolol:<\/strong> ma\u017eina sudirgim\u0105 ir veikia prie\u0161u\u017edegimi\u0161kai<\/p>\n<\/li>\n<li data-start=\"5296\" data-end=\"5372\">\n<p data-start=\"5298\" data-end=\"5372\"><strong data-start=\"5298\" data-end=\"5327\">Capparis Spinosa Extract:<\/strong> stiprina odos atsparum\u0105 ir ma\u017eina jautrum\u0105<\/p>\n<\/li>\n<\/ul>\n<p data-start=\"5374\" data-end=\"5465\">Kam tinka Anti-Redness Serum: jautriai, reaktyviai ir \u012f paraudim\u0105 linkusiai odai vis\u0173 tip\u0173.<\/p>\n<p data-start=\"5467\" data-end=\"5483\"><strong data-start=\"5467\" data-end=\"5477\">T\u016bris:<\/strong> 30 ml<\/p>\n","protected":false},"excerpt":{"rendered":"<p data-start=\"5722\" data-end=\"5743\">Serumas nuo paraudimo<\/p>\n<h2 data-start=\"5745\" data-end=\"5786\"><strong data-start=\"5745\" data-end=\"5786\">PCA SKIN &#8211; Anti-Redness Serum Savyb\u0117s<\/strong><\/h2>\n<p data-start=\"5788\" data-end=\"5944\">\u2714\ufe0f Greitai ma\u017eina paraudim\u0105<br data-start=\"5815\" data-end=\"5818\" \/>\u2714\ufe0f Akimirksniu ramina jautri\u0105 od\u0105<br data-start=\"5851\" data-end=\"5854\" \/>\u2714\ufe0f Ma\u017eina sudirgim\u0105 ir diskomfort\u0105<br data-start=\"5888\" data-end=\"5891\" \/>\u2714\ufe0f Stiprina odos atsparum\u0105<br data-start=\"5917\" data-end=\"5920\" \/>\u2714\ufe0f Suvienodina odos ton\u0105<\/p>\n","protected":false},"featured_media":64263,"template":"","meta":[],"pwb-brand":[1250],"product_brand":[],"product_cat":[746,724],"product_tag":[],"giftcard-category":[],"class_list":{"0":"post-79247","1":"product","2":"type-product","3":"status-publish","4":"has-post-thumbnail","6":"pwb-brand-pca-skin","7":"product_cat-jautriai-odai","8":"product_cat-serumai","10":"first","11":"instock","12":"taxable","13":"shipping-taxable","14":"purchasable","15":"product-type-simple"},"acf":[],"brands":[{"id":1250,"name":"PCA Skin","slug":"pca-skin"}],"_links":{"self":[{"href":"https:\/\/skinstudio.ee\/lt\/wp-json\/wp\/v2\/product\/79247","targetHints":{"allow":["GET"]}}],"collection":[{"href":"https:\/\/skinstudio.ee\/lt\/wp-json\/wp\/v2\/product"}],"about":[{"href":"https:\/\/skinstudio.ee\/lt\/wp-json\/wp\/v2\/types\/product"}],"version-history":[{"count":1,"href":"https:\/\/skinstudio.ee\/lt\/wp-json\/wp\/v2\/product\/79247\/revisions"}],"predecessor-version":[{"id":79249,"href":"https:\/\/skinstudio.ee\/lt\/wp-json\/wp\/v2\/product\/79247\/revisions\/79249"}],"wp:featuredmedia":[{"embeddable":true,"href":"https:\/\/skinstudio.ee\/lt\/wp-json\/wp\/v2\/media\/64263"}],"wp:attachment":[{"href":"https:\/\/skinstudio.ee\/lt\/wp-json\/wp\/v2\/media?parent=79247"}],"wp:term":[{"taxonomy":"pwb-brand","embeddable":true,"href":"https:\/\/skinstudio.ee\/lt\/wp-json\/wp\/v2\/pwb-brand?post=79247"},{"taxonomy":"product_brand","embeddable":true,"href":"https:\/\/skinstudio.ee\/lt\/wp-json\/wp\/v2\/product_brand?post=79247"},{"taxonomy":"product_cat","embeddable":true,"href":"https:\/\/skinstudio.ee\/lt\/wp-json\/wp\/v2\/product_cat?post=79247"},{"taxonomy":"product_tag","embeddable":true,"href":"https:\/\/skinstudio.ee\/lt\/wp-json\/wp\/v2\/product_tag?post=79247"},{"taxonomy":"giftcard-category","embeddable":true,"href":"https:\/\/skinstudio.ee\/lt\/wp-json\/wp\/v2\/giftcard-category?post=79247"}],"curies":[{"name":"wp","href":"https:\/\/api.w.org\/{rel}","templated":true}]}}