{"id":79255,"date":"2023-05-24T17:56:16","date_gmt":"2023-05-24T17:56:16","guid":{"rendered":"https:\/\/skinstudio.ee\/?post_type=product&#038;p=79255"},"modified":"2026-02-13T15:28:48","modified_gmt":"2026-02-13T15:28:48","slug":"dual-action-redness-relief","status":"publish","type":"product","link":"https:\/\/skinstudio.ee\/lt\/catalog\/pca-skin\/dual-action-redness-relief\/","title":{"rendered":"Dual Action Redness Relief"},"content":{"rendered":"<p data-start=\"4349\" data-end=\"4625\"><strong data-start=\"4349\" data-end=\"4392\">Dual Action Redness Relief nuo PCA SKIN<\/strong> yra dvigubo poveikio raminamasis serumas, skirtas atkurti odos barjer\u0105 ir ma\u017einti paraudim\u0105. Formul\u0117 su patentuotais kompleksais ir barjer\u0105 stiprinan\u010diais ingredientais ma\u017eina odos reaktyvum\u0105 ir didina atsparum\u0105 aplinkos veiksniams.<\/p>\n<p data-start=\"4627\" data-end=\"4808\">Produktas palaiko dr\u0117kinim\u0105, stiprina apsaugin\u012f sluoksn\u012f ir ma\u017eina sudirgim\u0105 bei diskomfort\u0105. Aktyvi\u0173j\u0173 ingredient\u0173 derinys stabilizuoja jautri\u0105 od\u0105 ir padeda i\u0161laikyti jos balans\u0105.<\/p>\n<p data-start=\"4810\" data-end=\"4863\">Formul\u0117 tinkama kasdieniam naudojimui vis\u0173 tip\u0173 odai.<\/p>\n<p data-start=\"4865\" data-end=\"4900\"><strong data-start=\"4865\" data-end=\"4900\">Aktyvi\u0173j\u0173 ingredient\u0173 poveikis:<\/strong><\/p>\n<ul data-start=\"4902\" data-end=\"5138\">\n<li data-start=\"4902\" data-end=\"4964\">\n<p data-start=\"4904\" data-end=\"4964\"><strong data-start=\"4904\" data-end=\"4920\">Niacinamide:<\/strong> stiprina odos barjer\u0105 ir ma\u017eina paraudim\u0105<\/p>\n<\/li>\n<li data-start=\"4965\" data-end=\"5060\">\n<p data-start=\"4967\" data-end=\"5060\"><strong data-start=\"4967\" data-end=\"5008\">Dimethyl Sulfone &amp; Silymarin Complex:<\/strong> ma\u017eina u\u017edegimines reakcijas ir palaiko dr\u0117kinim\u0105<\/p>\n<\/li>\n<li data-start=\"5061\" data-end=\"5138\">\n<p data-start=\"5063\" data-end=\"5138\"><strong data-start=\"5063\" data-end=\"5079\">Ceramide NP:<\/strong> atkuria apsaugin\u012f barjer\u0105 ir saugo nuo dr\u0117gm\u0117s praradimo<\/p>\n<\/li>\n<\/ul>\n<p data-start=\"5140\" data-end=\"5249\">Kam tinka Dual Action Redness Relief: jautriai, reaktyviai ir \u012f paraudim\u0105 linkusiai odai su pa\u017eeistu barjeru.<\/p>\n<p data-start=\"5251\" data-end=\"5267\"><strong data-start=\"5251\" data-end=\"5261\">T\u016bris:<\/strong> 30 ml<\/p>\n","protected":false},"excerpt":{"rendered":"<p data-start=\"5421\" data-end=\"5457\">Dvigubo poveikio raminamasis serumas<\/p>\n<h2 data-start=\"5459\" data-end=\"5508\"><strong data-start=\"5459\" data-end=\"5508\">PCA SKIN &#8211; Dual Action Redness Relief Savyb\u0117s<\/strong><\/h2>\n<p data-start=\"5510\" data-end=\"5695\">\u2714\ufe0f Greitai ma\u017eina paraudim\u0105 ir jautrum\u0105<br data-start=\"5549\" data-end=\"5552\" \/>\u2714\ufe0f Stiprina ir atkuria odos barjer\u0105<br data-start=\"5587\" data-end=\"5590\" \/>\u2714\ufe0f Ma\u017eina sudirgim\u0105 ir diskomfort\u0105<br data-start=\"5624\" data-end=\"5627\" \/>\u2714\ufe0f Didina odos atsparum\u0105<br data-start=\"5651\" data-end=\"5654\" \/>\u2714\ufe0f Skatina ramesn\u012f ir tolygesn\u012f odos ton\u0105<\/p>\n","protected":false},"featured_media":64268,"template":"","meta":[],"pwb-brand":[1250],"product_brand":[],"product_cat":[742,744,724,748],"product_tag":[],"giftcard-category":[],"class_list":{"0":"post-79255","1":"product","2":"type-product","3":"status-publish","4":"has-post-thumbnail","6":"pwb-brand-pca-skin","7":"product_cat-berimai","8":"product_cat-issipletusios-poros","9":"product_cat-serumai","10":"product_cat-taukainai-adai-lt","12":"first","13":"instock","14":"taxable","15":"shipping-taxable","16":"purchasable","17":"product-type-simple"},"acf":[],"brands":[{"id":1250,"name":"PCA Skin","slug":"pca-skin"}],"_links":{"self":[{"href":"https:\/\/skinstudio.ee\/lt\/wp-json\/wp\/v2\/product\/79255","targetHints":{"allow":["GET"]}}],"collection":[{"href":"https:\/\/skinstudio.ee\/lt\/wp-json\/wp\/v2\/product"}],"about":[{"href":"https:\/\/skinstudio.ee\/lt\/wp-json\/wp\/v2\/types\/product"}],"version-history":[{"count":1,"href":"https:\/\/skinstudio.ee\/lt\/wp-json\/wp\/v2\/product\/79255\/revisions"}],"predecessor-version":[{"id":79256,"href":"https:\/\/skinstudio.ee\/lt\/wp-json\/wp\/v2\/product\/79255\/revisions\/79256"}],"wp:featuredmedia":[{"embeddable":true,"href":"https:\/\/skinstudio.ee\/lt\/wp-json\/wp\/v2\/media\/64268"}],"wp:attachment":[{"href":"https:\/\/skinstudio.ee\/lt\/wp-json\/wp\/v2\/media?parent=79255"}],"wp:term":[{"taxonomy":"pwb-brand","embeddable":true,"href":"https:\/\/skinstudio.ee\/lt\/wp-json\/wp\/v2\/pwb-brand?post=79255"},{"taxonomy":"product_brand","embeddable":true,"href":"https:\/\/skinstudio.ee\/lt\/wp-json\/wp\/v2\/product_brand?post=79255"},{"taxonomy":"product_cat","embeddable":true,"href":"https:\/\/skinstudio.ee\/lt\/wp-json\/wp\/v2\/product_cat?post=79255"},{"taxonomy":"product_tag","embeddable":true,"href":"https:\/\/skinstudio.ee\/lt\/wp-json\/wp\/v2\/product_tag?post=79255"},{"taxonomy":"giftcard-category","embeddable":true,"href":"https:\/\/skinstudio.ee\/lt\/wp-json\/wp\/v2\/giftcard-category?post=79255"}],"curies":[{"name":"wp","href":"https:\/\/api.w.org\/{rel}","templated":true}]}}