{"id":79265,"date":"2023-05-24T17:56:16","date_gmt":"2023-05-24T17:56:16","guid":{"rendered":"https:\/\/skinstudio.ee\/?post_type=product&#038;p=79265"},"modified":"2026-02-13T15:28:47","modified_gmt":"2026-02-13T15:28:47","slug":"collagen-hydrator","status":"publish","type":"product","link":"https:\/\/skinstudio.ee\/lt\/catalog\/pca-skin\/collagen-hydrator\/","title":{"rendered":"Collagen Hydrator"},"content":{"rendered":"<p data-start=\"4437\" data-end=\"4694\"><strong data-start=\"4437\" data-end=\"4471\">Collagen Hydrator nuo PCA SKIN<\/strong> yra stiprinamasis dr\u0117kinamasis kremas, suteikiantis intensyv\u0173 dr\u0117kinim\u0105 be sunkumo poj\u016b\u010dio ir okliuzin\u0117s pl\u0117vel\u0117s. Formul\u0117 sujungia maitinan\u010dius ir dr\u0117kinan\u010dius ingredientus, padedan\u010dius i\u0161laikyti komfort\u0105 ir odos balans\u0105.<\/p>\n<p data-start=\"4696\" data-end=\"4869\">Produktas palaiko odos elastingum\u0105, ma\u017eina sen\u0117jimo po\u017eymius ir gerina bendr\u0105 odos b\u016bkl\u0119. Aktyvi\u0173j\u0173 ingredient\u0173 derinys didina glotnum\u0105 ir padeda i\u0161laikyti nat\u016bral\u0173 balans\u0105.<\/p>\n<p data-start=\"4871\" data-end=\"4957\">Formul\u0117 tinkama kasdieniam naudojimui vis\u0173 tip\u0173 odai, ypa\u010d turin\u010diai sen\u0117jimo po\u017eymi\u0173.<\/p>\n<p data-start=\"4959\" data-end=\"4994\"><strong data-start=\"4959\" data-end=\"4994\">Aktyvi\u0173j\u0173 ingredient\u0173 poveikis:<\/strong><\/p>\n<ul data-start=\"4996\" data-end=\"5184\">\n<li data-start=\"4996\" data-end=\"5056\">\n<p data-start=\"4998\" data-end=\"5056\"><strong data-start=\"4998\" data-end=\"5021\">Sodium Hyaluronate:<\/strong> giliai dr\u0117kina ir sulaiko dr\u0117gm\u0119<\/p>\n<\/li>\n<li data-start=\"5057\" data-end=\"5121\">\n<p data-start=\"5059\" data-end=\"5121\"><strong data-start=\"5059\" data-end=\"5088\">Hydrolyzed Wheat Protein:<\/strong> gerina elastingum\u0105 ir tekst\u016br\u0105<\/p>\n<\/li>\n<li data-start=\"5122\" data-end=\"5184\">\n<p data-start=\"5124\" data-end=\"5184\"><strong data-start=\"5124\" data-end=\"5140\">Shea Butter:<\/strong> maitina od\u0105 ir stiprina apsaugin\u012f barjer\u0105<\/p>\n<\/li>\n<\/ul>\n<p data-start=\"5186\" data-end=\"5283\">Kam tinka Collagen Hydrator: dehidratuotai odai, suma\u017e\u0117jusiam elastingumui ir sen\u0117jimo po\u017eymiams.<\/p>\n<p data-start=\"5285\" data-end=\"5306\"><strong data-start=\"5285\" data-end=\"5295\">T\u016bris:<\/strong> 7 g \/ 48 g<\/p>\n","protected":false},"excerpt":{"rendered":"<p data-start=\"5517\" data-end=\"5550\">Stiprinamasis dr\u0117kinamasis kremas<\/p>\n<h2 data-start=\"5552\" data-end=\"5592\"><strong data-start=\"5552\" data-end=\"5592\">PCA SKIN &#8211; Collagen Hydrator Savyb\u0117s<\/strong><\/h2>\n<p data-start=\"5594\" data-end=\"5774\">\u2714\ufe0f Intensyviai dr\u0117kina be sunkumo poj\u016b\u010dio<br data-start=\"5635\" data-end=\"5638\" \/>\u2714\ufe0f Gerina odos stangrum\u0105 ir glotnum\u0105<br data-start=\"5674\" data-end=\"5677\" \/>\u2714\ufe0f Palaiko elastingum\u0105 ir tank\u012f<br data-start=\"5708\" data-end=\"5711\" \/>\u2714\ufe0f Gerina odos tekst\u016br\u0105<br data-start=\"5734\" data-end=\"5737\" \/>\u2714\ufe0f Palieka od\u0105 mink\u0161t\u0105 ir komforti\u0161k\u0105<\/p>\n","protected":false},"featured_media":64273,"template":"","meta":[],"pwb-brand":[1250],"product_brand":[],"product_cat":[738,746,740,750,754],"product_tag":[],"giftcard-category":[],"class_list":{"0":"post-79265","1":"product","2":"type-product","3":"status-publish","4":"has-post-thumbnail","6":"pwb-brand-pca-skin","7":"product_cat-drekinimas","8":"product_cat-jautriai-odai","9":"product_cat-sausai-odai","10":"product_cat-senstanti-oda","11":"product_cat-travel-size-lt","12":"pa_suurus-48g-lt","13":"pa_suurus-7g-lt","15":"first","16":"instock","17":"taxable","18":"shipping-taxable","19":"purchasable","20":"product-type-variable"},"acf":[],"brands":[{"id":1250,"name":"PCA Skin","slug":"pca-skin"}],"_links":{"self":[{"href":"https:\/\/skinstudio.ee\/lt\/wp-json\/wp\/v2\/product\/79265","targetHints":{"allow":["GET"]}}],"collection":[{"href":"https:\/\/skinstudio.ee\/lt\/wp-json\/wp\/v2\/product"}],"about":[{"href":"https:\/\/skinstudio.ee\/lt\/wp-json\/wp\/v2\/types\/product"}],"version-history":[{"count":1,"href":"https:\/\/skinstudio.ee\/lt\/wp-json\/wp\/v2\/product\/79265\/revisions"}],"predecessor-version":[{"id":79268,"href":"https:\/\/skinstudio.ee\/lt\/wp-json\/wp\/v2\/product\/79265\/revisions\/79268"}],"wp:featuredmedia":[{"embeddable":true,"href":"https:\/\/skinstudio.ee\/lt\/wp-json\/wp\/v2\/media\/64273"}],"wp:attachment":[{"href":"https:\/\/skinstudio.ee\/lt\/wp-json\/wp\/v2\/media?parent=79265"}],"wp:term":[{"taxonomy":"pwb-brand","embeddable":true,"href":"https:\/\/skinstudio.ee\/lt\/wp-json\/wp\/v2\/pwb-brand?post=79265"},{"taxonomy":"product_brand","embeddable":true,"href":"https:\/\/skinstudio.ee\/lt\/wp-json\/wp\/v2\/product_brand?post=79265"},{"taxonomy":"product_cat","embeddable":true,"href":"https:\/\/skinstudio.ee\/lt\/wp-json\/wp\/v2\/product_cat?post=79265"},{"taxonomy":"product_tag","embeddable":true,"href":"https:\/\/skinstudio.ee\/lt\/wp-json\/wp\/v2\/product_tag?post=79265"},{"taxonomy":"giftcard-category","embeddable":true,"href":"https:\/\/skinstudio.ee\/lt\/wp-json\/wp\/v2\/giftcard-category?post=79265"}],"curies":[{"name":"wp","href":"https:\/\/api.w.org\/{rel}","templated":true}]}}