{"id":79276,"date":"2023-05-24T17:56:16","date_gmt":"2023-05-24T17:56:16","guid":{"rendered":"https:\/\/skinstudio.ee\/?post_type=product&#038;p=79276"},"modified":"2026-02-13T15:28:59","modified_gmt":"2026-02-13T15:28:59","slug":"silkcoat-balm","status":"publish","type":"product","link":"https:\/\/skinstudio.ee\/lt\/catalog\/pca-skin\/silkcoat-balm\/","title":{"rendered":"Silkcoat Balm"},"content":{"rendered":"<p data-start=\"4104\" data-end=\"4377\"><strong data-start=\"4104\" data-end=\"4134\">Silkcoat Balm nuo PCA SKIN<\/strong> yra intensyviai dr\u0117kinantis balzamas sausai, jautriai ir brand\u017eiai odai bei odai, veikiamai \u0161alto ar at\u0161iauraus klimato. Formul\u0117 sujungia antioksidantus, augalinius ekstraktus ir \u0161ilko baltymus, u\u017etikrindama gil\u0173 dr\u0117kinim\u0105 be sunkumo poj\u016b\u010dio.<\/p>\n<p data-start=\"4379\" data-end=\"4532\">Produktas didina komfort\u0105, ma\u017eina sausum\u0105 ir gerina bendr\u0105 odos b\u016bkl\u0119. Aktyv\u016bs ingredientai padeda atkurti dr\u0117gm\u0117s balans\u0105 ir stiprina apsaugin\u012f barjer\u0105.<\/p>\n<p data-start=\"4534\" data-end=\"4577\">Tinka kasdieniam naudojimui ryte ir vakare.<\/p>\n<p data-start=\"4579\" data-end=\"4614\"><strong data-start=\"4579\" data-end=\"4614\">Aktyvi\u0173j\u0173 ingredient\u0173 poveikis:<\/strong><\/p>\n<ul data-start=\"4616\" data-end=\"4797\">\n<li data-start=\"4616\" data-end=\"4674\">\n<p data-start=\"4618\" data-end=\"4674\"><strong data-start=\"4618\" data-end=\"4638\">Hydrolyzed Silk:<\/strong> giliai dr\u0117kina ir gerina glotnum\u0105<\/p>\n<\/li>\n<li data-start=\"4675\" data-end=\"4733\">\n<p data-start=\"4677\" data-end=\"4733\"><strong data-start=\"4677\" data-end=\"4693\">Shea Butter:<\/strong> maitina ir stiprina apsaugin\u012f barjer\u0105<\/p>\n<\/li>\n<li data-start=\"4734\" data-end=\"4797\">\n<p data-start=\"4736\" data-end=\"4797\"><strong data-start=\"4736\" data-end=\"4749\">Squalane:<\/strong> atkuria mink\u0161tum\u0105 ir ma\u017eina dr\u0117gm\u0117s praradim\u0105<\/p>\n<\/li>\n<\/ul>\n<p data-start=\"4799\" data-end=\"4909\">Kam tinka Silkcoat Balm: sausai, jautriai ir brand\u017eiai odai, esant tempimo jausmui ar \u0161alto klimato poveikiui.<\/p>\n<p data-start=\"4911\" data-end=\"4926\"><strong data-start=\"4911\" data-end=\"4921\">T\u016bris:<\/strong> 48 g<\/p>\n","protected":false},"excerpt":{"rendered":"<p data-start=\"5062\" data-end=\"5118\">Intensyviai dr\u0117kinantis balzamas jautriai brand\u017eiai odai<\/p>\n<h2 data-start=\"5120\" data-end=\"5156\"><strong data-start=\"5120\" data-end=\"5156\">PCA SKIN &#8211; Silkcoat Balm Savyb\u0117s<\/strong><\/h2>\n<p data-start=\"5158\" data-end=\"5342\">\u2714\ufe0f Intensyviai maitina ir ma\u017eina sausum\u0105<br data-start=\"5198\" data-end=\"5201\" \/>\u2714\ufe0f Greitai pa\u0161alina tempimo poj\u016bt\u012f<br data-start=\"5235\" data-end=\"5238\" \/>\u2714\ufe0f Atkuria jautrios odos komfort\u0105<br data-start=\"5271\" data-end=\"5274\" \/>\u2714\ufe0f Gerina mink\u0161tum\u0105 ir glotnum\u0105<br data-start=\"5305\" data-end=\"5308\" \/>\u2714\ufe0f Stiprina apsaugin\u012f odos barjer\u0105<\/p>\n","protected":false},"featured_media":64279,"template":"","meta":[],"pwb-brand":[1250],"product_brand":[],"product_cat":[738,746,740,750,748],"product_tag":[],"giftcard-category":[],"class_list":{"0":"post-79276","1":"product","2":"type-product","3":"status-publish","4":"has-post-thumbnail","6":"pwb-brand-pca-skin","7":"product_cat-drekinimas","8":"product_cat-jautriai-odai","9":"product_cat-sausai-odai","10":"product_cat-senstanti-oda","11":"product_cat-taukainai-adai-lt","13":"first","14":"instock","15":"taxable","16":"shipping-taxable","17":"purchasable","18":"product-type-simple"},"acf":[],"brands":[{"id":1250,"name":"PCA Skin","slug":"pca-skin"}],"_links":{"self":[{"href":"https:\/\/skinstudio.ee\/lt\/wp-json\/wp\/v2\/product\/79276","targetHints":{"allow":["GET"]}}],"collection":[{"href":"https:\/\/skinstudio.ee\/lt\/wp-json\/wp\/v2\/product"}],"about":[{"href":"https:\/\/skinstudio.ee\/lt\/wp-json\/wp\/v2\/types\/product"}],"version-history":[{"count":1,"href":"https:\/\/skinstudio.ee\/lt\/wp-json\/wp\/v2\/product\/79276\/revisions"}],"predecessor-version":[{"id":79279,"href":"https:\/\/skinstudio.ee\/lt\/wp-json\/wp\/v2\/product\/79276\/revisions\/79279"}],"wp:featuredmedia":[{"embeddable":true,"href":"https:\/\/skinstudio.ee\/lt\/wp-json\/wp\/v2\/media\/64279"}],"wp:attachment":[{"href":"https:\/\/skinstudio.ee\/lt\/wp-json\/wp\/v2\/media?parent=79276"}],"wp:term":[{"taxonomy":"pwb-brand","embeddable":true,"href":"https:\/\/skinstudio.ee\/lt\/wp-json\/wp\/v2\/pwb-brand?post=79276"},{"taxonomy":"product_brand","embeddable":true,"href":"https:\/\/skinstudio.ee\/lt\/wp-json\/wp\/v2\/product_brand?post=79276"},{"taxonomy":"product_cat","embeddable":true,"href":"https:\/\/skinstudio.ee\/lt\/wp-json\/wp\/v2\/product_cat?post=79276"},{"taxonomy":"product_tag","embeddable":true,"href":"https:\/\/skinstudio.ee\/lt\/wp-json\/wp\/v2\/product_tag?post=79276"},{"taxonomy":"giftcard-category","embeddable":true,"href":"https:\/\/skinstudio.ee\/lt\/wp-json\/wp\/v2\/giftcard-category?post=79276"}],"curies":[{"name":"wp","href":"https:\/\/api.w.org\/{rel}","templated":true}]}}