{"id":79286,"date":"2023-05-24T17:56:16","date_gmt":"2023-05-24T17:56:16","guid":{"rendered":"https:\/\/skinstudio.ee\/?post_type=product&#038;p=79286"},"modified":"2026-02-13T15:28:44","modified_gmt":"2026-02-13T15:28:44","slug":"apres-peel-hydrating-balm","status":"publish","type":"product","link":"https:\/\/skinstudio.ee\/lt\/catalog\/pca-skin\/apres-peel-hydrating-balm\/","title":{"rendered":"Apr\u00e8s Peel Hydrating Balm"},"content":{"rendered":"<p data-start=\"4360\" data-end=\"4664\"><strong data-start=\"4360\" data-end=\"4402\">Apr\u00e8s Peel Hydrating Balm nuo PCA SKIN<\/strong> yra atkuriamasis dr\u0117kinamasis balzamas, skirtas stiprinti odos barjer\u0105 ir ma\u017einti sausum\u0105, ypa\u010d kai oda jau\u010diasi nusilpusi ar patiria stres\u0105. Formul\u0117 sujungia augalinius fitoestrogenus ir maitinan\u010dius aliejus, kad pagerint\u0173 komfort\u0105, mink\u0161tum\u0105 ir odos glotnum\u0105.<\/p>\n<p data-start=\"4666\" data-end=\"4864\">Produktas atkuria dr\u0117gm\u0117s balans\u0105, ma\u017eina tempimo poj\u016bt\u012f ir palaiko elastingum\u0105, palikdamas od\u0105 labiau subalansuot\u0105. Antioksidacin\u0117 apsauga ir emolientai padeda i\u0161laikyti komfort\u0105 ir odos atsparum\u0105.<\/p>\n<p data-start=\"4866\" data-end=\"4901\"><strong data-start=\"4866\" data-end=\"4901\">Aktyvi\u0173j\u0173 ingredient\u0173 poveikis:<\/strong><\/p>\n<ul data-start=\"4903\" data-end=\"5127\">\n<li data-start=\"4903\" data-end=\"4970\">\n<p data-start=\"4905\" data-end=\"4970\"><strong data-start=\"4905\" data-end=\"4925\">Soy Isoflavones:<\/strong> gerina stangrum\u0105 ir ma\u017eina linij\u0173 matomum\u0105<\/p>\n<\/li>\n<li data-start=\"4971\" data-end=\"5045\">\n<p data-start=\"4973\" data-end=\"5045\"><strong data-start=\"4973\" data-end=\"5004\">Vitex Agnus-Castus Extract:<\/strong> palaiko odos glotnum\u0105 ir atsinaujinim\u0105<\/p>\n<\/li>\n<li data-start=\"5046\" data-end=\"5127\">\n<p data-start=\"5048\" data-end=\"5127\"><strong data-start=\"5048\" data-end=\"5071\">Apricot Kernel Oil:<\/strong> maitina, mink\u0161tina ir suteikia antioksidacin\u0119 apsaug\u0105<\/p>\n<\/li>\n<\/ul>\n<p data-start=\"5129\" data-end=\"5268\">Kam tinka Apr\u00e8s Peel Hydrating Balm: normaliai ir sausai odai, dehidratacijai, sen\u0117jimo po\u017eymiams ir nusilpusiai odos barjerinei funkcijai.<\/p>\n<p data-start=\"5270\" data-end=\"5285\"><strong data-start=\"5270\" data-end=\"5280\">T\u016bris:<\/strong> 48 g<\/p>\n","protected":false},"excerpt":{"rendered":"<p data-start=\"5421\" data-end=\"5442\">Dr\u0117kinamasis balzamas<\/p>\n<h2 data-start=\"5444\" data-end=\"5492\"><strong data-start=\"5444\" data-end=\"5492\">PCA SKIN &#8211; Apr\u00e8s Peel Hydrating Balm Savyb\u0117s<\/strong><\/h2>\n<p data-start=\"5494\" data-end=\"5668\">\u2714\ufe0f Greitai atkuria barjero komfort\u0105<br data-start=\"5529\" data-end=\"5532\" \/>\u2714\ufe0f Giliai dr\u0117kina be sunkumo poj\u016b\u010dio<br data-start=\"5568\" data-end=\"5571\" \/>\u2714\ufe0f Mink\u0161tina ir glotnina tekst\u016br\u0105<br data-start=\"5604\" data-end=\"5607\" \/>\u2714\ufe0f Palaiko elastingum\u0105<br data-start=\"5629\" data-end=\"5632\" \/>\u2714\ufe0f Palieka od\u0105 \u0161velni\u0105 ir pamaitint\u0105<\/p>\n","protected":false},"featured_media":64253,"template":"","meta":[],"pwb-brand":[1250],"product_brand":[],"product_cat":[738,750],"product_tag":[],"giftcard-category":[],"class_list":{"0":"post-79286","1":"product","2":"type-product","3":"status-publish","4":"has-post-thumbnail","6":"pwb-brand-pca-skin","7":"product_cat-drekinimas","8":"product_cat-senstanti-oda","10":"first","11":"instock","12":"taxable","13":"shipping-taxable","14":"purchasable","15":"product-type-simple"},"acf":[],"brands":[{"id":1250,"name":"PCA Skin","slug":"pca-skin"}],"_links":{"self":[{"href":"https:\/\/skinstudio.ee\/lt\/wp-json\/wp\/v2\/product\/79286","targetHints":{"allow":["GET"]}}],"collection":[{"href":"https:\/\/skinstudio.ee\/lt\/wp-json\/wp\/v2\/product"}],"about":[{"href":"https:\/\/skinstudio.ee\/lt\/wp-json\/wp\/v2\/types\/product"}],"version-history":[{"count":1,"href":"https:\/\/skinstudio.ee\/lt\/wp-json\/wp\/v2\/product\/79286\/revisions"}],"predecessor-version":[{"id":79287,"href":"https:\/\/skinstudio.ee\/lt\/wp-json\/wp\/v2\/product\/79286\/revisions\/79287"}],"wp:featuredmedia":[{"embeddable":true,"href":"https:\/\/skinstudio.ee\/lt\/wp-json\/wp\/v2\/media\/64253"}],"wp:attachment":[{"href":"https:\/\/skinstudio.ee\/lt\/wp-json\/wp\/v2\/media?parent=79286"}],"wp:term":[{"taxonomy":"pwb-brand","embeddable":true,"href":"https:\/\/skinstudio.ee\/lt\/wp-json\/wp\/v2\/pwb-brand?post=79286"},{"taxonomy":"product_brand","embeddable":true,"href":"https:\/\/skinstudio.ee\/lt\/wp-json\/wp\/v2\/product_brand?post=79286"},{"taxonomy":"product_cat","embeddable":true,"href":"https:\/\/skinstudio.ee\/lt\/wp-json\/wp\/v2\/product_cat?post=79286"},{"taxonomy":"product_tag","embeddable":true,"href":"https:\/\/skinstudio.ee\/lt\/wp-json\/wp\/v2\/product_tag?post=79286"},{"taxonomy":"giftcard-category","embeddable":true,"href":"https:\/\/skinstudio.ee\/lt\/wp-json\/wp\/v2\/giftcard-category?post=79286"}],"curies":[{"name":"wp","href":"https:\/\/api.w.org\/{rel}","templated":true}]}}