{"id":79296,"date":"2023-05-24T17:56:15","date_gmt":"2023-05-24T17:56:15","guid":{"rendered":"https:\/\/skinstudio.ee\/?post_type=product&#038;p=79296"},"modified":"2026-03-16T14:03:57","modified_gmt":"2026-03-16T14:03:57","slug":"ce-advanced","status":"publish","type":"product","link":"https:\/\/skinstudio.ee\/lt\/catalog\/pca-skin\/ce-advanced\/","title":{"rendered":"C&#038;E Advanced"},"content":{"rendered":"<p data-start=\"4345\" data-end=\"4588\"><strong data-start=\"4345\" data-end=\"4374\">C&amp;E Advanced nuo PCA SKIN<\/strong> yra antioksidacinis sen\u0117jim\u0105 stabdantis serumas, padedantis pagerinti odos tekst\u016br\u0105, suvienodinti ton\u0105 ir apsaugoti nuo prie\u0161laikinio sen\u0117jimo. Stabilios formul\u0117s d\u0117ka i\u0161laikomas aktyvi\u0173j\u0173 ingredient\u0173 efektyvumas.<\/p>\n<p data-start=\"4590\" data-end=\"4764\">Formul\u0117 veikia pigmentacij\u0105, rauk\u0161les ir elastingumo praradim\u0105, ramina od\u0105 ir ma\u017eina sen\u0117jimo po\u017eymius. Didel\u0117 antioksidant\u0173 koncentracija stiprina od\u0105 ir suteikia \u0161vyt\u0117jimo.<\/p>\n<p data-start=\"4766\" data-end=\"4801\"><strong data-start=\"4766\" data-end=\"4801\">Aktyvi\u0173j\u0173 ingredient\u0173 poveikis:<\/strong><\/p>\n<ul data-start=\"4803\" data-end=\"5015\">\n<li data-start=\"4803\" data-end=\"4879\">\n<p data-start=\"4805\" data-end=\"4879\"><strong data-start=\"4805\" data-end=\"4823\">20% Vitamin C:<\/strong> \u0161viesina odos ton\u0105 ir suteikia antioksidacin\u0119 apsaug\u0105<\/p>\n<\/li>\n<li data-start=\"4880\" data-end=\"4931\">\n<p data-start=\"4882\" data-end=\"4931\"><strong data-start=\"4882\" data-end=\"4899\">5% Vitamin E:<\/strong> stiprina apsaugines funkcijas<\/p>\n<\/li>\n<li data-start=\"4932\" data-end=\"5015\">\n<p data-start=\"4934\" data-end=\"5015\"><strong data-start=\"4934\" data-end=\"4966\">Hexylresorcinol &amp; Silymarin:<\/strong> ma\u017eina pigmentacij\u0105 ir palaiko anti-age efekt\u0105<\/p>\n<\/li>\n<\/ul>\n<p data-start=\"5017\" data-end=\"5109\">Kam tinka C&amp;E Advanced: vis\u0173 tip\u0173 odai, pigmentacijai, rauk\u0161l\u0117ms ir elastingumo suma\u017e\u0117jimui.<\/p>\n<p data-start=\"5111\" data-end=\"5126\"><strong data-start=\"5111\" data-end=\"5121\">T\u016bris:<\/strong> <span data-sheets-root=\"1\">7,4 ml \/ <\/span>28 g<\/p>\n","protected":false},"excerpt":{"rendered":"<p data-start=\"5243\" data-end=\"5272\">\u0160viesinantis anti-age serumas<\/p>\n<h2 data-start=\"5274\" data-end=\"5309\"><strong data-start=\"5274\" data-end=\"5309\">PCA SKIN &#8211; C&amp;E Advanced Savyb\u0117s<\/strong><\/h2>\n<p data-start=\"5311\" data-end=\"5462\">\u2714\ufe0f Galinga antioksidacin\u0117 apsauga<br data-start=\"5344\" data-end=\"5347\" \/>\u2714\ufe0f \u0160viesina ir suvienodina ton\u0105<br data-start=\"5378\" data-end=\"5381\" \/>\u2714\ufe0f Ma\u017eina pigmentacij\u0105<br data-start=\"5403\" data-end=\"5406\" \/>\u2714\ufe0f Gerina glotnum\u0105<br data-start=\"5424\" data-end=\"5427\" \/>\u2714\ufe0f Padeda l\u0117tinti sen\u0117jimo po\u017eymius<\/p>\n","protected":false},"featured_media":79298,"template":"","meta":[],"pwb-brand":[1250],"product_brand":[],"product_cat":[746,752,740,750,724,748,754,730],"product_tag":[],"giftcard-category":[],"class_list":{"0":"post-79296","1":"product","2":"type-product","3":"status-publish","4":"has-post-thumbnail","6":"pwb-brand-pca-skin","7":"product_cat-jautriai-odai","8":"product_cat-pigmentacija-lt","9":"product_cat-sausai-odai","10":"product_cat-senstanti-oda","11":"product_cat-serumai","12":"product_cat-taukainai-adai-lt","13":"product_cat-travel-size-lt","14":"product_cat-vitaminas-c","15":"pa_suurus-28g-lt","16":"pa_suurus-7-4ml-lt","18":"first","19":"instock","20":"taxable","21":"shipping-taxable","22":"purchasable","23":"product-type-variable"},"acf":[],"brands":[{"id":1250,"name":"PCA Skin","slug":"pca-skin"}],"_links":{"self":[{"href":"https:\/\/skinstudio.ee\/lt\/wp-json\/wp\/v2\/product\/79296","targetHints":{"allow":["GET"]}}],"collection":[{"href":"https:\/\/skinstudio.ee\/lt\/wp-json\/wp\/v2\/product"}],"about":[{"href":"https:\/\/skinstudio.ee\/lt\/wp-json\/wp\/v2\/types\/product"}],"version-history":[{"count":2,"href":"https:\/\/skinstudio.ee\/lt\/wp-json\/wp\/v2\/product\/79296\/revisions"}],"predecessor-version":[{"id":86196,"href":"https:\/\/skinstudio.ee\/lt\/wp-json\/wp\/v2\/product\/79296\/revisions\/86196"}],"wp:featuredmedia":[{"embeddable":true,"href":"https:\/\/skinstudio.ee\/lt\/wp-json\/wp\/v2\/media\/79298"}],"wp:attachment":[{"href":"https:\/\/skinstudio.ee\/lt\/wp-json\/wp\/v2\/media?parent=79296"}],"wp:term":[{"taxonomy":"pwb-brand","embeddable":true,"href":"https:\/\/skinstudio.ee\/lt\/wp-json\/wp\/v2\/pwb-brand?post=79296"},{"taxonomy":"product_brand","embeddable":true,"href":"https:\/\/skinstudio.ee\/lt\/wp-json\/wp\/v2\/product_brand?post=79296"},{"taxonomy":"product_cat","embeddable":true,"href":"https:\/\/skinstudio.ee\/lt\/wp-json\/wp\/v2\/product_cat?post=79296"},{"taxonomy":"product_tag","embeddable":true,"href":"https:\/\/skinstudio.ee\/lt\/wp-json\/wp\/v2\/product_tag?post=79296"},{"taxonomy":"giftcard-category","embeddable":true,"href":"https:\/\/skinstudio.ee\/lt\/wp-json\/wp\/v2\/giftcard-category?post=79296"}],"curies":[{"name":"wp","href":"https:\/\/api.w.org\/{rel}","templated":true}]}}