{"id":79305,"date":"2023-05-24T17:56:15","date_gmt":"2023-05-24T17:56:15","guid":{"rendered":"https:\/\/skinstudio.ee\/?post_type=product&#038;p=79305"},"modified":"2026-03-16T14:42:34","modified_gmt":"2026-03-16T14:42:34","slug":"vitamin-b3-brightening-serum","status":"publish","type":"product","link":"https:\/\/skinstudio.ee\/lt\/catalog\/pca-skin\/vitamin-b3-brightening-serum\/","title":{"rendered":"Vitamin B3 Brightening Serum"},"content":{"rendered":"<p data-start=\"5032\" data-end=\"5314\"><strong>Vitamin B3 Brightening Serum nuo PCA<\/strong> SKIN yra \u0161viesinantis serumas, skirtas pigmentacijos korekcijai, tono suvienodinimui ir apsaugini\u0173 funkcij\u0173 stiprinimui. Formul\u0117 veikia melanogenez\u0117s procesus, pad\u0117dama suma\u017einti pigmentacijos matomum\u0105 ir atkurti tolygesn\u012f bei \u0161vytint\u012f atspalv\u012f.<\/p>\n<p data-start=\"5316\" data-end=\"5669\">Produktas taip pat blokuoja glikacijos procesus, kurie prisideda prie su am\u017eiumi susijusio pageltimo ir blankumo, tod\u0117l veido spalva tampa gaivesn\u0117 ir ry\u0161kesn\u0117. Aktyv\u016bs komponentai veikia \u0161velniai ir kompleksi\u0161kai, leid\u017eiant veikti pigmentacij\u0105 be dirginimo. Papildomai formul\u0117 ramina, ma\u017eina u\u017edegimines reakcijas ir palaiko epidermio barjero atk\u016brim\u0105.<\/p>\n<p data-start=\"5671\" data-end=\"5798\">Formul\u0117 tinkama visiems odos tipams, i\u0161skyrus jautri\u0105 od\u0105, ir gali b\u016bti naudojama jau atsiradus pirmiesiems sen\u0117jimo po\u017eymiams.<\/p>\n<p data-start=\"5800\" data-end=\"5833\"><strong>Pagrindini\u0173 ingredient\u0173 veikimas:<\/strong><\/p>\n<p data-start=\"5835\" data-end=\"5901\"><strong>\u2022 Niacinamide:<\/strong> suvienodina ton\u0105 ir ma\u017eina pigmentacijos matomum\u0105<\/p>\n<p data-start=\"5903\" data-end=\"5970\"><strong>\u2022 Oligopeptide-51:<\/strong> palaiko antioksidacin\u0119 apsaug\u0105 ir gerina b\u016bkl\u0119<\/p>\n<p data-start=\"5972\" data-end=\"6047\"><strong>\u2022 Camellia Sinensis Extract:<\/strong> pasi\u017eymi prie\u0161u\u017edegiminiu poveikiu ir ramina<\/p>\n<p data-start=\"6049\" data-end=\"6219\"><strong>Kam tinka Vitamin B3 Brightening Serum:<\/strong> odai su pigmentacija, netolygiu tonu, blankia i\u0161vaizda, pirmaisiais sen\u0117jimo po\u017eymiais ir pa\u017eeistu barjeru (i\u0161skyrus jautri\u0105 od\u0105).<\/p>\n<p data-start=\"6221\" data-end=\"6237\"><strong data-start=\"6221\" data-end=\"6231\">T\u016bris:<\/strong> 7,1 ml \/ 30 ml<\/p>\n","protected":false},"excerpt":{"rendered":"<p data-start=\"5230\" data-end=\"5250\">\u0160viesinantis serumas<\/p>\n<h2 data-start=\"5252\" data-end=\"5303\"><strong data-start=\"5252\" data-end=\"5303\">PCA SKIN &#8211; Vitamin B3 Brightening Serum Savyb\u0117s<\/strong><\/h2>\n<p data-start=\"1437\" data-end=\"1652\">\u2714\ufe0f \u0160viesina pigmentines d\u0117mes ir suvienodina odos ton\u0105<br data-start=\"1491\" data-end=\"1494\" \/>\u2714\ufe0f Ma\u017eina su am\u017eiumi susijus\u012f odos pageltim\u0105<br data-start=\"1538\" data-end=\"1541\" \/>\u2714\ufe0f Suteikia odai \u0161vyt\u0117jimo ir gaivumo<br data-start=\"1578\" data-end=\"1581\" \/>\u2714\ufe0f Stiprina odos apsaugines funkcijas<br data-start=\"1618\" data-end=\"1621\" \/>\u2714\ufe0f Ma\u017eina u\u017edegim\u0105 ir paraudim\u0105<\/p>\n","protected":false},"featured_media":64304,"template":"","meta":[],"pwb-brand":[1250],"product_brand":[],"product_cat":[738,746,752,740,750,724,748,754],"product_tag":[],"giftcard-category":[],"class_list":{"0":"post-79305","1":"product","2":"type-product","3":"status-publish","4":"has-post-thumbnail","6":"pwb-brand-pca-skin","7":"product_cat-drekinimas","8":"product_cat-jautriai-odai","9":"product_cat-pigmentacija-lt","10":"product_cat-sausai-odai","11":"product_cat-senstanti-oda","12":"product_cat-serumai","13":"product_cat-taukainai-adai-lt","14":"product_cat-travel-size-lt","15":"pa_suurus-30ml-lt","16":"pa_suurus-7-1ml","18":"first","19":"instock","20":"taxable","21":"shipping-taxable","22":"purchasable","23":"product-type-variable"},"acf":[],"brands":[{"id":1250,"name":"PCA Skin","slug":"pca-skin"}],"_links":{"self":[{"href":"https:\/\/skinstudio.ee\/lt\/wp-json\/wp\/v2\/product\/79305","targetHints":{"allow":["GET"]}}],"collection":[{"href":"https:\/\/skinstudio.ee\/lt\/wp-json\/wp\/v2\/product"}],"about":[{"href":"https:\/\/skinstudio.ee\/lt\/wp-json\/wp\/v2\/types\/product"}],"version-history":[{"count":4,"href":"https:\/\/skinstudio.ee\/lt\/wp-json\/wp\/v2\/product\/79305\/revisions"}],"predecessor-version":[{"id":86303,"href":"https:\/\/skinstudio.ee\/lt\/wp-json\/wp\/v2\/product\/79305\/revisions\/86303"}],"wp:featuredmedia":[{"embeddable":true,"href":"https:\/\/skinstudio.ee\/lt\/wp-json\/wp\/v2\/media\/64304"}],"wp:attachment":[{"href":"https:\/\/skinstudio.ee\/lt\/wp-json\/wp\/v2\/media?parent=79305"}],"wp:term":[{"taxonomy":"pwb-brand","embeddable":true,"href":"https:\/\/skinstudio.ee\/lt\/wp-json\/wp\/v2\/pwb-brand?post=79305"},{"taxonomy":"product_brand","embeddable":true,"href":"https:\/\/skinstudio.ee\/lt\/wp-json\/wp\/v2\/product_brand?post=79305"},{"taxonomy":"product_cat","embeddable":true,"href":"https:\/\/skinstudio.ee\/lt\/wp-json\/wp\/v2\/product_cat?post=79305"},{"taxonomy":"product_tag","embeddable":true,"href":"https:\/\/skinstudio.ee\/lt\/wp-json\/wp\/v2\/product_tag?post=79305"},{"taxonomy":"giftcard-category","embeddable":true,"href":"https:\/\/skinstudio.ee\/lt\/wp-json\/wp\/v2\/giftcard-category?post=79305"}],"curies":[{"name":"wp","href":"https:\/\/api.w.org\/{rel}","templated":true}]}}