{"id":79318,"date":"2023-05-24T17:56:15","date_gmt":"2023-05-24T17:56:15","guid":{"rendered":"https:\/\/skinstudio.ee\/?post_type=product&#038;p=79318"},"modified":"2026-02-13T15:28:54","modified_gmt":"2026-02-13T15:28:54","slug":"ideal-complex-revitalizing-eye-gel","status":"publish","type":"product","link":"https:\/\/skinstudio.ee\/lt\/catalog\/pca-skin\/ideal-complex-revitalizing-eye-gel\/","title":{"rendered":"Ideal Complex Revitalizing Eye Gel"},"content":{"rendered":"<p data-start=\"3984\" data-end=\"4255\"><strong data-start=\"3984\" data-end=\"4035\">Ideal Complex Revitalizing Eye Gel nuo PCA SKIN<\/strong> yra atkuriamasis paaki\u0173 gelis, skirtas ma\u017einti rauk\u0161li\u0173 matomum\u0105, didinti stangrum\u0105 ir atgaivinti jautri\u0105 aki\u0173 zon\u0105, \u012fskaitant vokus. Inovatyv\u016bs peptidai skatina kolageno sintez\u0119, tod\u0117l oda atrodo lygesn\u0117 ir stangresn\u0117.<\/p>\n<p data-start=\"4257\" data-end=\"4414\">Formul\u0117je esantys optiniai difuzoriai suteikia momentin\u012f \u0161viesinimo efekt\u0105 ir gaivesn\u0119 i\u0161vaizd\u0105. Lengva gelin\u0117 tekst\u016bra greitai \u012fsigeria ir neapsunkina odos.<\/p>\n<p data-start=\"4416\" data-end=\"4442\">Tinka visiems odos tipams.<\/p>\n<p data-start=\"4444\" data-end=\"4479\"><strong data-start=\"4444\" data-end=\"4479\">Aktyvi\u0173j\u0173 ingredient\u0173 poveikis:<\/strong><\/p>\n<ul data-start=\"4481\" data-end=\"4688\">\n<li data-start=\"4481\" data-end=\"4549\">\n<p data-start=\"4483\" data-end=\"4549\"><strong data-start=\"4483\" data-end=\"4503\">Peptide Complex:<\/strong> skatina kolageno gamyb\u0105 ir gerina stangrum\u0105<\/p>\n<\/li>\n<li data-start=\"4550\" data-end=\"4616\">\n<p data-start=\"4552\" data-end=\"4616\"><strong data-start=\"4552\" data-end=\"4568\">Niacinamide:<\/strong> suvienodina ton\u0105 ir ma\u017eina nuovargio po\u017eymius<\/p>\n<\/li>\n<li data-start=\"4617\" data-end=\"4688\">\n<p data-start=\"4619\" data-end=\"4688\"><strong data-start=\"4619\" data-end=\"4641\">Optical Diffusers:<\/strong> akimirksniu \u0161viesina ir glotnina paaki\u0173 zon\u0105<\/p>\n<\/li>\n<\/ul>\n<p data-start=\"4690\" data-end=\"4804\">Kam tinka Ideal Complex Revitalizing Eye Gel: rauk\u0161l\u0117ms, tamsiems ratilams, paburkimui ir elastingumo suma\u017e\u0117jimui.<\/p>\n<p data-start=\"4806\" data-end=\"4821\"><strong data-start=\"4806\" data-end=\"4816\">T\u016bris:<\/strong> 14 g<\/p>\n","protected":false},"excerpt":{"rendered":"<p data-start=\"4929\" data-end=\"4954\">Atkuriamasis paaki\u0173 gelis<\/p>\n<h2 data-start=\"4956\" data-end=\"5013\"><strong data-start=\"4956\" data-end=\"5013\">PCA SKIN &#8211; Ideal Complex Revitalizing Eye Gel Savyb\u0117s<\/strong><\/h2>\n<p>\u2714\ufe0f \u0160viesina tamsius ratilus ir suteikia gaivesn\u012f \u017evilgsn\u012f<br data-start=\"1574\" data-end=\"1577\" \/>\u2714\ufe0f Ma\u017eina paburkim\u0105 ir nuovargio po\u017eymius<br data-start=\"1618\" data-end=\"1621\" \/>\u2714\ufe0f Lygina rauk\u0161les ir didina odos tank\u012f<br data-start=\"1660\" data-end=\"1663\" \/>\u2714\ufe0f Stangrina vok\u0173 srit\u012f<br data-start=\"1686\" data-end=\"1689\" \/>\u2714\ufe0f Padaro paaki\u0173 od\u0105 lygesn\u0119 ir elastingesn\u0119<\/p>\n<p data-start=\"4956\" data-end=\"5013\">\n","protected":false},"featured_media":64309,"template":"","meta":[],"pwb-brand":[1250],"product_brand":[],"product_cat":[746,734,750,748],"product_tag":[],"giftcard-category":[],"class_list":{"0":"post-79318","1":"product","2":"type-product","3":"status-publish","4":"has-post-thumbnail","6":"pwb-brand-pca-skin","7":"product_cat-jautriai-odai","8":"product_cat-oda-aplink-akis","9":"product_cat-senstanti-oda","10":"product_cat-taukainai-adai-lt","12":"first","13":"instock","14":"taxable","15":"shipping-taxable","16":"purchasable","17":"product-type-simple"},"acf":[],"brands":[{"id":1250,"name":"PCA Skin","slug":"pca-skin"}],"_links":{"self":[{"href":"https:\/\/skinstudio.ee\/lt\/wp-json\/wp\/v2\/product\/79318","targetHints":{"allow":["GET"]}}],"collection":[{"href":"https:\/\/skinstudio.ee\/lt\/wp-json\/wp\/v2\/product"}],"about":[{"href":"https:\/\/skinstudio.ee\/lt\/wp-json\/wp\/v2\/types\/product"}],"version-history":[{"count":1,"href":"https:\/\/skinstudio.ee\/lt\/wp-json\/wp\/v2\/product\/79318\/revisions"}],"predecessor-version":[{"id":79322,"href":"https:\/\/skinstudio.ee\/lt\/wp-json\/wp\/v2\/product\/79318\/revisions\/79322"}],"wp:featuredmedia":[{"embeddable":true,"href":"https:\/\/skinstudio.ee\/lt\/wp-json\/wp\/v2\/media\/64309"}],"wp:attachment":[{"href":"https:\/\/skinstudio.ee\/lt\/wp-json\/wp\/v2\/media?parent=79318"}],"wp:term":[{"taxonomy":"pwb-brand","embeddable":true,"href":"https:\/\/skinstudio.ee\/lt\/wp-json\/wp\/v2\/pwb-brand?post=79318"},{"taxonomy":"product_brand","embeddable":true,"href":"https:\/\/skinstudio.ee\/lt\/wp-json\/wp\/v2\/product_brand?post=79318"},{"taxonomy":"product_cat","embeddable":true,"href":"https:\/\/skinstudio.ee\/lt\/wp-json\/wp\/v2\/product_cat?post=79318"},{"taxonomy":"product_tag","embeddable":true,"href":"https:\/\/skinstudio.ee\/lt\/wp-json\/wp\/v2\/product_tag?post=79318"},{"taxonomy":"giftcard-category","embeddable":true,"href":"https:\/\/skinstudio.ee\/lt\/wp-json\/wp\/v2\/giftcard-category?post=79318"}],"curies":[{"name":"wp","href":"https:\/\/api.w.org\/{rel}","templated":true}]}}