{"id":79329,"date":"2023-05-24T17:56:15","date_gmt":"2023-05-24T17:56:15","guid":{"rendered":"https:\/\/skinstudio.ee\/?post_type=product&#038;p=79329"},"modified":"2026-02-13T15:28:53","modified_gmt":"2026-02-13T15:28:53","slug":"hydrating-toner","status":"publish","type":"product","link":"https:\/\/skinstudio.ee\/lt\/catalog\/pca-skin\/hydrating-toner\/","title":{"rendered":"Hydrating Toner"},"content":{"rendered":"<p data-start=\"5089\" data-end=\"5348\"><strong data-start=\"5089\" data-end=\"5121\">Hydrating Toner nuo PCA SKIN<\/strong> yra dr\u0117kinamasis tonikas, kuris prisotina od\u0105 dr\u0117gme, ma\u017eina sausum\u0105 ir \u0161erpetojim\u0105 bei padeda atkurti komfort\u0105 po valymo. Formul\u0117 palaiko optimal\u0173 dr\u0117gm\u0117s lyg\u012f ir gerina bendr\u0105 odos b\u016bkl\u0119, suteikdama jai gaivumo ir \u0161vyt\u0117jimo.<\/p>\n<p data-start=\"5350\" data-end=\"5638\">Produktas ma\u017eina nie\u017e\u0117jim\u0105 ir paraudim\u0105, skatina odos atsistatym\u0105 ir palaiko balans\u0105. Reguliariai naudojant oda tampa lygesn\u0117, ma\u017e\u0117ja dehidratacijos po\u017eymiai, re\u010diau atsiranda b\u0117rimai ir rauk\u0161l\u0117s. Augalini\u0173 ekstrakt\u0173 kompleksas suteikia antioksidacin\u0119 apsaug\u0105 ir gerina dr\u0117gm\u0117s i\u0161laikym\u0105.<\/p>\n<p data-start=\"5640\" data-end=\"5680\">Tinka normaliai, sausai ir mi\u0161riai odai.<\/p>\n<p data-start=\"5682\" data-end=\"5717\"><strong data-start=\"5682\" data-end=\"5717\">Aktyvi\u0173j\u0173 ingredient\u0173 poveikis:<\/strong><\/p>\n<ul data-start=\"5719\" data-end=\"5988\">\n<li data-start=\"5719\" data-end=\"5826\">\n<p data-start=\"5721\" data-end=\"5826\"><strong data-start=\"5721\" data-end=\"5768\">Watermelon, Apple &amp; Lentil Extract Complex:<\/strong> saugo nuo laisv\u0173j\u0173 radikal\u0173 ir gerina dr\u0117gm\u0117s i\u0161laikym\u0105<\/p>\n<\/li>\n<li data-start=\"5827\" data-end=\"5903\">\n<p data-start=\"5829\" data-end=\"5903\"><strong data-start=\"5829\" data-end=\"5854\">Evening Primrose Oil:<\/strong> dr\u0117kina ir ramina sudirgim\u0105 neu\u017ekim\u0161damas por\u0173<\/p>\n<\/li>\n<li data-start=\"5904\" data-end=\"5988\">\n<p data-start=\"5906\" data-end=\"5988\"><strong data-start=\"5906\" data-end=\"5931\">Jania Rubens Extract:<\/strong> suteikia intensyv\u0173 dr\u0117kinim\u0105 ir antioksidacin\u0119 apsaug\u0105<\/p>\n<\/li>\n<\/ul>\n<p data-start=\"5990\" data-end=\"6110\">Kam tinka Hydrating Toner: normaliai, sausai ir mi\u0161riai odai, esant sausumui, \u0161erpetojimui, dehidratacijai ir blankumui.<\/p>\n<p data-start=\"6112\" data-end=\"6139\"><strong data-start=\"6112\" data-end=\"6122\">T\u016bris:<\/strong> 29,6 ml \/ 206 ml<\/p>\n","protected":false},"excerpt":{"rendered":"<p data-start=\"6367\" data-end=\"6387\">Dr\u0117kinamasis tonikas<\/p>\n<h2 data-start=\"6389\" data-end=\"6427\"><strong data-start=\"6389\" data-end=\"6427\">PCA SKIN &#8211; Hydrating Toner Savyb\u0117s<\/strong><\/h2>\n<p data-start=\"6429\" data-end=\"6616\">\u2714\ufe0f Intensyviai dr\u0117kina od\u0105<br data-start=\"6455\" data-end=\"6458\" \/>\u2714\ufe0f Ma\u017eina paraudim\u0105, sausum\u0105 ir \u0161erpetojim\u0105<br data-start=\"6501\" data-end=\"6504\" \/>\u2714\ufe0f Ma\u017eina nie\u017e\u0117jim\u0105 ir diskomfort\u0105<br data-start=\"6538\" data-end=\"6541\" \/>\u2714\ufe0f Suteikia gaivumo ir \u0161vyt\u0117jimo<br data-start=\"6573\" data-end=\"6576\" \/>\u2714\ufe0f Palaiko lygi\u0105 ir sveik\u0105 odos i\u0161vaizd\u0105<\/p>\n","protected":false},"featured_media":64284,"template":"","meta":[],"pwb-brand":[1250],"product_brand":[],"product_cat":[738,746,740,722,754],"product_tag":[],"giftcard-category":[],"class_list":{"0":"post-79329","1":"product","2":"type-product","3":"status-publish","4":"has-post-thumbnail","6":"pwb-brand-pca-skin","7":"product_cat-drekinimas","8":"product_cat-jautriai-odai","9":"product_cat-sausai-odai","10":"product_cat-toneriai","11":"product_cat-travel-size-lt","12":"pa_suurus-206ml-lt","13":"pa_suurus-29-6ml-lt","15":"first","16":"instock","17":"taxable","18":"shipping-taxable","19":"purchasable","20":"product-type-variable"},"acf":[],"brands":[{"id":1250,"name":"PCA Skin","slug":"pca-skin"}],"_links":{"self":[{"href":"https:\/\/skinstudio.ee\/lt\/wp-json\/wp\/v2\/product\/79329","targetHints":{"allow":["GET"]}}],"collection":[{"href":"https:\/\/skinstudio.ee\/lt\/wp-json\/wp\/v2\/product"}],"about":[{"href":"https:\/\/skinstudio.ee\/lt\/wp-json\/wp\/v2\/types\/product"}],"version-history":[{"count":1,"href":"https:\/\/skinstudio.ee\/lt\/wp-json\/wp\/v2\/product\/79329\/revisions"}],"predecessor-version":[{"id":79330,"href":"https:\/\/skinstudio.ee\/lt\/wp-json\/wp\/v2\/product\/79329\/revisions\/79330"}],"wp:featuredmedia":[{"embeddable":true,"href":"https:\/\/skinstudio.ee\/lt\/wp-json\/wp\/v2\/media\/64284"}],"wp:attachment":[{"href":"https:\/\/skinstudio.ee\/lt\/wp-json\/wp\/v2\/media?parent=79329"}],"wp:term":[{"taxonomy":"pwb-brand","embeddable":true,"href":"https:\/\/skinstudio.ee\/lt\/wp-json\/wp\/v2\/pwb-brand?post=79329"},{"taxonomy":"product_brand","embeddable":true,"href":"https:\/\/skinstudio.ee\/lt\/wp-json\/wp\/v2\/product_brand?post=79329"},{"taxonomy":"product_cat","embeddable":true,"href":"https:\/\/skinstudio.ee\/lt\/wp-json\/wp\/v2\/product_cat?post=79329"},{"taxonomy":"product_tag","embeddable":true,"href":"https:\/\/skinstudio.ee\/lt\/wp-json\/wp\/v2\/product_tag?post=79329"},{"taxonomy":"giftcard-category","embeddable":true,"href":"https:\/\/skinstudio.ee\/lt\/wp-json\/wp\/v2\/giftcard-category?post=79329"}],"curies":[{"name":"wp","href":"https:\/\/api.w.org\/{rel}","templated":true}]}}