{"id":79337,"date":"2023-05-24T17:56:15","date_gmt":"2023-05-24T17:56:15","guid":{"rendered":"https:\/\/skinstudio.ee\/?post_type=product&#038;p=79337"},"modified":"2026-03-16T14:38:04","modified_gmt":"2026-03-16T14:38:04","slug":"total-strength-serum","status":"publish","type":"product","link":"https:\/\/skinstudio.ee\/lt\/catalog\/pca-skin\/total-strength-serum\/","title":{"rendered":"Total Strength Serum"},"content":{"rendered":"<p data-start=\"4709\" data-end=\"4985\"><strong data-start=\"4709\" data-end=\"4746\">Total Strength Serum nuo PCA SKIN<\/strong> &#8211; sen\u0117jim\u0105 ma\u017einantis serumas, skirtas suma\u017einti esamus sen\u0117jimo po\u017eymius ir u\u017ekirsti keli\u0105 nauj\u0173 atsiradimui. Formul\u0117 \u0161viesina pigmentacij\u0105, gerina veido kont\u016brus ir ma\u017eina rauk\u0161li\u0173 intensyvum\u0105, u\u017etikrindama kompleksin\u012f odos atjauninim\u0105.<\/p>\n<p data-start=\"4987\" data-end=\"5240\">Serumas sukurtas naudojant atnaujint\u0105 formul\u0119 su naujos kartos peptid\u0173 ir epidermio augimo faktoriaus deriniu, kuris stiprina odos strukt\u016br\u0105 ir didina jos tank\u012f. Produktas gerina odos kokyb\u0119, palaiko stangrum\u0105 ir suteikia lygesn\u0119 bei tolygesn\u0119 tekst\u016br\u0105.<\/p>\n<p data-start=\"5242\" data-end=\"5288\"><strong data-start=\"5242\" data-end=\"5288\">Pagrindini\u0173 veikli\u0173j\u0173 komponent\u0173 poveikis:<\/strong><\/p>\n<ul data-start=\"5290\" data-end=\"5578\">\n<li data-start=\"5290\" data-end=\"5417\">\n<p data-start=\"5292\" data-end=\"5417\"><strong data-start=\"5292\" data-end=\"5320\">Palmitoyl Tripeptide-38:<\/strong> skatina pagrindini\u0173 odos matricos komponent\u0173 sintez\u0119, didina tank\u012f ir ma\u017eina rauk\u0161li\u0173 matomum\u0105<\/p>\n<\/li>\n<li data-start=\"5418\" data-end=\"5503\">\n<p data-start=\"5420\" data-end=\"5503\"><strong data-start=\"5420\" data-end=\"5448\">Epidermal Growth Factor:<\/strong> stiprina odos atsinaujinimo procesus ir regeneracij\u0105<\/p>\n<\/li>\n<li data-start=\"5504\" data-end=\"5578\">\n<p data-start=\"5506\" data-end=\"5578\"><strong data-start=\"5506\" data-end=\"5528\">Hialurono r\u016bg\u0161tis:<\/strong> intensyviai dr\u0117kina ir palaiko odos elastingum\u0105<\/p>\n<\/li>\n<\/ul>\n<p data-start=\"5580\" data-end=\"5735\">Kam tinka Total Strength Serum: moterims ir vyrams su bet kokio tipo oda esant sen\u0117jimo po\u017eymiams, elastingumo praradimui, nelygiai tekst\u016brai ir rauk\u0161l\u0117ms.<\/p>\n<p data-start=\"5737\" data-end=\"5753\"><strong data-start=\"5737\" data-end=\"5747\">T\u016bris:<\/strong> 5 ml \/ 30 ml<\/p>\n","protected":false},"excerpt":{"rendered":"<p data-start=\"5945\" data-end=\"6006\">Rauk\u0161les ma\u017einantis serumas su peptidais ir augimo faktoriais<\/p>\n<h2 data-start=\"6008\" data-end=\"6051\"><strong data-start=\"6008\" data-end=\"6051\">PCA SKIN &#8211; Total Strength Serum Savyb\u0117s<\/strong><\/h2>\n<p data-start=\"6053\" data-end=\"6231\">\u2714\ufe0f \u0160viesina pigmentacij\u0105 ir sulygina odos ton\u0105<br data-start=\"6099\" data-end=\"6102\" \/>\u2714\ufe0f Didina odos tank\u012f ir stangrum\u0105<br data-start=\"6135\" data-end=\"6138\" \/>\u2714\ufe0f Lygina ry\u0161kias rauk\u0161les<br data-start=\"6164\" data-end=\"6167\" \/>\u2714\ufe0f Gerina veido kont\u016brus<br data-start=\"6191\" data-end=\"6194\" \/>\u2714\ufe0f Atkuria ir stiprina odos strukt\u016br\u0105<\/p>\n","protected":false},"featured_media":79338,"template":"","meta":[],"pwb-brand":[1250],"product_brand":[],"product_cat":[742,738,744,752,740,750,724,748,754],"product_tag":[],"giftcard-category":[],"class_list":{"0":"post-79337","1":"product","2":"type-product","3":"status-publish","4":"has-post-thumbnail","6":"pwb-brand-pca-skin","7":"product_cat-berimai","8":"product_cat-drekinimas","9":"product_cat-issipletusios-poros","10":"product_cat-pigmentacija-lt","11":"product_cat-sausai-odai","12":"product_cat-senstanti-oda","13":"product_cat-serumai","14":"product_cat-taukainai-adai-lt","15":"product_cat-travel-size-lt","16":"pa_suurus-30ml-lt","17":"pa_suurus-5ml-lt","19":"first","20":"instock","21":"taxable","22":"shipping-taxable","23":"purchasable","24":"product-type-variable"},"acf":[],"brands":[{"id":1250,"name":"PCA Skin","slug":"pca-skin"}],"_links":{"self":[{"href":"https:\/\/skinstudio.ee\/lt\/wp-json\/wp\/v2\/product\/79337","targetHints":{"allow":["GET"]}}],"collection":[{"href":"https:\/\/skinstudio.ee\/lt\/wp-json\/wp\/v2\/product"}],"about":[{"href":"https:\/\/skinstudio.ee\/lt\/wp-json\/wp\/v2\/types\/product"}],"version-history":[{"count":3,"href":"https:\/\/skinstudio.ee\/lt\/wp-json\/wp\/v2\/product\/79337\/revisions"}],"predecessor-version":[{"id":86282,"href":"https:\/\/skinstudio.ee\/lt\/wp-json\/wp\/v2\/product\/79337\/revisions\/86282"}],"wp:featuredmedia":[{"embeddable":true,"href":"https:\/\/skinstudio.ee\/lt\/wp-json\/wp\/v2\/media\/79338"}],"wp:attachment":[{"href":"https:\/\/skinstudio.ee\/lt\/wp-json\/wp\/v2\/media?parent=79337"}],"wp:term":[{"taxonomy":"pwb-brand","embeddable":true,"href":"https:\/\/skinstudio.ee\/lt\/wp-json\/wp\/v2\/pwb-brand?post=79337"},{"taxonomy":"product_brand","embeddable":true,"href":"https:\/\/skinstudio.ee\/lt\/wp-json\/wp\/v2\/product_brand?post=79337"},{"taxonomy":"product_cat","embeddable":true,"href":"https:\/\/skinstudio.ee\/lt\/wp-json\/wp\/v2\/product_cat?post=79337"},{"taxonomy":"product_tag","embeddable":true,"href":"https:\/\/skinstudio.ee\/lt\/wp-json\/wp\/v2\/product_tag?post=79337"},{"taxonomy":"giftcard-category","embeddable":true,"href":"https:\/\/skinstudio.ee\/lt\/wp-json\/wp\/v2\/giftcard-category?post=79337"}],"curies":[{"name":"wp","href":"https:\/\/api.w.org\/{rel}","templated":true}]}}