{"id":79348,"date":"2023-05-24T17:56:15","date_gmt":"2023-05-24T17:56:15","guid":{"rendered":"https:\/\/skinstudio.ee\/?post_type=product&#038;p=79348"},"modified":"2026-02-13T15:28:58","modified_gmt":"2026-02-13T15:28:58","slug":"retinol-treatment-for-sensitive-skin","status":"publish","type":"product","link":"https:\/\/skinstudio.ee\/lt\/catalog\/pca-skin\/retinol-treatment-for-sensitive-skin\/","title":{"rendered":"Retinol Treatment for Sensitive Skin"},"content":{"rendered":"<p data-start=\"5838\" data-end=\"6143\"><strong data-start=\"5838\" data-end=\"5891\">Retinol Treatment for Sensitive Skin nuo PCA SKIN<\/strong> &#8211; naktinis retinolio serumas jautriai odai, kuris stimuliuoja nat\u016bral\u0173 odos atsinaujinim\u0105, didina kolageno sintez\u0119 ir suvienodina odos ton\u0105. Formul\u0117 skirta ma\u017einti sen\u0117jimo po\u017eymius, gerinti odos tekst\u016br\u0105 ir ma\u017einti u\u017edegimines reakcijas be dirginimo.<\/p>\n<p data-start=\"6145\" data-end=\"6409\">Serumas sujungia aktyv\u0173 retinolio poveik\u012f su raminan\u010diais komponentais, tod\u0117l suteikia sen\u0117jim\u0105 ma\u017einant\u012f efekt\u0105 be ry\u0161kaus diskomforto. Produktas skatina odos atsinaujinim\u0105, didina odos tank\u012f ir ma\u017eina tono netolygumus, i\u0161laikydamas lygesn\u0119 ir sveikesn\u0119 tekst\u016br\u0105.<\/p>\n<p data-start=\"6411\" data-end=\"6457\"><strong data-start=\"6411\" data-end=\"6457\">Pagrindini\u0173 veikli\u0173j\u0173 komponent\u0173 poveikis:<\/strong><\/p>\n<ul data-start=\"6459\" data-end=\"6747\">\n<li data-start=\"6459\" data-end=\"6572\">\n<p data-start=\"6461\" data-end=\"6572\"><strong data-start=\"6461\" data-end=\"6487\">Retinol (Vitaminas A):<\/strong> skatina l\u0105steli\u0173 atsinaujinim\u0105, didina kolageno sintez\u0119 ir ma\u017eina odos netobulumus<\/p>\n<\/li>\n<li data-start=\"6573\" data-end=\"6651\">\n<p data-start=\"6575\" data-end=\"6651\"><strong data-start=\"6575\" data-end=\"6595\">Hexylresorcinol:<\/strong> suvienodina odos ton\u0105 ir ma\u017eina u\u017edegiminius procesus<\/p>\n<\/li>\n<li data-start=\"6652\" data-end=\"6747\">\n<p data-start=\"6654\" data-end=\"6747\"><strong data-start=\"6654\" data-end=\"6670\">Niacinamide:<\/strong> stiprina odos barjer\u0105, ma\u017eina paraudim\u0105 ir suteikia antioksidacin\u0119 apsaug\u0105<\/p>\n<\/li>\n<\/ul>\n<p data-start=\"6749\" data-end=\"6930\">Kam tinka Retinol Treatment for Sensitive Skin: moterims ir vyrams su bet kokio tipo oda esant sen\u0117jimo po\u017eymiams, netolygiam tonui, polinkiui \u012f u\u017edegimus ir padid\u0117jusiam jautrumui.<\/p>\n<p data-start=\"6932\" data-end=\"6947\"><strong data-start=\"6932\" data-end=\"6942\">T\u016bris:<\/strong> 30 g<\/p>\n","protected":false},"excerpt":{"rendered":"<p data-start=\"7346\" data-end=\"7392\">Atjauninantis vitamino A serumas jautriai odai<\/p>\n<h2 data-start=\"7394\" data-end=\"7453\"><strong data-start=\"7394\" data-end=\"7453\">PCA SKIN &#8211; Retinol Treatment for Sensitive Skin Savyb\u0117s<\/strong><\/h2>\n<p data-start=\"7455\" data-end=\"7694\">\u2714\ufe0f Stimuliuoja odos atsinaujinim\u0105 ir spartina l\u0105steli\u0173 turnover<br data-start=\"7518\" data-end=\"7521\" \/>\u2714\ufe0f Didina kolageno sintez\u0119 ir odos tank\u012f<br data-start=\"7561\" data-end=\"7564\" \/>\u2714\ufe0f Suvienodina odos ton\u0105 ir gerina tekst\u016br\u0105<br data-start=\"7607\" data-end=\"7610\" \/>\u2714\ufe0f Ma\u017eina u\u017edegim\u0105 ir paraudim\u0105<br data-start=\"7641\" data-end=\"7644\" \/>\u2714\ufe0f Suteikia sen\u0117jim\u0105 ma\u017einant\u012f efekt\u0105 be dirginimo<\/p>\n","protected":false},"featured_media":64289,"template":"","meta":[],"pwb-brand":[1250],"product_brand":[],"product_cat":[742,746,752,724,728],"product_tag":[],"giftcard-category":[],"class_list":{"0":"post-79348","1":"product","2":"type-product","3":"status-publish","4":"has-post-thumbnail","6":"pwb-brand-pca-skin","7":"product_cat-berimai","8":"product_cat-jautriai-odai","9":"product_cat-pigmentacija-lt","10":"product_cat-serumai","11":"product_cat-vitaminas-a-retinolis","13":"first","14":"instock","15":"taxable","16":"shipping-taxable","17":"purchasable","18":"product-type-simple"},"acf":[],"brands":[{"id":1250,"name":"PCA Skin","slug":"pca-skin"}],"_links":{"self":[{"href":"https:\/\/skinstudio.ee\/lt\/wp-json\/wp\/v2\/product\/79348","targetHints":{"allow":["GET"]}}],"collection":[{"href":"https:\/\/skinstudio.ee\/lt\/wp-json\/wp\/v2\/product"}],"about":[{"href":"https:\/\/skinstudio.ee\/lt\/wp-json\/wp\/v2\/types\/product"}],"version-history":[{"count":2,"href":"https:\/\/skinstudio.ee\/lt\/wp-json\/wp\/v2\/product\/79348\/revisions"}],"predecessor-version":[{"id":79359,"href":"https:\/\/skinstudio.ee\/lt\/wp-json\/wp\/v2\/product\/79348\/revisions\/79359"}],"wp:featuredmedia":[{"embeddable":true,"href":"https:\/\/skinstudio.ee\/lt\/wp-json\/wp\/v2\/media\/64289"}],"wp:attachment":[{"href":"https:\/\/skinstudio.ee\/lt\/wp-json\/wp\/v2\/media?parent=79348"}],"wp:term":[{"taxonomy":"pwb-brand","embeddable":true,"href":"https:\/\/skinstudio.ee\/lt\/wp-json\/wp\/v2\/pwb-brand?post=79348"},{"taxonomy":"product_brand","embeddable":true,"href":"https:\/\/skinstudio.ee\/lt\/wp-json\/wp\/v2\/product_brand?post=79348"},{"taxonomy":"product_cat","embeddable":true,"href":"https:\/\/skinstudio.ee\/lt\/wp-json\/wp\/v2\/product_cat?post=79348"},{"taxonomy":"product_tag","embeddable":true,"href":"https:\/\/skinstudio.ee\/lt\/wp-json\/wp\/v2\/product_tag?post=79348"},{"taxonomy":"giftcard-category","embeddable":true,"href":"https:\/\/skinstudio.ee\/lt\/wp-json\/wp\/v2\/giftcard-category?post=79348"}],"curies":[{"name":"wp","href":"https:\/\/api.w.org\/{rel}","templated":true}]}}