{"id":79377,"date":"2023-05-24T17:56:15","date_gmt":"2023-05-24T17:56:15","guid":{"rendered":"https:\/\/skinstudio.ee\/?post_type=product&#038;p=79377"},"modified":"2026-02-13T15:28:57","modified_gmt":"2026-02-13T15:28:57","slug":"rejuvenating-serum","status":"publish","type":"product","link":"https:\/\/skinstudio.ee\/lt\/catalog\/pca-skin\/rejuvenating-serum\/","title":{"rendered":"Rejuvenating Serum"},"content":{"rendered":"<p data-start=\"5584\" data-end=\"5883\"><strong data-start=\"5584\" data-end=\"5619\">Rejuvenating Serum nuo PCA SKIN<\/strong> &#8211; atjauninantis serumas, skirtas ma\u017einti oksidacinio streso poveik\u012f, apsaugoti kolageno ir elastino skaidulas bei palaikyti jaunatvi\u0161k\u0105 ir sveik\u0105 odos b\u016bkl\u0119. Formul\u0117 stiprina odos apsaugines funkcijas, didina odos tank\u012f ir suteikia lygesn\u0119 bei tolygesn\u0119 tekst\u016br\u0105.<\/p>\n<p data-start=\"5885\" data-end=\"6113\">Serumas sujungia antioksidacin\u0119 apsaug\u0105 su aktyviu odos atstatymu, padeda ma\u017einti mimikos linijas ir didina odos atsparum\u0105 i\u0161oriniams stresoriams. Aktyvi\u0173 komponent\u0173 kompleksas stiprina odos strukt\u016br\u0105 ir gerina bendr\u0105 jos b\u016bkl\u0119.<\/p>\n<p data-start=\"6115\" data-end=\"6161\"><strong data-start=\"6115\" data-end=\"6161\">Pagrindini\u0173 veikli\u0173j\u0173 komponent\u0173 poveikis:<\/strong><\/p>\n<ul data-start=\"6163\" data-end=\"6454\">\n<li data-start=\"6163\" data-end=\"6244\">\n<p data-start=\"6165\" data-end=\"6244\"><strong data-start=\"6165\" data-end=\"6199\">Epidermal Growth Factor (EGF):<\/strong> ma\u017eina mimikos linij\u0173 ir rauk\u0161li\u0173 matomum\u0105<\/p>\n<\/li>\n<li data-start=\"6245\" data-end=\"6392\">\n<p data-start=\"6247\" data-end=\"6392\"><strong data-start=\"6247\" data-end=\"6313\">Grapefruit Stem Cell Extract + Lilac Stem Cell Extract + EGCG:<\/strong> suteikia stipri\u0105 antioksidacin\u0119 apsaug\u0105 ir saugo odos l\u0105steles nuo pa\u017eeidim\u0173<\/p>\n<\/li>\n<li data-start=\"6393\" data-end=\"6454\">\n<p data-start=\"6395\" data-end=\"6454\"><strong data-start=\"6395\" data-end=\"6409\">Bisabolol:<\/strong> ramina od\u0105 ir ma\u017eina u\u017edegimines reakcijas<\/p>\n<\/li>\n<\/ul>\n<p data-start=\"6456\" data-end=\"6677\">Kam tinka Rejuvenating Serum: moterims ir vyrams su bet kokio tipo oda bet kuriame am\u017eiuje profilaktinei sen\u0117jim\u0105 ma\u017einan\u010diai prie\u017ei\u016brai esant oksidaciniam stresui, odos tankio ma\u017e\u0117jimui ir pirmiesiems sen\u0117jimo po\u017eymiams.<\/p>\n<p data-start=\"6679\" data-end=\"6695\"><strong data-start=\"6679\" data-end=\"6689\">T\u016bris:<\/strong> 30 ml<\/p>\n","protected":false},"excerpt":{"rendered":"<p data-start=\"6934\" data-end=\"6955\">Atjauninantis serumas<\/p>\n<h2 data-start=\"6957\" data-end=\"6998\"><strong data-start=\"6957\" data-end=\"6998\">PCA SKIN &#8211; Rejuvenating Serum Savyb\u0117s<\/strong><\/h2>\n<p data-start=\"7000\" data-end=\"7186\">\u2714\ufe0f Ma\u017eina oksidacinio streso poveik\u012f<br data-start=\"7036\" data-end=\"7039\" \/>\u2714\ufe0f Saugo kolageno ir elastino skaidulas<br data-start=\"7078\" data-end=\"7081\" \/>\u2714\ufe0f Didina odos elastingum\u0105 ir tank\u012f<br data-start=\"7116\" data-end=\"7119\" \/>\u2714\ufe0f Lygina mimikos linijas<br data-start=\"7144\" data-end=\"7147\" \/>\u2714\ufe0f Stiprina odos antioksidacin\u0119 apsaug\u0105<\/p>\n","protected":false},"featured_media":64294,"template":"","meta":[],"pwb-brand":[1250],"product_brand":[],"product_cat":[738,746,740,750,724,748],"product_tag":[],"giftcard-category":[],"class_list":{"0":"post-79377","1":"product","2":"type-product","3":"status-publish","4":"has-post-thumbnail","6":"pwb-brand-pca-skin","7":"product_cat-drekinimas","8":"product_cat-jautriai-odai","9":"product_cat-sausai-odai","10":"product_cat-senstanti-oda","11":"product_cat-serumai","12":"product_cat-taukainai-adai-lt","14":"first","15":"instock","16":"taxable","17":"shipping-taxable","18":"purchasable","19":"product-type-simple"},"acf":[],"brands":[{"id":1250,"name":"PCA Skin","slug":"pca-skin"}],"_links":{"self":[{"href":"https:\/\/skinstudio.ee\/lt\/wp-json\/wp\/v2\/product\/79377","targetHints":{"allow":["GET"]}}],"collection":[{"href":"https:\/\/skinstudio.ee\/lt\/wp-json\/wp\/v2\/product"}],"about":[{"href":"https:\/\/skinstudio.ee\/lt\/wp-json\/wp\/v2\/types\/product"}],"version-history":[{"count":1,"href":"https:\/\/skinstudio.ee\/lt\/wp-json\/wp\/v2\/product\/79377\/revisions"}],"predecessor-version":[{"id":79378,"href":"https:\/\/skinstudio.ee\/lt\/wp-json\/wp\/v2\/product\/79377\/revisions\/79378"}],"wp:featuredmedia":[{"embeddable":true,"href":"https:\/\/skinstudio.ee\/lt\/wp-json\/wp\/v2\/media\/64294"}],"wp:attachment":[{"href":"https:\/\/skinstudio.ee\/lt\/wp-json\/wp\/v2\/media?parent=79377"}],"wp:term":[{"taxonomy":"pwb-brand","embeddable":true,"href":"https:\/\/skinstudio.ee\/lt\/wp-json\/wp\/v2\/pwb-brand?post=79377"},{"taxonomy":"product_brand","embeddable":true,"href":"https:\/\/skinstudio.ee\/lt\/wp-json\/wp\/v2\/product_brand?post=79377"},{"taxonomy":"product_cat","embeddable":true,"href":"https:\/\/skinstudio.ee\/lt\/wp-json\/wp\/v2\/product_cat?post=79377"},{"taxonomy":"product_tag","embeddable":true,"href":"https:\/\/skinstudio.ee\/lt\/wp-json\/wp\/v2\/product_tag?post=79377"},{"taxonomy":"giftcard-category","embeddable":true,"href":"https:\/\/skinstudio.ee\/lt\/wp-json\/wp\/v2\/giftcard-category?post=79377"}],"curies":[{"name":"wp","href":"https:\/\/api.w.org\/{rel}","templated":true}]}}