{"id":79388,"date":"2023-05-24T17:56:15","date_gmt":"2023-05-24T17:56:15","guid":{"rendered":"https:\/\/skinstudio.ee\/?post_type=product&#038;p=79388"},"modified":"2026-02-13T15:28:44","modified_gmt":"2026-02-13T15:28:44","slug":"acne-gel","status":"publish","type":"product","link":"https:\/\/skinstudio.ee\/lt\/catalog\/pca-skin\/acne-gel\/","title":{"rendered":"Acne Gel"},"content":{"rendered":"<p data-start=\"3517\" data-end=\"3841\"><strong data-start=\"3517\" data-end=\"3542\">Acne Gel nuo PCA SKIN<\/strong> &#8211; gelis probleminei odai, skirtas sausinti b\u0117rimus, spartinti j\u0173 gijim\u0105, ma\u017einti u\u017edegiminius procesus ir normalizuoti odos b\u016bkl\u0119 esant aknei. Formul\u0117 sujungia keratolitin\u012f ir prie\u0161u\u017edegimin\u012f poveik\u012f, padeda valyti poras, ma\u017einti u\u017edegim\u0173 intensyvum\u0105 ir u\u017ekirsti keli\u0105 nauj\u0173 netobulum\u0173 atsiradimui.<\/p>\n<p data-start=\"3843\" data-end=\"4085\">Gelis \u0161velniai \u0161alina surag\u0117jusias l\u0105steles, gerina odos tekst\u016br\u0105 ir padeda suma\u017einti postakn\u0117s \u017eymi\u0173 matomum\u0105. Reguliarus naudojimas spartina odos atsinaujinim\u0105, ma\u017eina riebal\u0173 pertekli\u0173 ir padeda pasiekti \u0161varesn\u0119 bei labiau pri\u017ei\u016br\u0117t\u0105 od\u0105.<\/p>\n<p data-start=\"4087\" data-end=\"4133\"><strong data-start=\"4087\" data-end=\"4133\">Pagrindini\u0173 veikli\u0173j\u0173 komponent\u0173 poveikis:<\/strong><\/p>\n<ul data-start=\"4135\" data-end=\"4407\">\n<li data-start=\"4135\" data-end=\"4223\">\n<p data-start=\"4137\" data-end=\"4223\"><strong data-start=\"4137\" data-end=\"4161\">Salicylic Acid (2%):<\/strong> valo poras, \u0161alina surag\u0117jusias l\u0105steles ir ma\u017eina u\u017edegim\u0105<\/p>\n<\/li>\n<li data-start=\"4224\" data-end=\"4296\">\n<p data-start=\"4226\" data-end=\"4296\"><strong data-start=\"4226\" data-end=\"4243\">Azelaic Acid:<\/strong> suvienodina odos ton\u0105 ir ma\u017eina postakn\u0117s matomum\u0105<\/p>\n<\/li>\n<li data-start=\"4297\" data-end=\"4407\">\n<p data-start=\"4299\" data-end=\"4407\"><strong data-start=\"4299\" data-end=\"4343\">Augalinis sebumo reguliavimo kompleksas:<\/strong> ma\u017eina perteklin\u012f riebal\u0173 i\u0161siskyrim\u0105 ir palaiko odos balans\u0105<\/p>\n<\/li>\n<\/ul>\n<p data-start=\"4409\" data-end=\"4567\">Kam tinka Acne Gel: riebiai ir probleminei odai esant aknei, u\u017edegiminiams elementams, i\u0161sipl\u0117tusioms poroms ir polinkiui \u012f b\u0117rimus; tinka moterims ir vyrams.<\/p>\n<p data-start=\"4569\" data-end=\"4585\"><strong data-start=\"4569\" data-end=\"4579\">T\u016bris:<\/strong> 30 ml<\/p>\n","protected":false},"excerpt":{"rendered":"<p data-start=\"4923\" data-end=\"4945\">Gelis probleminei odai<\/p>\n<h2 data-start=\"4947\" data-end=\"4978\"><strong data-start=\"4947\" data-end=\"4978\">PCA SKIN &#8211; Acne Gel Savyb\u0117s<\/strong><\/h2>\n<p data-start=\"4980\" data-end=\"5169\">\u2714\ufe0f Intensyviai valo poras ir ma\u017eina u\u017edegim\u0105<br data-start=\"5024\" data-end=\"5027\" \/>\u2714\ufe0f \u0160alina surag\u0117jusias odos l\u0105steles<br data-start=\"5063\" data-end=\"5066\" \/>\u2714\ufe0f Spartina b\u0117rim\u0173 gijim\u0105<br data-start=\"5091\" data-end=\"5094\" \/>\u2714\ufe0f Ma\u017eina riebal\u0173 pertekli\u0173 ir blizges\u012f<br data-start=\"5133\" data-end=\"5136\" \/>\u2714\ufe0f Padeda ma\u017einti postakn\u0117s \u017eymes<\/p>\n","protected":false},"featured_media":64299,"template":"","meta":[],"pwb-brand":[1250],"product_brand":[],"product_cat":[742,744,724,748],"product_tag":[],"giftcard-category":[],"class_list":{"0":"post-79388","1":"product","2":"type-product","3":"status-publish","4":"has-post-thumbnail","6":"pwb-brand-pca-skin","7":"product_cat-berimai","8":"product_cat-issipletusios-poros","9":"product_cat-serumai","10":"product_cat-taukainai-adai-lt","12":"first","13":"instock","14":"taxable","15":"shipping-taxable","16":"purchasable","17":"product-type-simple"},"acf":[],"brands":[{"id":1250,"name":"PCA Skin","slug":"pca-skin"}],"_links":{"self":[{"href":"https:\/\/skinstudio.ee\/lt\/wp-json\/wp\/v2\/product\/79388","targetHints":{"allow":["GET"]}}],"collection":[{"href":"https:\/\/skinstudio.ee\/lt\/wp-json\/wp\/v2\/product"}],"about":[{"href":"https:\/\/skinstudio.ee\/lt\/wp-json\/wp\/v2\/types\/product"}],"version-history":[{"count":1,"href":"https:\/\/skinstudio.ee\/lt\/wp-json\/wp\/v2\/product\/79388\/revisions"}],"predecessor-version":[{"id":79393,"href":"https:\/\/skinstudio.ee\/lt\/wp-json\/wp\/v2\/product\/79388\/revisions\/79393"}],"wp:featuredmedia":[{"embeddable":true,"href":"https:\/\/skinstudio.ee\/lt\/wp-json\/wp\/v2\/media\/64299"}],"wp:attachment":[{"href":"https:\/\/skinstudio.ee\/lt\/wp-json\/wp\/v2\/media?parent=79388"}],"wp:term":[{"taxonomy":"pwb-brand","embeddable":true,"href":"https:\/\/skinstudio.ee\/lt\/wp-json\/wp\/v2\/pwb-brand?post=79388"},{"taxonomy":"product_brand","embeddable":true,"href":"https:\/\/skinstudio.ee\/lt\/wp-json\/wp\/v2\/product_brand?post=79388"},{"taxonomy":"product_cat","embeddable":true,"href":"https:\/\/skinstudio.ee\/lt\/wp-json\/wp\/v2\/product_cat?post=79388"},{"taxonomy":"product_tag","embeddable":true,"href":"https:\/\/skinstudio.ee\/lt\/wp-json\/wp\/v2\/product_tag?post=79388"},{"taxonomy":"giftcard-category","embeddable":true,"href":"https:\/\/skinstudio.ee\/lt\/wp-json\/wp\/v2\/giftcard-category?post=79388"}],"curies":[{"name":"wp","href":"https:\/\/api.w.org\/{rel}","templated":true}]}}